{"id":19898,"date":"2026-03-23T08:46:16","date_gmt":"2026-03-23T07:46:16","guid":{"rendered":"https:\/\/www.elebe.at\/our-story-more-than-spanish\/"},"modified":"2026-04-12T17:28:13","modified_gmt":"2026-04-12T15:28:13","slug":"our-story-more-than-spanish","status":"publish","type":"page","link":"https:\/\/www.elebe.at\/en\/our-story-more-than-spanish\/","title":{"rendered":"Our story: more than Spanish"},"content":{"rendered":"\n<div class=\"wp-block-group alignfull has-pale-pink-background-color has-background has-global-padding is-layout-constrained wp-block-group-is-layout-constrained\">\n<h1 class=\"wp-block-heading\">Our story<\/h1>\n\n\n\n<p class=\"has-medium-font-size\" style=\"margin-top:0;margin-bottom:0\"><i>More than Spanish<\/i><\/p>\n\n\n\n<div class=\"wp-block-group is-layout-grid wp-container-core-group-is-layout-c430a53c wp-block-group-is-layout-grid\">\n<div class=\"wp-block-group has-global-padding is-layout-constrained wp-block-group-is-layout-constrained\">\n<div class=\"wp-block-group is-nowrap is-layout-flex wp-container-core-group-is-layout-6c531013 wp-block-group-is-layout-flex\">\n<figure class=\"wp-block-image size-full is-resized is-style-lined\"><img loading=\"lazy\" decoding=\"async\" width=\"640\" height=\"640\" src=\"https:\/\/www.elebe.at\/wp-content\/uploads\/estefania-foto-2022.jpg\" alt=\"Estefan&#xED;a\" class=\"wp-image-9419\" style=\"width:auto;height:150px\" srcset=\"https:\/\/www.elebe.at\/wp-content\/uploads\/estefania-foto-2022.jpg 640w, https:\/\/www.elebe.at\/wp-content\/uploads\/estefania-foto-2022-300x300.jpg 300w, https:\/\/www.elebe.at\/wp-content\/uploads\/estefania-foto-2022-250x250.jpg 250w, https:\/\/www.elebe.at\/wp-content\/uploads\/estefania-foto-2022-600x600.jpg 600w, https:\/\/www.elebe.at\/wp-content\/uploads\/estefania-foto-2022-100x100.jpg 100w\" sizes=\"auto, (max-width: 640px) 100vw, 640px\" \/><\/figure>\n<\/div>\n\n\n\n<p style=\"border-left-color:var(--wp--preset--color--dark-coral);border-left-width:1px;padding-left:var(--wp--preset--spacing--20)\">elebe was founded in 2011 by Estefan\u00eda L\u00f3pez Ballb\u00e9 with a clear vision: learning Spanish should be much more than memorizing words and grammar. From the very beginning, our goal has been to connect people through language, while also bringing closer the cultures, traditions, and flavors of Spain and Latin America.<\/p>\n<\/div>\n\n\n\n<div class=\"wp-block-group has-global-padding is-layout-constrained wp-block-group-is-layout-constrained\">\n<figure class=\"wp-block-image size-full is-resized\"><img decoding=\"async\" src=\"https:\/\/www.elebe.at\/wp-content\/uploads\/globo-6.svg\" alt=\"\" class=\"wp-image-19632\" style=\"width:auto;height:150px\"\/><\/figure>\n\n\n\n<p style=\"border-left-color:var(--wp--preset--color--dark-coral);border-left-width:1px;padding-left:var(--wp--preset--spacing--20)\"><span style=\"font-weight: 400;\">Recognized by the Austrian Federal Ministry of Social Affairs, Health, Care and Consumer Protection as an adult education institution, our international team works under the motto <\/span><b>\u201cLanguage connects\u201d<\/b><span style=\"font-weight: 400;\">, a philosophy that guides every class and learning experience.<\/span><\/p>\n<\/div>\n\n\n\n<div class=\"wp-block-group has-global-padding is-layout-constrained wp-block-group-is-layout-constrained\">\n<div class=\"wp-block-group is-nowrap is-layout-flex wp-container-core-group-is-layout-6c531013 wp-block-group-is-layout-flex\">\n<figure class=\"wp-block-image size-thumbnail is-resized is-style-lined\"><img loading=\"lazy\" decoding=\"async\" width=\"250\" height=\"250\" src=\"https:\/\/www.elebe.at\/wp-content\/uploads\/\/happy-man-visiting-plaza-mayor-in-madrid-spain-2026-01-08-22-21-13-utc-250x250.jpg\" alt=\"\" class=\"wp-image-19691\" style=\"width:auto;height:150px\" srcset=\"https:\/\/www.elebe.at\/wp-content\/uploads\/happy-man-visiting-plaza-mayor-in-madrid-spain-2026-01-08-22-21-13-utc-250x250.jpg 250w, https:\/\/www.elebe.at\/wp-content\/uploads\/happy-man-visiting-plaza-mayor-in-madrid-spain-2026-01-08-22-21-13-utc-300x300.jpg 300w, https:\/\/www.elebe.at\/wp-content\/uploads\/happy-man-visiting-plaza-mayor-in-madrid-spain-2026-01-08-22-21-13-utc-100x100.jpg 100w\" sizes=\"auto, (max-width: 250px) 100vw, 250px\" \/><\/figure>\n<\/div>\n\n\n\n<p style=\"border-left-color:var(--wp--preset--color--dark-coral);border-left-width:1px;padding-left:var(--wp--preset--spacing--20)\">Over time, we realized something essential: learning a language is not just studying; it\u2019s a tool for traveling, working, and building relationships in an interconnected world. Today, elebe connects its students with the 21 Spanish-speaking countries and more than 500 million native speakers, offering an authentic, dynamic, and personalized learning experience.<\/p>\n<\/div>\n\n\n\n<div class=\"wp-block-group has-global-padding is-layout-constrained wp-block-group-is-layout-constrained\">\n<div class=\"wp-block-group is-nowrap is-layout-flex wp-container-core-group-is-layout-6c531013 wp-block-group-is-layout-flex\">\n<figure class=\"wp-block-image size-thumbnail is-resized is-style-lined\"><img loading=\"lazy\" decoding=\"async\" width=\"250\" height=\"250\" src=\"https:\/\/www.elebe.at\/wp-content\/uploads\/\/personas-grupo-amigos-250x250.jpg\" alt=\"\" class=\"wp-image-19673\" style=\"width:auto;height:150px\" srcset=\"https:\/\/www.elebe.at\/wp-content\/uploads\/personas-grupo-amigos-250x250.jpg 250w, https:\/\/www.elebe.at\/wp-content\/uploads\/personas-grupo-amigos-300x300.jpg 300w, https:\/\/www.elebe.at\/wp-content\/uploads\/personas-grupo-amigos-768x768.jpg 768w, https:\/\/www.elebe.at\/wp-content\/uploads\/personas-grupo-amigos-600x600.jpg 600w, https:\/\/www.elebe.at\/wp-content\/uploads\/personas-grupo-amigos-100x100.jpg 100w, https:\/\/www.elebe.at\/wp-content\/uploads\/personas-grupo-amigos.jpg 1024w\" sizes=\"auto, (max-width: 250px) 100vw, 250px\" \/><\/figure>\n<\/div>\n\n\n\n<p style=\"border-left-color:var(--wp--preset--color--dark-coral);border-left-width:1px;padding-left:var(--wp--preset--spacing--20)\"><span style=\"font-weight: 400;\">Our strength lies in the diversity of our teaching team, made up of professionals from different Spanish-speaking regions with a high academic background. Thanks to them, our students don\u2019t just learn Spanish, they live it, feel it, and experience it.<\/span><\/p>\n<\/div>\n<\/div>\n\n\n\n<p><\/p>\n<\/div>\n\n<div class=\"wp-block-cover alignfull\"><img loading=\"lazy\" decoding=\"async\" width=\"1349\" height=\"850\" class=\"wp-block-cover__image-background wp-image-18756 size-full\" alt=\"Raum 1 - Tag der offenen T\u00fcr\" src=\"https:\/\/www.elebe.at\/wp-content\/uploads\/elebe-Aula-1-gente.jpg\" data-object-fit=\"cover\" srcset=\"https:\/\/www.elebe.at\/wp-content\/uploads\/elebe-Aula-1-gente.jpg 1349w, https:\/\/www.elebe.at\/wp-content\/uploads\/elebe-Aula-1-gente-400x252.jpg 400w, https:\/\/www.elebe.at\/wp-content\/uploads\/elebe-Aula-1-gente-768x484.jpg 768w, https:\/\/www.elebe.at\/wp-content\/uploads\/elebe-Aula-1-gente-600x378.jpg 600w\" sizes=\"auto, (max-width: 1349px) 100vw, 1349px\" \/><span aria-hidden=\"true\" class=\"wp-block-cover__background has-dark-blue-background-color has-background-dim-70 has-background-dim\"><\/span><div class=\"wp-block-cover__inner-container has-global-padding is-layout-constrained wp-block-cover-is-layout-constrained\">\n<p class=\"has-text-align-center has-large-font-size\">At elebe, learning Spanish goes beyond language: it\u2019s culture, emotion, and human connection.<\/p>\n<\/div><\/div>\n\n<p><\/p>\n","protected":false},"excerpt":{"rendered":"<p>Our story More than Spanish elebe was founded in 2011 by Estefan\u00eda L\u00f3pez Ballb\u00e9 with a clear vision: [&#8230;]<\/p>\n<p><a class=\"read-more-arrow\" href=\"https:\/\/www.elebe.at\/en\/our-story-more-than-spanish\/\"><svg width=\"106\" height=\"31\" id=\"Capa_2\" xmlns=\"http:\/\/www.w3.org\/2000\/svg\" viewBox=\"0 0 105.75 31.05\">\n                <g id=\"Capa_1-2\" fill=\"var(--bs-primary)\">\n                    <path class=\"cls-1\" d=\"M97.42,8.06c-.44-.46-.68-.74-.96-.98-1.25-1.09-2.51-2.16-3.75-3.26-.37-.33-.75-.66-1.06-1.04-.65-.81-.68-1.64-.13-2.26.56-.63,1.38-.7,2.25-.16.28.17.54.39.79.6,3.06,2.62,6.12,5.24,9.17,7.88.46.4.92.81,1.29,1.28,1.12,1.39.92,2.84-.53,3.85-.49.34-1.06.6-1.6.86-2.99,1.41-6,2.81-8.99,4.22-1.66.78-2.02.8-3.66.07-.13-1.46.74-2.33,1.91-2.94,2.06-1.06,4.16-2.05,6.24-3.07.47-.23.93-.47,1.35-.85-2.57-.99-5.17-1.31-7.76-.53-2.11.63-4.18,1.43-6.18,2.34-4.3,1.95-8.14,4.65-11.94,7.41-2.28,1.65-4.52,3.38-6.91,4.85-2.25,1.38-4.63,2.56-7.04,3.64-1.24.55-2.64.81-3.99,1-3.01.42-5.58-.58-7.52-2.91-.91-1.09-1.69-2.32-2.36-3.58-.83-1.55-1.48-3.2-2.23-4.8-.66-1.4-1.27-2.83-2.03-4.16-2.33-4.06-5.35-5.57-9.97-4.68-2.42.47-4.83,1.23-7.07,2.23-7.84,3.49-14.82,8.29-20.89,14.38-.47.47-.94.95-1.48,1.31-.59.4-1.26.4-1.83-.11-.56-.51-.65-1.17-.34-1.82.23-.49.57-.96.96-1.33,1.83-1.75,3.62-3.57,5.58-5.18,5.57-4.59,11.64-8.38,18.35-11.1,2.51-1.02,5.1-1.78,7.83-1.96,4.63-.3,8.34,1.36,10.92,5.23,1.03,1.55,1.85,3.26,2.67,4.94.98,1.98,1.77,4.05,2.8,6,2.25,4.24,4.64,5.23,9.13,3.5,2.45-.95,4.8-2.24,7.04-3.62,2.44-1.5,4.71-3.27,7.04-4.96,3.72-2.69,7.51-5.26,11.69-7.19,1.8-.83,3.66-1.55,5.52-2.23,2.1-.77,4.29-1.02,6.52-.88.3.02.61.02,1.19.03Z\"\/>\n                <\/g>\n                <\/svg><\/a><\/p>\n","protected":false},"author":1,"featured_media":0,"parent":0,"menu_order":50,"comment_status":"closed","ping_status":"closed","template":"page-templates\/no-title.php","meta":{"_acf_changed":false,"productId":0,"courseId":0,"footnotes":""},"class_list":["post-19898","page","type-page","status-publish","hentry"],"acf":[],"_links":{"self":[{"href":"https:\/\/www.elebe.at\/en\/wp-json\/wp\/v2\/pages\/19898","targetHints":{"allow":["GET"]}}],"collection":[{"href":"https:\/\/www.elebe.at\/en\/wp-json\/wp\/v2\/pages"}],"about":[{"href":"https:\/\/www.elebe.at\/en\/wp-json\/wp\/v2\/types\/page"}],"author":[{"embeddable":true,"href":"https:\/\/www.elebe.at\/en\/wp-json\/wp\/v2\/users\/1"}],"replies":[{"embeddable":true,"href":"https:\/\/www.elebe.at\/en\/wp-json\/wp\/v2\/comments?post=19898"}],"version-history":[{"count":4,"href":"https:\/\/www.elebe.at\/en\/wp-json\/wp\/v2\/pages\/19898\/revisions"}],"predecessor-version":[{"id":20041,"href":"https:\/\/www.elebe.at\/en\/wp-json\/wp\/v2\/pages\/19898\/revisions\/20041"}],"wp:attachment":[{"href":"https:\/\/www.elebe.at\/en\/wp-json\/wp\/v2\/media?parent=19898"}],"curies":[{"name":"wp","href":"https:\/\/api.w.org\/{rel}","templated":true}]}}