{"id":857,"date":"2020-06-25T10:28:21","date_gmt":"2020-06-25T10:28:21","guid":{"rendered":"https:\/\/www.elebe.at\/terminos-y-condiciones\/"},"modified":"2025-12-16T10:35:04","modified_gmt":"2025-12-16T09:35:04","slug":"terms-and-conditions","status":"publish","type":"page","link":"https:\/\/www.elebe.at\/en\/terms-and-conditions\/","title":{"rendered":"Terms and conditions"},"content":{"rendered":"\n<h2 class=\"wp-block-heading\">elebe \u2013  <strong>General Terms and Conditions<\/strong><\/h2>\n\n\n\n<p>Errors, printing and typesetting errors excepted.<\/p>\n\n\n\n<p>elebe \u2013 Allgemeine Gesch\u00e4ftsbedingungen<\/p>\n\n\n\n<p>Irrtume, Druck-, und Satzfehler vorbehalten.<\/p>\n\n\n\n<p><strong>Allgemeine Gesch\u00e4ftsbedingungen (AGB) der Sprachschule elebe Estefania Lopez Ballbe e.U.<\/strong> <\/p>\n\n\n\n<h2 class=\"wp-block-heading\">Geltung der Gesch\u00e4ftsbedingungen<\/h2>\n\n\n\n<p>Die nachfolgenden Gesch\u00e4ftsbedingungen der elebe e.U. &#8211; im folgenden elebe &#8211; gelten als Grundlage f\u00fcr die Vertragsabschl\u00fcsse s\u00e4mtlicher auf der Webseite&nbsp;<a href=\"https:\/\/www.elebe.at\/de\">www.elebe.at<\/a>&nbsp;angebotenen Dienstleistungen, insbesondere Sprachunterricht, Sprachreisen und professionelle Dienstleistungen oder \u00e4hnlichem. Die Webseiten von elebe richten sich an Unternehmen sowie an private und gewerbliche Nutzer (im folgenden Nutzer genannt).<\/p>\n\n\n\n<p>Unsere Gesch\u00e4ftsbedingungen gelten als Grundlage f\u00fcr beide Parteien.<br>Die einzelnen Bestimmungen unserer Gesch\u00e4ftsbedingungen gelten jeweils gem\u00e4\u00df ihrem Inhalt gegen\u00fcber Verbrauchern und Unternehmen. Regelungen, die ausdr\u00fccklich als f\u00fcr Unternehmer geltend bezeichnet sind, gelten nicht gegen\u00fcber Endkunden. Endkunden im Sinne dieser Gesch\u00e4ftsbedingungen sind nat\u00fcrliche Personen, mit denen elebe in Gesch\u00e4ftsbeziehung tritt, ohne dass diese Personen bei der Durchf\u00fchrung der Gesch\u00e4ftsbeziehung eine gewerbliche oder sonstige selbst\u00e4ndige berufliche T\u00e4tigkeit zugerechnet werden kann. Gesch\u00e4ftsbedingungen der Nutzer gelten nur dann, wenn elebe dieser Geltung ausdr\u00fccklich schriftlich zugestimmt hat. Es wird darauf hingewiesen, dass bestimmte Dienstleistungen unter jeweiligen einschl\u00e4gigen AGBs von externen Dienstleistern geregelt werden. Darauf wird beim jeweiligen Produkt\/Dienstleistung ggf. hingewiesen.<\/p>\n\n\n\n<h2 class=\"wp-block-heading\">Vertragsabschluss<\/h2>\n\n\n\n<p>Die Anmeldung\/Bestellung f\u00fcr die jeweilige Dienstleistung\/das jeweilige Produkt erfolgt durch den Vertragspartner durch Anklicken der Schaltfl\u00e4che \u201eBuchen&#8221; und Best\u00e4tigung dieser Buchung. Hiermit gibt der Nutzer ein rechtsverbindliches Angebot zur Bestellung der angeforderten Dienstleistung\/des angeforderten Produkts gegen\u00fcber Elebe ab. Elebe nimmt dieses Angebot durch \u00dcbersendung einer Best\u00e4tigungs-E-Mail an. Mit Zugang dieser Best\u00e4tigungs-E-Mail beim Nutzer kommt der Vertrag zwischen Elebe und dem Nutzer zustande.<\/p>\n\n\n\n<p>Terminzusagen seitens Elebe stehen unter dem Vorbehalt der Verf\u00fcgbarkeit entsprechender Lehrkr\u00e4fte. Elebe ist bem\u00fcht, bei Ausfall einer Lehrkraft immer eine Ersatzlehrkraft zu stellen. Ein Anspruch auf die Unterrichtung einer bestimmten Lehrkraft besteht nicht. F\u00fcr ausgefallene Unterrichtseinheiten (UE) oder Programme bietet Elebe Ersatzunterrichtseinheiten bzw. Ersatzprogramme an. Ein Wechsel der Lehrkraft berechtigt den Kunden weder zur K\u00fcndigung noch zum R\u00fccktritt vom Vertrag.<\/p>\n\n\n\n<p>elebe beh\u00e4lt sich das Aufnahmerecht vor.<\/p>\n\n\n\n<h2 class=\"wp-block-heading\">Widerrufsrecht\/Widerrufsbelehrung<\/h2>\n\n\n\n<p>Lernende k\u00f6nnen ihre Vertragserkl\u00e4rung innerhalb von 7 Werktagen ohne Angabe von Gr\u00fcnden in Textform (z.B. Brief, Fax, E-Mail) widerrufen. Die Frist beginnt grunds\u00e4tzlich mit Vertragsabschluss. Zur Wahrung der Widerrufsfrist gen\u00fcgt die Absendung des Widerrufs vor Fristablauf. Sofern der Kurs begonnen hat, bzw. die erste UE statt gefunden hat, gilt das Widerrufsrecht nicht.<\/p>\n\n\n\n<h2 class=\"wp-block-heading\">Preisangaben<\/h2>\n\n\n\n<p>F\u00fcr die jeweiligen Dienstleistungen\/Produkte gelten die Preise zum Zeitpunkt der Bestellung. Die auf&nbsp;<a href=\"https:\/\/www.elebe.at\/de\" target=\"_blank\" rel=\"noreferrer noopener\">www.elebe.at<\/a>&nbsp;ausgewiesenen Preise f\u00fcr Unterricht und Material erfolgen unter dem Vorbehalt einer entsprechenden Einstufung des Kunden in einen entsprechenden Kurs. Sollte die Einstufung von den tats\u00e4chlichen Erfordernissen abweichen, k\u00f6nnen sich \u00c4nderungen der Preise ergeben.<\/p>\n\n\n\n<h2 class=\"wp-block-heading\">Zahlungsbedingungen<\/h2>\n\n\n\n<p>Die jeweils geltenden Preise ergeben sich aus der jeweiligen Dienstleistungs-\/ Produktbeschreibung auf&nbsp;<a href=\"https:\/\/www.elebe.at\/de\" target=\"_blank\" rel=\"noreferrer noopener\">www.elebe.at<\/a>. Der Nutzer verpflichtet sich zur Zahlung dieses Preises. Die Zahlung wird bei Anmeldung\/Bestellung der Dienstleistung\/des Produkts f\u00e4llig.<\/p>\n\n\n\n<h2 class=\"wp-block-heading\">Stornobedingungen<\/h2>\n\n\n\n<p>Eine K\u00fcndigung ist nur vor Kursbeginn m\u00f6glich und fallen 95\u20ac Bearbeitungsgeb\u00fchren an.<br>W\u00e4hrend laufender Kurse gilt: Kann Jemand nicht am Unterricht teilnehmen (z.B. wegen Krankheit, Urlaub, beruflicher Verhinderung etc.), gibt es keinen Ersatztermin. Eine K\u00fcndigung w\u00e4hrend eines laufenden Kurses ist nicht m\u00f6glich. Nimmt der Kunde nach Ablauf der vereinbarten Unterrichtsdauer weiterhin an Unterrichtseinheiten teil, so gilt dies als Verl\u00e4ngerung des Vertrages zu den jeweils aktuell g\u00fcltigen Vertragsbedingungen.<\/p>\n\n\n\n<p>F\u00fcr den Erhalt einer Kursbest\u00e4tigung ist eine Anwesenheit von 80% erforderlich.<\/p>\n\n\n\n<h3 class=\"wp-block-heading\">Stornierung bei E-Learning-Kursen im Rahmen der Bildungskarenz<\/h3>\n\n\n\n<p>Bei jeder Stornierung der Einschreibung, gleich aus welchem Grund, fallen 95\u20ac Bearbeitungsgeb\u00fchren an.<\/p>\n\n\n\n<p><strong>Das hei\u00dft: Stornierungsgeb\u00fchren zumindest 95 \u20ac<\/strong><\/p>\n\n\n\n<p>Die Abmeldung kann nur von einem Kurs erfolgen, der noch nicht begonnen hat. Im Dokument &#8220;Individueller Schulungsplan&#8221; sind die Termine angegeben, an denen man den n\u00e4chsten Kurs beginnen muss.<\/p>\n\n\n\n<p>Ein Beispiel: Eine Person schreibt sich f\u00fcr ein Jahr ein, vom 01.01.2025 bis zum 31.12.2025. Sie sollte die Stufen A1 und A2 so wie 6 Lektionen von B1 absolvieren, mit den folgenden Anfangsdaten:<br>A1: 1.01.2025 &#8211; A2: 03.05.2025 &#8211; B1: 03.10.2025<br>Sie kann bis zum 2. Mai 2025 von der Stufen A2 und B1 zur\u00fccktreten. In diesem Fall wird der Betrag f\u00fcr die Monate Mai bis Dezember 2025 zur\u00fcckbezahlt. Abz\u00fcglich 95 \u20ac Stornogeb\u00fchr und dem Betrag der nicht benutzten B\u00fccher (A2- B1). Es sei denn, sie gibt das Buch zur\u00fcck.<\/p>\n\n\n\n<p>F\u00fcr die E-Learning-Kurse im Rahmen der Bildungskarenz<em>, braucht man eine Teilnahmebescheinigung, die best\u00e4tigt, dass man&nbsp;die erforderlichen Stunden absolviert und den Kurs erfolgreich abgeschlossen hat. Diese Bescheinigung wird unter keinen Umst\u00e4nden ausgestellt, wenn die Bedingungen nicht erf\u00fcllt sind.&nbsp;Generell gilt:<\/em><\/p>\n\n\n\n<ol class=\"wp-block-list wp-block-list\">\n<li><em>Um eine Teilnahmebest\u00e4tigung erhalten zu k\u00f6nnen, muss der Kursteilnehmer vor Ende der Bildungskarenz den Kurs&nbsp;erfolgreich abgeschlossen haben.<\/em><\/li>\n\n\n\n<li><em>Die Lernenden m\u00fcssen die notwendigen online Anwesenheitsstunden nachweisen k\u00f6nnen. <\/em><br><em>Freie Zeiteinteilung gilt nur innerhalb jeder Stufe und man darf keine negativen Stunden haben.&nbsp;Also, im Voraus mehr machen ist ok, nachher nicht!&nbsp;<\/em><\/li>\n<\/ol>\n\n\n\n<p>elebe beh\u00e4lt sich das Zulassungsrecht vor.<\/p>\n\n\n\n<h2 class=\"wp-block-heading\">Bedingungen f\u00fcr Sprachunterricht<\/h2>\n\n\n\n<h2 class=\"wp-block-heading\">Unterrichtsbedingungen<\/h2>\n\n\n\n<p>Eine Unterrichtseinheit (UE) umfasst 55 Minuten. Auf jede UE folgt eine unterrichtsfreie Zeit von f\u00fcnf Minuten.  <\/p>\n\n\n\n<h2 class=\"wp-block-heading\">Gruppenunterricht<\/h2>\n\n\n\n<p>Die Starttermine ergeben sich aus den Informationen auf&nbsp;<a href=\"https:\/\/www.elebe.at\/de\" target=\"_blank\" rel=\"noreferrer noopener\">www.elebe.at<\/a>. Elebe ist berechtigt, aus p\u00e4dagogischen Gr\u00fcnden eine Versetzung des Lernenden in eine andere Gruppe vorzunehmen, wenn diese Versetzung der Optimierung des Lernfortschritts der Gruppe bzw. des einzelnen Lernende dienlich erscheint.<\/p>\n\n\n\n<h2 class=\"wp-block-heading\">Mindestteilnehmerzahl der Gruppe<\/h2>\n\n\n\n<p>Jede Gruppe hat eine Mindestteilnehmerzahl.<\/p>\n\n\n\n<p>Elebe ist zur Aufl\u00f6sung einer Gruppe bei Unterschreitung der Mindestteilnehmerzahl berechtigt und k\u00fcmmert sich im Falle der Aufl\u00f6sung um eine Umbuchung in den n\u00e4chstm\u00f6glichen Termin oder in einen schon bestehenden Kurs.<\/p>\n\n\n\n<h2 class=\"wp-block-heading\">Vertragsschluss<\/h2>\n\n\n\n<h2 class=\"wp-block-heading\">Angebot von elebe<\/h2>\n\n\n\n<p>Auf Anfrage der KUND:INNEN \u00fcbersendet Elebe diesem einen Kostenvoranschlag, der die DIENSTLEISTUNG, deren Anfangsdatum und Dauer sowie die Preise und Kosten entsprechend der Zahlungsbedingungen enth\u00e4lt.<\/p>\n\n\n\n<p><\/p>\n\n\n\n<p><\/p>\n\n\n\n<h2 class=\"wp-block-heading\">Online-Platform<\/h2>\n\n\n\n<p>Der Zugang zu den Online-Angeboten steht ausschlie\u00dflich Lernenden zur Verf\u00fcgung, denen ein Benutzernamen und ein pers\u00f6nliches Passwort zugeteilt wurden. Es handelt sich um eine Art Abonnement. Jeder ist f\u00fcr die Funktionsf\u00e4higkeit seines Computers und dessen Wartung verantwortlich und tr\u00e4gt die Kosten f\u00fcr die Internetverbindung, um auf die Angebote zugreifen zu k\u00f6nnen. Elebe gew\u00e4hrt keinerlei Erstattung f\u00fcr einen nicht oder nur wenig genutzten Zugang.<\/p>\n\n\n\n<h2 class=\"wp-block-heading\">Preise und Zahlungsbedingungen<\/h2>\n\n\n\n<p>Die elebe Sprachkurse sind&nbsp;<em>Steuerfrei gem\u00e4\u00df \u00a7 6 Abs. 1 Z 11 UStG.<\/em>&nbsp;und die Preise verstehen sich netto.<\/p>\n\n\n\n<p>Im Falle des Zahlungsverzugs kann elebe die Fortsetzung aller laufenden Auftr\u00e4ge, ungeachtet der Aus\u00fcbung sonstiger Rechte, aussetzen.<\/p>\n\n\n\n<h2 class=\"wp-block-heading\">Durchf\u00fchrungsbedingungen der Ausbildung<\/h2>\n\n\n\n<p>Elebe hat als Anbieter einer Dienstleistung keine Erfolgspflicht. Keinesfalls ist Elebe f\u00fcr Handlungen oder Unterlassungen der Lernenden verantwortlich.<\/p>\n\n\n\n<h2 class=\"wp-block-heading\">Geistiges Eigentum<\/h2>\n\n\n\n<p>Es wird ausdr\u00fccklich vereinbart, dass Elebe lediglich einen zeitlich befristeten Zugang zu den Tools Moodle Platform und zu Lehrmaterial, etc. zur Verf\u00fcgung stellt und in keinem Fall ein Eigentumsrecht an dieser Software und\/oder an den Ausbildungsinhalten gew\u00e4hrt. Das geistige Eigentum an allen Inhalten verbleibt bei Elebe.<\/p>\n\n\n\n<h2 class=\"wp-block-heading\">Vorzeitige Beendigung der Ausbildung<\/h2>\n\n\n\n<p>Im Falle der K\u00fcndigung des Vertrages durch den Kunden vor Beginn der vereinbarten Ausbildung berechnet elebe 95 \u20ac Bearbeitungsgeb\u00fchr.<\/p>\n\n\n\n<p>Wird der Kurs vom Kunden selbst abgebrochen nach Kursbeginn, besteht kein Anspruch auf R\u00fcckerstattung der Kursgeb\u00fchr.<\/p>\n\n\n\n<h2 class=\"wp-block-heading\">Abwerbungsverbot<\/h2>\n\n\n\n<p>W\u00e4hrend der gesamten Dauer der DIENSTLEISTUNG und bis 6 Monate nach Beendigung der DIENSTLEISTUNG verpflichten sich die Lernenden, sich nicht in der Absicht direkt an die von elebe eingesetzten Personen zu wenden, dass diese ihnen gegen\u00fcber ihre Leistung erbringen oder mit ihm direkt einen Dienstvertrag schlie\u00dfen. Verst\u00f6\u00dft man gegen dieses Verbot, man ist verpflichtet, elebe zu entsch\u00e4digen, indem man elebe eine Entsch\u00e4digung in H\u00f6he der der Lehrkraft innerhalb der letzten zw\u00f6lf Monate gezahlten Gesamtbruttoverg\u00fctung zahlt.<\/p>\n\n\n\n<h2 class=\"wp-block-heading\">Vertraulichkeit<\/h2>\n\n\n\n<p>Alle von Elebe oder von den Lernenden verteilten Unterlagen sind streng vertraulich zu behandeln (im Folgenden \u201eVERTRAULICHE INFORMATIONEN&#8221;).<\/p>\n\n\n\n<p>Und beide verpflichten sich, die VERTRAULICHEN INFORMATIONEN nur zur Erf\u00fcllung dieses Vertrages zu nutzen.<\/p>\n\n\n\n<h2 class=\"wp-block-heading\">Verwendung des Firmennamens der Kund:innen<\/h2>\n\n\n\n<p>Die Namen der Kund:innen werden als Referenz von elebe erst zitiert, wenn der KUNDE das ausdr\u00fccklich schriftlich autorisiert.<\/p>\n\n\n\n<h2 class=\"wp-block-heading\">Urheberrechte<\/h2>\n\n\n\n<p>Die von Elebe ausgeh\u00e4ndigten Arbeitsunterlagen sind urheberrechtlich gesch\u00fctzt und d\u00fcrfen auch nicht auszugsweise &#8211; ohne Einwilligung von Elebe und der jeweiligen Referenten &#8211; vervielf\u00e4ltigt oder gewerblich genutzt werden. Elebe beh\u00e4lt sich vor, die auf der Webseite&nbsp;<a href=\"https:\/\/www.elebe.at\/de\" target=\"_blank\" rel=\"noreferrer noopener\">www.elebe.at<\/a>&nbsp;zur Verf\u00fcgung gestellten Dienste und Leistungen jederzeit ohne Angabe von Gr\u00fcnden ganz oder teilweise einzustellen. Der Nutzer erkennt dieses Recht ausdr\u00fccklich an. Elebe schuldet in diesem Falle keinerlei Schadensersatz oder entgangenen Gewinn.<\/p>\n\n\n\n<h2 class=\"wp-block-heading\">Eingebundene Webseiten Dritter<\/h2>\n\n\n\n<p>Auf der Webseite von Elebe k\u00f6nnen ggf. Webseiten Dritter durch Links oder auf andere Weise eingebunden sein. Elebe hat auf die Inhalte solcher Webseiten keinen Einfluss und ist hierf\u00fcr nicht verantwortlich. Elebe distanziert sich von Webseiten, sofern diese anst\u00f6\u00dfiger, verfassungsfeindlicher, rechtswidriger oder pornografischer Natur sind. Die Allgemeinen Gesch\u00e4ftsbedingungen der Betreiber verlinkter Seiten gelten neben diesen Allgemeinen Gesch\u00e4ftsbedingungen.<\/p>\n\n\n\n<h2 class=\"wp-block-heading\">Datenschutz<\/h2>\n\n\n\n<p>Die Daten der Lernende werden f\u00fcr die interne Weiterverarbeitung und eigene Werbezwecke von Elebe unter Einhaltung der gesetzlichen Bedingungen gespeichert. Wenn Nutzer keine Zusendung von Elebe Informationsmaterial w\u00fcnschen, bitten wir um Nachricht an elebe e.U., E-Mail: info[at]elebe.at. Die Daten werden daraufhin gesperrt.<\/p>\n\n\n\n<h2 class=\"wp-block-heading\">Verwendung von Bilder und Videos<\/h2>\n\n\n\n<p>Mit der Anmeldung erkl\u00e4rt sich der\/ die Lernende in Sinne der Urheberrechtsgesetzes in der gegebenen Falle f\u00fcr sich selbst bzw. als gesetzlicher Vertreter f\u00fcr den vertretenen Teilnehmer damit einverstanden, dass im Rahmen einer elebe Veranstaltung oder Dienstleistung angefertigte Bilder oder Videos seiner Person oder des gesetzlich Vertretenen von Elebe aufbewahrt und im Rahmen des Gesch\u00e4ftsbetriebs verwendet werden d\u00fcrfen, sofern dadurch nicht die W\u00fcrde des Kunden oder des gesetzlich Vertretenen beeintr\u00e4chtigt wird. Insbesondere stimmt der Kunde der Abbildung auf der Homepage sowie auf von Elebe betreuten Websites inkl. Social Media Plattformen, in Prospekten, Werbeunterlagen, etc. zu.<\/p>\n\n\n\n<p>Die Fotos von \u00f6ffentlichen Veranstaltungen werden verwenden, um damit die Atmosph\u00e4re der Veranstaltung zu zeigen. &nbsp;Auf die elebe Veranstaltungen werden Fotos gemacht und anschlie\u00dfend im Internet ver\u00f6ffentlicht Wer dies nicht w\u00fcnsche, sollte bitte beim Fotografiert darauf hinweisen, das gilt sowohl f\u00fcr elebe Kunden als ob Besucher der elebe Veranstaltungen.<\/p>\n\n\n\n<p>Dieses Einverst\u00e4ndnis kann jederzeit &#8211; auch teilweise &#8211; widerrufen werden und gilt ansonsten zeitlich unbeschr\u00e4nkt.<\/p>\n\n\n\n<h2 class=\"wp-block-heading\">Haftung und Gew\u00e4hrleistung<\/h2>\n\n\n\n<p>Elebe haftet nicht f\u00fcr Verf\u00fcgbarkeit und Erreichbarkeit von&nbsp;<a href=\"https:\/\/www.elebe.at\/de\" target=\"_blank\" rel=\"noreferrer noopener\">www.elebe.at<\/a>.<br>Elebe haftet nicht f\u00fcr das Nichterreichen eines bestimmten Lern- und Seminarerfolges. Die von Elebe gemachten Vorgaben bez\u00fcglich ben\u00f6tigter UE zum Erreichen eines Unterrichtszieles beruhen auf langj\u00e4hrigen Erfahrungen und k\u00f6nnen im Einzelfall von tats\u00e4chlichen Erfordernissen abweichen. Elebe haftet des Weiteren nicht f\u00fcr den Ausfall einzelner Seminarmodule aufgrund h\u00f6herer Gewalt. Die Haftung von Elebe aufgrund zwingender gesetzlicher Vorschriften bleibt unber\u00fchrt.<\/p>\n\n\n\n<h2 class=\"wp-block-heading\">Allgemeines<\/h2>\n\n\n\n<p>S\u00e4mtliche von elebe erbrachten DIENSTLEISTUNGEN unterliegen ausschlie\u00dflich den vorliegenden Allgemeinen Gesch\u00e4ftsbedingungen, es sei denn von Elebe wurde eine abweichende Vereinbarung ausdr\u00fccklich akzeptiert. Sofern sich Elebe zu einem bestimmten Zeitpunkt nicht auf eine Klausel der vorliegenden Allgemeinen Gesch\u00e4ftsbedingungen beruft, f\u00fchrt dies nicht zum Verzicht auf deren Anwendung seitens Elebe, sodass elebe sich zu einem sp\u00e4teren Zeitpunkt auf diese Klausel berufen kann.<\/p>\n\n\n\n<h2 class=\"wp-block-heading\">Gerichtsstand<\/h2>\n\n\n\n<p>Ausschlie\u00dflicher Gerichtsstand f\u00fcr alle Streitigkeiten aus den mit Elebe geschlossenen Vertr\u00e4gen ist Wien, wenn der Teilnehmer Kaufmann oder juristische Person des \u00f6ffentlichen Rechts ist.<\/p>\n\n\n\n<h2 class=\"wp-block-heading\">Schlussbestimmungen<\/h2>\n\n\n\n<p>Es gilt ausschlie\u00dflich das Recht der Bundesrepublik \u00d6sterreich.<\/p>\n\n\n\n<p>\u00c4nderungen und Erg\u00e4nzungen des Vertrages bed\u00fcrfen der Schriftform. Sollte eine der vorstehenden Bestimmungen unwirksam sein, so ist Elebe berechtigt, diese durch eine wirksame Bestimmung mit \u00e4hnlicher Zweckrichtung zu ersetzen. Ist dies nicht m\u00f6glich, so gelten die gesetzlichen Bestimmungen.<\/p>\n\n\n\n<p><strong>elebe Estefania Lopez Ballbe e.U.&nbsp; Volkertplatz 1 T\u00fcr 19, 1020 Wien<\/strong><\/p>\n","protected":false},"excerpt":{"rendered":"<p>elebe \u2013 General Terms and Conditions Errors, printing and typesetting errors excepted. elebe \u2013 Allgemeine Gesch\u00e4ftsbedingungen Irrtume, Druck-, [&#8230;]<\/p>\n<p><a class=\"read-more-arrow\" href=\"https:\/\/www.elebe.at\/en\/terms-and-conditions\/\"><svg width=\"106\" height=\"31\" id=\"Capa_2\" xmlns=\"http:\/\/www.w3.org\/2000\/svg\" viewBox=\"0 0 105.75 31.05\">\n                <g id=\"Capa_1-2\" fill=\"var(--bs-primary)\">\n                    <path class=\"cls-1\" d=\"M97.42,8.06c-.44-.46-.68-.74-.96-.98-1.25-1.09-2.51-2.16-3.75-3.26-.37-.33-.75-.66-1.06-1.04-.65-.81-.68-1.64-.13-2.26.56-.63,1.38-.7,2.25-.16.28.17.54.39.79.6,3.06,2.62,6.12,5.24,9.17,7.88.46.4.92.81,1.29,1.28,1.12,1.39.92,2.84-.53,3.85-.49.34-1.06.6-1.6.86-2.99,1.41-6,2.81-8.99,4.22-1.66.78-2.02.8-3.66.07-.13-1.46.74-2.33,1.91-2.94,2.06-1.06,4.16-2.05,6.24-3.07.47-.23.93-.47,1.35-.85-2.57-.99-5.17-1.31-7.76-.53-2.11.63-4.18,1.43-6.18,2.34-4.3,1.95-8.14,4.65-11.94,7.41-2.28,1.65-4.52,3.38-6.91,4.85-2.25,1.38-4.63,2.56-7.04,3.64-1.24.55-2.64.81-3.99,1-3.01.42-5.58-.58-7.52-2.91-.91-1.09-1.69-2.32-2.36-3.58-.83-1.55-1.48-3.2-2.23-4.8-.66-1.4-1.27-2.83-2.03-4.16-2.33-4.06-5.35-5.57-9.97-4.68-2.42.47-4.83,1.23-7.07,2.23-7.84,3.49-14.82,8.29-20.89,14.38-.47.47-.94.95-1.48,1.31-.59.4-1.26.4-1.83-.11-.56-.51-.65-1.17-.34-1.82.23-.49.57-.96.96-1.33,1.83-1.75,3.62-3.57,5.58-5.18,5.57-4.59,11.64-8.38,18.35-11.1,2.51-1.02,5.1-1.78,7.83-1.96,4.63-.3,8.34,1.36,10.92,5.23,1.03,1.55,1.85,3.26,2.67,4.94.98,1.98,1.77,4.05,2.8,6,2.25,4.24,4.64,5.23,9.13,3.5,2.45-.95,4.8-2.24,7.04-3.62,2.44-1.5,4.71-3.27,7.04-4.96,3.72-2.69,7.51-5.26,11.69-7.19,1.8-.83,3.66-1.55,5.52-2.23,2.1-.77,4.29-1.02,6.52-.88.3.02.61.02,1.19.03Z\"\/>\n                <\/g>\n                <\/svg><\/a><\/p>\n","protected":false},"author":1,"featured_media":0,"parent":0,"menu_order":95,"comment_status":"closed","ping_status":"closed","template":"","meta":{"_acf_changed":false,"productId":0,"courseId":0,"footnotes":""},"class_list":["post-857","page","type-page","status-publish","hentry"],"acf":[],"_links":{"self":[{"href":"https:\/\/www.elebe.at\/en\/wp-json\/wp\/v2\/pages\/857","targetHints":{"allow":["GET"]}}],"collection":[{"href":"https:\/\/www.elebe.at\/en\/wp-json\/wp\/v2\/pages"}],"about":[{"href":"https:\/\/www.elebe.at\/en\/wp-json\/wp\/v2\/types\/page"}],"author":[{"embeddable":true,"href":"https:\/\/www.elebe.at\/en\/wp-json\/wp\/v2\/users\/1"}],"replies":[{"embeddable":true,"href":"https:\/\/www.elebe.at\/en\/wp-json\/wp\/v2\/comments?post=857"}],"version-history":[{"count":5,"href":"https:\/\/www.elebe.at\/en\/wp-json\/wp\/v2\/pages\/857\/revisions"}],"predecessor-version":[{"id":18906,"href":"https:\/\/www.elebe.at\/en\/wp-json\/wp\/v2\/pages\/857\/revisions\/18906"}],"wp:attachment":[{"href":"https:\/\/www.elebe.at\/en\/wp-json\/wp\/v2\/media?parent=857"}],"curies":[{"name":"wp","href":"https:\/\/api.w.org\/{rel}","templated":true}]}}