{"id":14669,"date":"2025-12-17T11:53:02","date_gmt":"2025-12-17T10:53:02","guid":{"rendered":"https:\/\/www.elebe.at\/?post_type=product&#038;p=14669"},"modified":"2025-12-18T13:31:22","modified_gmt":"2025-12-18T12:31:22","slug":"spanisch-zertifikat-alle-stufen","status":"publish","type":"product","link":"https:\/\/www.elebe.at\/en\/elebe-courses\/spanisch-zertifikat-alle-stufen\/","title":{"rendered":"Spanisch-Zertifikat Alle Stufen"},"content":{"rendered":"<h3>Brauchst du ein Spanisch-Sprachzertifikat?<\/h3>\n<p>In elebe ist es m\u00f6glich, eine Pr\u00fcfung abzulegen, um ein inoffizielles Zertifikat zu erhalten. Es geht nicht um das DELE!<\/p>\n<p>Wir sind eine von Wien und \u00d6sterreich zertifizierte Schule mit dem<a href=\"https:\/\/oe-cert.at\/qualitaetsanbieter\/645-elebe-estefania-lopez-ballbe-e-u.php\"> \u00f6-cert<\/a> und wien-cert Siegel.<\/p>\n<h4><strong>Ablauf der Pr\u00fcfung f\u00fcr ein Zertifikat A1-A2-B1-B2 oder C1<\/strong><\/h4>\n<p>Die Pr\u00fcfung wird auf der elebe-Plattform abgelegt und besteht aus den folgenden Teilen:<\/p>\n<ol>\n<li><b>Schriftliche Pr\u00fcfung<\/b>, bei der die Fertigkeiten des m\u00fcndlichen und schriftlichen Verstehens sowie des m\u00fcndlichen und schriftlichen Ausdrucks bewertet werden.<br \/>\nDamit die Pr\u00fcfung g\u00fcltig ist, m\u00fcssen die Kamera und das Mikrofon funktionieren, da wir deine Identit\u00e4t \u00fcberpr\u00fcfen m\u00fcssen. Die schriftliche Pr\u00fcfung muss vor der m\u00fcndlichen Pr\u00fcfung abgelegt werden.<\/li>\n<li>Der <b>m\u00fcndliche<\/b> Interaktionstest findet in einem zweiten Teil statt, und zwar zu den am Anfang jedes Monats vorgeschlagenen Terminen.<br \/>\nDie Niveaustufen B1 bis C1 werden mit den Kandidaten vereinbart.<\/li>\n<\/ol>\n<p>Wenn du die Pr\u00fcfung bestanden hast, erh\u00e4ltst du ein digital signiertes Zertifikat im pdf-Format.<\/p>\n<p><b>Achtung<\/b>! Diese Pr\u00fcfung kann man nur ein Mal machen.<\/p>\n<p>Zum Zeitpunkt der Anmeldung hast du einen Monat lang Zugang zur Plattform, um die Pr\u00fcfung abzulegen, in dem du auch Pr\u00fcfungsaktivit\u00e4ten durchf\u00fchren kannst.<\/p>\n","protected":false},"excerpt":{"rendered":"<p>Pr\u00fcfung zum Erwerb eines Spanischzertifikats, ohne dass ein Kurs belegt werden muss.<br \/>\nEs handelt sich nicht um ein offizielles Zertifikat.<\/p>\n<div class=\"wp-block-buttons\">\n<div class=\"wp-block-button is-style-arrow-link\"><a class=\"wp-block-button__link\" href=\"https:\/\/www.elebe.at\/en\/elebe-courses\/spanisch-zertifikat-alle-stufen\/\">Read More&#8230;<\/a><\/div>\n<\/div>\n","protected":false},"featured_media":778,"template":"","meta":{"_acf_changed":false},"product_cat":[227],"product_tag":[506],"class_list":{"0":"post-14669","1":"product","2":"type-product","3":"status-publish","4":"has-post-thumbnail","6":"product_cat-e-learning-de","7":"product_tag-empfohlene-kurse","8":"pa_nivel-a1-de","9":"pa_nivel-a2-de","10":"pa_nivel-b1-de","11":"pa_nivel-b2-3","12":"pa_nivel-c1-3","13":"idioma-spanisch","14":"plan-business-de","15":"plan-cultural-de","16":"plan-student-de","17":"plan-teacher-de","18":"tm-no-options","20":"first","21":"instock","22":"sold-individually","23":"shipping-taxable","24":"purchasable","25":"product-type-variable"},"acf":[],"_links":{"self":[{"href":"https:\/\/www.elebe.at\/en\/wp-json\/wp\/v2\/product\/14669","targetHints":{"allow":["GET"]}}],"collection":[{"href":"https:\/\/www.elebe.at\/en\/wp-json\/wp\/v2\/product"}],"about":[{"href":"https:\/\/www.elebe.at\/en\/wp-json\/wp\/v2\/types\/product"}],"wp:featuredmedia":[{"embeddable":true,"href":"https:\/\/www.elebe.at\/en\/wp-json\/wp\/v2\/media\/778"}],"wp:attachment":[{"href":"https:\/\/www.elebe.at\/en\/wp-json\/wp\/v2\/media?parent=14669"}],"wp:term":[{"taxonomy":"product_cat","embeddable":true,"href":"https:\/\/www.elebe.at\/en\/wp-json\/wp\/v2\/product_cat?post=14669"},{"taxonomy":"product_tag","embeddable":true,"href":"https:\/\/www.elebe.at\/en\/wp-json\/wp\/v2\/product_tag?post=14669"}],"curies":[{"name":"wp","href":"https:\/\/api.w.org\/{rel}","templated":true}]}}