{"id":19192,"date":"2026-02-10T18:48:50","date_gmt":"2026-02-10T17:48:50","guid":{"rendered":"https:\/\/www.elebe.at\/nuestro-equipo\/"},"modified":"2026-04-15T11:47:27","modified_gmt":"2026-04-15T09:47:27","slug":"nuestro-equipo","status":"publish","type":"page","link":"https:\/\/www.elebe.at\/es\/nuestro-equipo\/","title":{"rendered":"Nuestro equipo"},"content":{"rendered":"\n<div class=\"wp-block-group alignfull has-pale-pink-background-color has-background has-global-padding is-layout-constrained wp-block-group-is-layout-constrained\">\n<div class=\"wp-block-columns are-vertically-aligned-center is-layout-flex wp-container-core-columns-is-layout-28f84493 wp-block-columns-is-layout-flex\">\n<div class=\"wp-block-column is-vertically-aligned-center is-layout-flow wp-block-column-is-layout-flow\" style=\"flex-basis:50%\"><h1 class=\"wp-block-post-title\">Nuestro equipo<\/h1><\/div>\n\n\n\n<div class=\"wp-block-column is-vertically-aligned-center is-layout-flow wp-block-column-is-layout-flow\" style=\"flex-basis:50%\">\n<p class=\"has-medium-font-size\">Nuestro equipo est\u00e1 formado por profes de Espa\u00f1a y Latinoam\u00e9rica con amplia experiencia ense\u00f1ando espa\u00f1ol<\/p>\n<\/div>\n<\/div>\n<\/div>\n\n<div style=\"height:16px\" aria-hidden=\"true\" class=\"wp-block-spacer\"><\/div>\n\n<div class=\"wp-block-group has-global-padding is-layout-constrained wp-container-core-group-is-layout-4383d167 wp-block-group-is-layout-constrained\"><h3>Equipo de gesti\u00f3n<\/h3><div class=\"row\">\n<article class=\"col-xl-3 hfeed-post post-120 team type-team status-publish hentry area-equipo-de-gestion cargo-administrativa cargo-docente col-sm-6 col-lg-4 mb-3 stretch-linked-block\" id=\"post-120\">\n\n\t<div class=\"card bg-light h-100 position-relative\">\n\n\t\t\t\n\t\t\t<div class=\"card-body\">\n\n\t\t\t\t<div class=\"entry-content\">\n\n\n\t\t\t\t\t\t<h2 class=\"h4\">Estefan\u00eda L\u00f3pez<\/h2>\t\t\t\t\t\t<p class=\"mb-2 text-muted small\">Direcci\u00f3n<\/p><a class=\"stretched-link fw-bold small\" href=\"https:\/\/www.elebe.at\/es\/team\/estefania\/\">Con\u00f3ceme<\/a> \n\n\t\t\t\t<\/div><!-- .entry-content -->\n\n\t\t<\/div><!-- .card-body -->\n\n\t\t<span class=\"flecha-sobre-imagen\"><?xml version=\"1.0\" encoding=\"UTF-8\"?><svg id=\"Capa_2\" xmlns=\"http:\/\/www.w3.org\/2000\/svg\" viewBox=\"0 0 21.46 35.5\"><defs><style>.cls-1{fill:currentColor;}<\/style><\/defs><g id=\"Capa_1-2\"><path class=\"cls-1\" d=\"M13.23,7.45c-.45.27-.91.52-1.35.8-1.69,1.05-3.36,2.12-5.06,3.15-.46.28-.99.5-1.52.62-.71.17-1.34-.07-1.69-.73-.34-.65-.24-1.3.25-1.84.25-.28.57-.52.89-.73C8.8,6.13,12.85,3.56,16.9.98c.46-.29.94-.6,1.44-.8,1.33-.52,2.45.07,2.77,1.46.12.53.14,1.09.15,1.64.06,2.76.12,5.52.16,8.28,0,.49.09,1.07-.12,1.46-.26.48-.73.97-1.23,1.17-.62.25-1.21-.18-1.49-.76-.26-.53-.42-1.14-.49-1.72-.14-1.25-.19-2.52-.29-4.04-.41.44-.69.66-.88.95-4.3,6.5-8.25,13.2-11.61,20.22-.76,1.59-1.31,3.27-1.95,4.91-.08.21-.12.43-.21.63-.39.86-1.03,1.24-1.82,1.1-.74-.13-1.37-.81-1.33-1.67.03-.7.18-1.44.45-2.08.93-2.24,1.78-4.53,2.95-6.65,2.99-5.41,6.13-10.73,9.21-16.08.26-.46.53-.91.8-1.36-.06-.06-.12-.12-.18-.18Z\"\/><\/g><\/svg><\/span>\n\t<\/div>\n\n\n<\/article><!-- #post-## -->\n\n<article class=\"col-xl-3 hfeed-post post-10289 team type-team status-publish has-post-thumbnail hentry area-equipo-de-gestion cargo-administrativa col-sm-6 col-lg-4 mb-3 stretch-linked-block\" id=\"post-10289\">\n\n\t<div class=\"card bg-light h-100 position-relative\">\n\n\t\t\t<img loading=\"lazy\" decoding=\"async\" width=\"250\" height=\"250\" src=\"https:\/\/www.elebe.at\/wp-content\/uploads\/Marta-1-8-1-250x250.jpg\" class=\"card-img-top wp-post-image\" alt=\"Marta\" srcset=\"https:\/\/www.elebe.at\/wp-content\/uploads\/Marta-1-8-1-250x250.jpg 250w, https:\/\/www.elebe.at\/wp-content\/uploads\/Marta-1-8-1-300x300.jpg 300w, https:\/\/www.elebe.at\/wp-content\/uploads\/Marta-1-8-1-1080x1080.jpg 1080w, https:\/\/www.elebe.at\/wp-content\/uploads\/Marta-1-8-1-768x768.jpg 768w, https:\/\/www.elebe.at\/wp-content\/uploads\/Marta-1-8-1-1536x1536.jpg 1536w, https:\/\/www.elebe.at\/wp-content\/uploads\/Marta-1-8-1-2048x2048.jpg 2048w, https:\/\/www.elebe.at\/wp-content\/uploads\/Marta-1-8-1-600x600.jpg 600w, https:\/\/www.elebe.at\/wp-content\/uploads\/Marta-1-8-1-100x100.jpg 100w\" sizes=\"auto, (max-width: 250px) 100vw, 250px\" title=\"Marta\" \/>\n\t\t\t<div class=\"card-body\">\n\n\t\t\t\t<div class=\"entry-content\">\n\n\n\t\t\t\t\t\t<h2 class=\"h4\">Marta<\/h2>\t\t\t\t\t\t<p class=\"mb-2 text-muted small\">Administraci\u00f3n y atenci\u00f3n al alumnado<\/p><a class=\"stretched-link fw-bold small\" href=\"https:\/\/www.elebe.at\/es\/team\/marta\/\">Con\u00f3ceme<\/a> \n\n\t\t\t\t<\/div><!-- .entry-content -->\n\n\t\t<\/div><!-- .card-body -->\n\n\t\t<span class=\"flecha-sobre-imagen\"><?xml version=\"1.0\" encoding=\"UTF-8\"?><svg id=\"Capa_2\" xmlns=\"http:\/\/www.w3.org\/2000\/svg\" viewBox=\"0 0 44.26 20.88\"><defs><style>.cls-1{fill:currentColor;}<\/style><\/defs><g id=\"Capa_1-2\"><path class=\"cls-1\" d=\"M26.93,17.88c1.31-3.73,4.02-6.07,7.17-8.55-.69.05-.98.03-1.26.1-7.44,1.85-14.84,3.87-21.89,6.95-2.62,1.14-5.12,2.56-7.68,3.86-.15.07-.28.18-.43.26-1.17.62-2.12.49-2.62-.36-.47-.79-.24-1.69.79-2.41,1.18-.81,2.42-1.55,3.69-2.19,6.72-3.42,13.83-5.77,21.08-7.76,2.7-.74,5.42-1.42,8.49-2.23-.59-.26-.84-.42-1.11-.48-2.47-.56-4.95-1.1-7.43-1.66-.48-.11-.97-.24-1.41-.46-.58-.29-.9-.81-.84-1.49.06-.75.49-1.25,1.2-1.39.47-.09.99-.09,1.46.02,5.34,1.15,10.67,2.32,16,3.49.27.06.54.14.79.25,1.56.67,1.76,2.18.43,3.26-.21.17-.45.32-.69.45-3.38,1.91-6.41,4.3-9.35,6.82-1.86,1.59-3.89,2.84-6.41,3.53Z\"\/><\/g><\/svg><\/span>\n\t<\/div>\n\n\n<\/article><!-- #post-## -->\n<\/div><h3>Equipo docente<\/h3><div class=\"row\">\n<article class=\"col-xl-3 hfeed-post post-20097 team type-team status-publish has-post-thumbnail hentry area-equipo-docente cargo-docente col-sm-6 col-lg-4 mb-3 stretch-linked-block\" id=\"post-20097\">\n\n\t<div class=\"card bg-light h-100 position-relative\">\n\n\t\t\t<img loading=\"lazy\" decoding=\"async\" width=\"250\" height=\"250\" src=\"https:\/\/www.elebe.at\/wp-content\/uploads\/eva-250x250.jpeg\" class=\"card-img-top wp-post-image\" alt=\"Eva\" srcset=\"https:\/\/www.elebe.at\/wp-content\/uploads\/eva-250x250.jpeg 250w, https:\/\/www.elebe.at\/wp-content\/uploads\/eva-300x300.jpeg 300w, https:\/\/www.elebe.at\/wp-content\/uploads\/eva-100x100.jpeg 100w\" sizes=\"auto, (max-width: 250px) 100vw, 250px\" title=\"Eva\" \/>\n\t\t\t<div class=\"card-body\">\n\n\t\t\t\t<div class=\"entry-content\">\n\n\n\t\t\t\t\t\t<h2 class=\"h4\">Eva<\/h2>\t\t\t\t\t\t<p class=\"mb-2 text-muted small\">Profesora de espa\u00f1ol<\/p><a class=\"stretched-link fw-bold small\" href=\"https:\/\/www.elebe.at\/es\/team\/eva\/\">Con\u00f3ceme<\/a> \n\n\t\t\t\t<\/div><!-- .entry-content -->\n\n\t\t<\/div><!-- .card-body -->\n\n\t\t<span class=\"flecha-sobre-imagen\"><?xml version=\"1.0\" encoding=\"UTF-8\"?><svg id=\"Capa_2\" xmlns=\"http:\/\/www.w3.org\/2000\/svg\" viewBox=\"0 0 33.41 32.47\"><defs><style>.cls-1{fill:currentColor;}<\/style><\/defs><g id=\"Capa_1-2\"><path class=\"cls-1\" d=\"M.14,29c.57-.12,1.14-.36,1.71-.34,2.14.07,4.3.1,6.43.39,4.01.54,7.04-.99,9.26-4.18,1.28-1.85,2.49-3.8,3.4-5.85,1.61-3.63,2.97-7.37,4.42-11.06.15-.39.24-.81.43-1.47-.58.3-.91.45-1.22.64-1.4.88-2.79,1.78-4.19,2.66-.42.26-.85.52-1.31.7-1.03.43-1.89.2-2.32-.57-.42-.75-.16-1.58.74-2.29.22-.17.46-.3.69-.46,2.99-1.98,5.97-3.97,8.97-5.94.6-.39,1.19-.83,1.85-1.07,1.32-.49,2.44.16,2.77,1.53.12.48.1.99.17,1.48.42,2.78.87,5.55,1.29,8.33.1.65.28,1.33.16,1.95-.09.45-.55,1.03-.97,1.17-.42.13-1.14-.08-1.47-.4-.44-.44-.73-1.1-.91-1.71-.38-1.26-.65-2.56-1.03-4.15-.3.61-.5.97-.65,1.35-1.3,3.28-2.55,6.58-3.89,9.85-1.22,2.97-2.76,5.78-4.88,8.22-2.16,2.49-4.69,4.46-8.11,4.64-3.43.18-6.85,0-9.95-1.77-.54-.31-1-.77-1.5-1.16.04-.16.09-.32.14-.47Z\"\/><\/g><\/svg><\/span>\n\t<\/div>\n\n\n<\/article><!-- #post-## -->\n\n<article class=\"col-xl-3 hfeed-post post-114 team type-team status-publish has-post-thumbnail hentry area-equipo-docente cargo-docente col-sm-6 col-lg-4 mb-3 stretch-linked-block\" id=\"post-114\">\n\n\t<div class=\"card bg-light h-100 position-relative\">\n\n\t\t\t<img loading=\"lazy\" decoding=\"async\" width=\"250\" height=\"250\" src=\"https:\/\/www.elebe.at\/wp-content\/uploads\/lionel-250x250.png\" class=\"card-img-top wp-post-image\" alt=\"Lionel\" srcset=\"https:\/\/www.elebe.at\/wp-content\/uploads\/lionel-250x250.png 250w, https:\/\/www.elebe.at\/wp-content\/uploads\/lionel-300x300.png 300w, https:\/\/www.elebe.at\/wp-content\/uploads\/lionel-100x100.png 100w\" sizes=\"auto, (max-width: 250px) 100vw, 250px\" title=\"Lionel\" \/>\n\t\t\t<div class=\"card-body\">\n\n\t\t\t\t<div class=\"entry-content\">\n\n\n\t\t\t\t\t\t<h2 class=\"h4\">Lionel<\/h2>\t\t\t\t\t\t<p class=\"mb-2 text-muted small\">Formaci\u00f3n de profesorado y profesor de espa\u00f1ol<\/p><a class=\"stretched-link fw-bold small\" href=\"https:\/\/www.elebe.at\/es\/team\/lionel\/\">Con\u00f3ceme<\/a> \n\n\t\t\t\t<\/div><!-- .entry-content -->\n\n\t\t<\/div><!-- .card-body -->\n\n\t\t<span class=\"flecha-sobre-imagen\"><?xml version=\"1.0\" encoding=\"UTF-8\"?><svg id=\"Capa_2\" xmlns=\"http:\/\/www.w3.org\/2000\/svg\" viewBox=\"0 0 51.94 18.31\"><defs><style>.cls-1{fill:currentColor;}<\/style><\/defs><g id=\"Capa_1-2\"><path class=\"cls-1\" d=\"M43.25,10.04c-1.7.13-3.4.27-5.1.39-10.63.74-21.25,1.48-31.88,2.21-1.21.08-2.43.1-3.64.12-.44,0-.89,0-1.31-.11C.57,12.44.03,11.97,0,11.14c-.03-.84.48-1.32,1.22-1.57.31-.1.65-.12.98-.14,7.99-.47,15.98-.9,23.97-1.41,4.24-.27,8.47-.66,12.71-1,.42-.03.83-.17,1.26-.51-1.58-.46-3.15-.92-4.73-1.36-2.07-.58-4.15-1.12-6.22-1.7-.53-.15-1.06-.33-1.53-.61-.62-.37-.92-.97-.72-1.7C27.13.41,27.68.01,28.4,0c.6,0,1.22.07,1.79.23,6.48,1.8,12.96,3.62,19.44,5.44.37.1.75.22,1.08.4,1.41.75,1.64,2.14.51,3.28-.42.43-.94.77-1.45,1.09-3.96,2.41-7.92,4.82-11.91,7.18-.64.38-1.43.64-2.16.69-1.09.08-1.68-.78-1.18-1.75.36-.7.97-1.35,1.63-1.78,1.85-1.2,3.78-2.28,5.68-3.41.51-.31,1.01-.63,1.51-.95l-.1-.37Z\"\/><\/g><\/svg><\/span>\n\t<\/div>\n\n\n<\/article><!-- #post-## -->\n\n<article class=\"col-xl-3 hfeed-post post-6221 team type-team status-publish has-post-thumbnail hentry area-equipo-docente cargo-docente col-sm-6 col-lg-4 mb-3 stretch-linked-block\" id=\"post-6221\">\n\n\t<div class=\"card bg-light h-100 position-relative\">\n\n\t\t\t<img loading=\"lazy\" decoding=\"async\" width=\"250\" height=\"250\" src=\"https:\/\/www.elebe.at\/wp-content\/uploads\/irene-web-250x250.jpeg\" class=\"card-img-top wp-post-image\" alt=\"Irene\" srcset=\"https:\/\/www.elebe.at\/wp-content\/uploads\/irene-web-250x250.jpeg 250w, https:\/\/www.elebe.at\/wp-content\/uploads\/irene-web-300x300.jpeg 300w, https:\/\/www.elebe.at\/wp-content\/uploads\/irene-web-100x100.jpeg 100w\" sizes=\"auto, (max-width: 250px) 100vw, 250px\" title=\"Irene\" \/>\n\t\t\t<div class=\"card-body\">\n\n\t\t\t\t<div class=\"entry-content\">\n\n\n\t\t\t\t\t\t<h2 class=\"h4\">Irene<\/h2>\t\t\t\t\t\t<p class=\"mb-2 text-muted small\">Mentora de profesorado y profesora de espa\u00f1ol<\/p><a class=\"stretched-link fw-bold small\" href=\"https:\/\/www.elebe.at\/es\/team\/irene-ruiz\/\">Con\u00f3ceme<\/a> \n\n\t\t\t\t<\/div><!-- .entry-content -->\n\n\t\t<\/div><!-- .card-body -->\n\n\t\t<span class=\"flecha-sobre-imagen\"><?xml version=\"1.0\" encoding=\"UTF-8\"?><svg id=\"Capa_2\" xmlns=\"http:\/\/www.w3.org\/2000\/svg\" viewBox=\"0 0 43.35 22.09\"><defs><style>.cls-1{fill:currentColor;}<\/style><\/defs><g id=\"Capa_1-2\"><path class=\"cls-1\" d=\"M37.56,14.47c-.15-.51-.32-1.02-.46-1.54-.48-1.81-1.01-3.61-1.41-5.44-.18-.85-.19-1.76-.1-2.63.09-.77.67-1.27,1.48-1.32.83-.05,1.33.43,1.62,1.16.08.2.11.43.13.64.43,4.3,1.91,8.25,3.86,12.06.2.39.41.79.54,1.21.41,1.36-.31,2.42-1.73,2.57-.16.02-.33.03-.5,0-3.84-.46-7.59.2-11.35.8-.59.09-1.21.11-1.81.04-.65-.07-1.11-.48-1.26-1.14-.17-.73.11-1.34.75-1.68.48-.25,1.03-.4,1.56-.49,2.11-.35,4.22-.67,6.33-.99.11-.15.22-.3.33-.45-.27-.1-.58-.13-.79-.3-4.71-3.67-9.6-7.06-14.93-9.8-3.86-1.98-7.9-3.45-12.25-3.77-1.58-.12-3.19.1-4.78.18-.38.02-.77.14-1.15.14-.68-.01-1.37-.1-1.59-.9-.2-.74.14-1.39.75-1.68.88-.42,1.83-.77,2.78-.93,3.33-.56,6.59-.04,9.82.83,3.33.89,6.44,2.27,9.45,3.92,4.52,2.47,8.76,5.34,12.83,8.48.52.4,1.05.78,1.58,1.17.1-.05.19-.11.29-.16Z\"\/><\/g><\/svg><\/span>\n\t<\/div>\n\n\n<\/article><!-- #post-## -->\n\n<article class=\"col-xl-3 hfeed-post post-1564 team type-team status-publish has-post-thumbnail hentry area-equipo-docente cargo-docente col-sm-6 col-lg-4 mb-3 stretch-linked-block\" id=\"post-1564\">\n\n\t<div class=\"card bg-light h-100 position-relative\">\n\n\t\t\t<img loading=\"lazy\" decoding=\"async\" width=\"250\" height=\"250\" src=\"https:\/\/www.elebe.at\/wp-content\/uploads\/Gabriela-250x250.jpeg\" class=\"card-img-top wp-post-image\" alt=\"Gabriela\" srcset=\"https:\/\/www.elebe.at\/wp-content\/uploads\/Gabriela-250x250.jpeg 250w, https:\/\/www.elebe.at\/wp-content\/uploads\/Gabriela-300x300.jpeg 300w, https:\/\/www.elebe.at\/wp-content\/uploads\/Gabriela-100x100.jpeg 100w\" sizes=\"auto, (max-width: 250px) 100vw, 250px\" title=\"Gabriela\" \/>\n\t\t\t<div class=\"card-body\">\n\n\t\t\t\t<div class=\"entry-content\">\n\n\n\t\t\t\t\t\t<h2 class=\"h4\">Gabriela<\/h2>\t\t\t\t\t\t<p class=\"mb-2 text-muted small\">E-Learning<\/p><a class=\"stretched-link fw-bold small\" href=\"https:\/\/www.elebe.at\/es\/team\/gabriela\/\">Con\u00f3ceme<\/a> \n\n\t\t\t\t<\/div><!-- .entry-content -->\n\n\t\t<\/div><!-- .card-body -->\n\n\t\t<span class=\"flecha-sobre-imagen\"><?xml version=\"1.0\" encoding=\"UTF-8\"?><svg id=\"Capa_2\" xmlns=\"http:\/\/www.w3.org\/2000\/svg\" viewBox=\"0 0 21.46 35.5\"><defs><style>.cls-1{fill:currentColor;}<\/style><\/defs><g id=\"Capa_1-2\"><path class=\"cls-1\" d=\"M13.23,7.45c-.45.27-.91.52-1.35.8-1.69,1.05-3.36,2.12-5.06,3.15-.46.28-.99.5-1.52.62-.71.17-1.34-.07-1.69-.73-.34-.65-.24-1.3.25-1.84.25-.28.57-.52.89-.73C8.8,6.13,12.85,3.56,16.9.98c.46-.29.94-.6,1.44-.8,1.33-.52,2.45.07,2.77,1.46.12.53.14,1.09.15,1.64.06,2.76.12,5.52.16,8.28,0,.49.09,1.07-.12,1.46-.26.48-.73.97-1.23,1.17-.62.25-1.21-.18-1.49-.76-.26-.53-.42-1.14-.49-1.72-.14-1.25-.19-2.52-.29-4.04-.41.44-.69.66-.88.95-4.3,6.5-8.25,13.2-11.61,20.22-.76,1.59-1.31,3.27-1.95,4.91-.08.21-.12.43-.21.63-.39.86-1.03,1.24-1.82,1.1-.74-.13-1.37-.81-1.33-1.67.03-.7.18-1.44.45-2.08.93-2.24,1.78-4.53,2.95-6.65,2.99-5.41,6.13-10.73,9.21-16.08.26-.46.53-.91.8-1.36-.06-.06-.12-.12-.18-.18Z\"\/><\/g><\/svg><\/span>\n\t<\/div>\n\n\n<\/article><!-- #post-## -->\n\n<article class=\"col-xl-3 hfeed-post post-16747 team type-team status-publish has-post-thumbnail hentry area-equipo-docente cargo-docente col-sm-6 col-lg-4 mb-3 stretch-linked-block\" id=\"post-16747\">\n\n\t<div class=\"card bg-light h-100 position-relative\">\n\n\t\t\t<img loading=\"lazy\" decoding=\"async\" width=\"250\" height=\"250\" src=\"https:\/\/www.elebe.at\/wp-content\/uploads\/belen_a-250x250.jpg\" class=\"card-img-top wp-post-image\" alt=\"belen_a\" srcset=\"https:\/\/www.elebe.at\/wp-content\/uploads\/belen_a-250x250.jpg 250w, https:\/\/www.elebe.at\/wp-content\/uploads\/belen_a-300x300.jpg 300w, https:\/\/www.elebe.at\/wp-content\/uploads\/belen_a-100x100.jpg 100w\" sizes=\"auto, (max-width: 250px) 100vw, 250px\" title=\"belen_a\" \/>\n\t\t\t<div class=\"card-body\">\n\n\t\t\t\t<div class=\"entry-content\">\n\n\n\t\t\t\t\t\t<h2 class=\"h4\">Bel\u00e9n<\/h2>\t\t\t\t\t\t<p class=\"mb-2 text-muted small\">e-Learning<\/p><a class=\"stretched-link fw-bold small\" href=\"https:\/\/www.elebe.at\/es\/team\/belen\/\">Con\u00f3ceme<\/a> \n\n\t\t\t\t<\/div><!-- .entry-content -->\n\n\t\t<\/div><!-- .card-body -->\n\n\t\t<span class=\"flecha-sobre-imagen\"><?xml version=\"1.0\" encoding=\"UTF-8\"?><svg id=\"Capa_2\" xmlns=\"http:\/\/www.w3.org\/2000\/svg\" viewBox=\"0 0 44.26 20.88\"><defs><style>.cls-1{fill:currentColor;}<\/style><\/defs><g id=\"Capa_1-2\"><path class=\"cls-1\" d=\"M26.93,17.88c1.31-3.73,4.02-6.07,7.17-8.55-.69.05-.98.03-1.26.1-7.44,1.85-14.84,3.87-21.89,6.95-2.62,1.14-5.12,2.56-7.68,3.86-.15.07-.28.18-.43.26-1.17.62-2.12.49-2.62-.36-.47-.79-.24-1.69.79-2.41,1.18-.81,2.42-1.55,3.69-2.19,6.72-3.42,13.83-5.77,21.08-7.76,2.7-.74,5.42-1.42,8.49-2.23-.59-.26-.84-.42-1.11-.48-2.47-.56-4.95-1.1-7.43-1.66-.48-.11-.97-.24-1.41-.46-.58-.29-.9-.81-.84-1.49.06-.75.49-1.25,1.2-1.39.47-.09.99-.09,1.46.02,5.34,1.15,10.67,2.32,16,3.49.27.06.54.14.79.25,1.56.67,1.76,2.18.43,3.26-.21.17-.45.32-.69.45-3.38,1.91-6.41,4.3-9.35,6.82-1.86,1.59-3.89,2.84-6.41,3.53Z\"\/><\/g><\/svg><\/span>\n\t<\/div>\n\n\n<\/article><!-- #post-## -->\n\n<article class=\"col-xl-3 hfeed-post post-16730 team type-team status-publish has-post-thumbnail hentry area-equipo-docente cargo-docente col-sm-6 col-lg-4 mb-3 stretch-linked-block\" id=\"post-16730\">\n\n\t<div class=\"card bg-light h-100 position-relative\">\n\n\t\t\t<img loading=\"lazy\" decoding=\"async\" width=\"250\" height=\"250\" src=\"https:\/\/www.elebe.at\/wp-content\/uploads\/beatriz-250x250.jpg\" class=\"card-img-top wp-post-image\" alt=\"beatriz\" srcset=\"https:\/\/www.elebe.at\/wp-content\/uploads\/beatriz-250x250.jpg 250w, https:\/\/www.elebe.at\/wp-content\/uploads\/beatriz-300x300.jpg 300w, https:\/\/www.elebe.at\/wp-content\/uploads\/beatriz-100x100.jpg 100w\" sizes=\"auto, (max-width: 250px) 100vw, 250px\" title=\"beatriz\" \/>\n\t\t\t<div class=\"card-body\">\n\n\t\t\t\t<div class=\"entry-content\">\n\n\n\t\t\t\t\t\t<h2 class=\"h4\">Beatriz<\/h2>\t\t\t\t\t\t<p class=\"mb-2 text-muted small\">E-Learning<\/p><a class=\"stretched-link fw-bold small\" href=\"https:\/\/www.elebe.at\/es\/team\/beatriz\/\">Con\u00f3ceme<\/a> \n\n\t\t\t\t<\/div><!-- .entry-content -->\n\n\t\t<\/div><!-- .card-body -->\n\n\t\t<span class=\"flecha-sobre-imagen\"><?xml version=\"1.0\" encoding=\"UTF-8\"?><svg id=\"Capa_2\" xmlns=\"http:\/\/www.w3.org\/2000\/svg\" viewBox=\"0 0 21.46 35.5\"><defs><style>.cls-1{fill:currentColor;}<\/style><\/defs><g id=\"Capa_1-2\"><path class=\"cls-1\" d=\"M13.23,7.45c-.45.27-.91.52-1.35.8-1.69,1.05-3.36,2.12-5.06,3.15-.46.28-.99.5-1.52.62-.71.17-1.34-.07-1.69-.73-.34-.65-.24-1.3.25-1.84.25-.28.57-.52.89-.73C8.8,6.13,12.85,3.56,16.9.98c.46-.29.94-.6,1.44-.8,1.33-.52,2.45.07,2.77,1.46.12.53.14,1.09.15,1.64.06,2.76.12,5.52.16,8.28,0,.49.09,1.07-.12,1.46-.26.48-.73.97-1.23,1.17-.62.25-1.21-.18-1.49-.76-.26-.53-.42-1.14-.49-1.72-.14-1.25-.19-2.52-.29-4.04-.41.44-.69.66-.88.95-4.3,6.5-8.25,13.2-11.61,20.22-.76,1.59-1.31,3.27-1.95,4.91-.08.21-.12.43-.21.63-.39.86-1.03,1.24-1.82,1.1-.74-.13-1.37-.81-1.33-1.67.03-.7.18-1.44.45-2.08.93-2.24,1.78-4.53,2.95-6.65,2.99-5.41,6.13-10.73,9.21-16.08.26-.46.53-.91.8-1.36-.06-.06-.12-.12-.18-.18Z\"\/><\/g><\/svg><\/span>\n\t<\/div>\n\n\n<\/article><!-- #post-## -->\n<\/div>\n<\/div>\n","protected":false},"excerpt":{"rendered":"<p>Nuestro equipo est\u00e1 formado por profes de Espa\u00f1a y Latinoam\u00e9rica con amplia experiencia ense\u00f1ando espa\u00f1ol<\/p>\n<p><a class=\"read-more-arrow\" href=\"https:\/\/www.elebe.at\/es\/team\/beatriz\/\"><svg width=\"106\" height=\"31\" id=\"Capa_2\" xmlns=\"http:\/\/www.w3.org\/2000\/svg\" viewBox=\"0 0 105.75 31.05\">\n                <g id=\"Capa_1-2\" fill=\"var(--bs-primary)\">\n                    <path class=\"cls-1\" d=\"M97.42,8.06c-.44-.46-.68-.74-.96-.98-1.25-1.09-2.51-2.16-3.75-3.26-.37-.33-.75-.66-1.06-1.04-.65-.81-.68-1.64-.13-2.26.56-.63,1.38-.7,2.25-.16.28.17.54.39.79.6,3.06,2.62,6.12,5.24,9.17,7.88.46.4.92.81,1.29,1.28,1.12,1.39.92,2.84-.53,3.85-.49.34-1.06.6-1.6.86-2.99,1.41-6,2.81-8.99,4.22-1.66.78-2.02.8-3.66.07-.13-1.46.74-2.33,1.91-2.94,2.06-1.06,4.16-2.05,6.24-3.07.47-.23.93-.47,1.35-.85-2.57-.99-5.17-1.31-7.76-.53-2.11.63-4.18,1.43-6.18,2.34-4.3,1.95-8.14,4.65-11.94,7.41-2.28,1.65-4.52,3.38-6.91,4.85-2.25,1.38-4.63,2.56-7.04,3.64-1.24.55-2.64.81-3.99,1-3.01.42-5.58-.58-7.52-2.91-.91-1.09-1.69-2.32-2.36-3.58-.83-1.55-1.48-3.2-2.23-4.8-.66-1.4-1.27-2.83-2.03-4.16-2.33-4.06-5.35-5.57-9.97-4.68-2.42.47-4.83,1.23-7.07,2.23-7.84,3.49-14.82,8.29-20.89,14.38-.47.47-.94.95-1.48,1.31-.59.4-1.26.4-1.83-.11-.56-.51-.65-1.17-.34-1.82.23-.49.57-.96.96-1.33,1.83-1.75,3.62-3.57,5.58-5.18,5.57-4.59,11.64-8.38,18.35-11.1,2.51-1.02,5.1-1.78,7.83-1.96,4.63-.3,8.34,1.36,10.92,5.23,1.03,1.55,1.85,3.26,2.67,4.94.98,1.98,1.77,4.05,2.8,6,2.25,4.24,4.64,5.23,9.13,3.5,2.45-.95,4.8-2.24,7.04-3.62,2.44-1.5,4.71-3.27,7.04-4.96,3.72-2.69,7.51-5.26,11.69-7.19,1.8-.83,3.66-1.55,5.52-2.23,2.1-.77,4.29-1.02,6.52-.88.3.02.61.02,1.19.03Z\"\/>\n                <\/g>\n                <\/svg><\/a><\/p>\n","protected":false},"author":1,"featured_media":0,"parent":0,"menu_order":52,"comment_status":"closed","ping_status":"closed","template":"page-templates\/no-title.php","meta":{"_acf_changed":false,"productId":0,"courseId":0,"footnotes":""},"class_list":["post-19192","page","type-page","status-publish","hentry"],"acf":[],"_links":{"self":[{"href":"https:\/\/www.elebe.at\/es\/wp-json\/wp\/v2\/pages\/19192","targetHints":{"allow":["GET"]}}],"collection":[{"href":"https:\/\/www.elebe.at\/es\/wp-json\/wp\/v2\/pages"}],"about":[{"href":"https:\/\/www.elebe.at\/es\/wp-json\/wp\/v2\/types\/page"}],"author":[{"embeddable":true,"href":"https:\/\/www.elebe.at\/es\/wp-json\/wp\/v2\/users\/1"}],"replies":[{"embeddable":true,"href":"https:\/\/www.elebe.at\/es\/wp-json\/wp\/v2\/comments?post=19192"}],"version-history":[{"count":2,"href":"https:\/\/www.elebe.at\/es\/wp-json\/wp\/v2\/pages\/19192\/revisions"}],"predecessor-version":[{"id":19845,"href":"https:\/\/www.elebe.at\/es\/wp-json\/wp\/v2\/pages\/19192\/revisions\/19845"}],"wp:attachment":[{"href":"https:\/\/www.elebe.at\/es\/wp-json\/wp\/v2\/media?parent=19192"}],"curies":[{"name":"wp","href":"https:\/\/api.w.org\/{rel}","templated":true}]}}