{"id":19854,"date":"2026-03-23T00:57:37","date_gmt":"2026-03-22T23:57:37","guid":{"rendered":"https:\/\/www.elebe.at\/el-metodo-elebe\/"},"modified":"2026-04-12T18:25:54","modified_gmt":"2026-04-12T16:25:54","slug":"el-metodo-elebe","status":"publish","type":"page","link":"https:\/\/www.elebe.at\/es\/el-metodo-elebe\/","title":{"rendered":"El m\u00e9todo elebe"},"content":{"rendered":"\n<div class=\"wp-block-group alignfull has-pale-pink-background-color has-background has-global-padding is-layout-constrained wp-block-group-is-layout-constrained\">\n<div class=\"wp-block-group is-content-justification-space-between is-nowrap is-layout-flex wp-container-core-group-is-layout-cb46ffcb wp-block-group-is-layout-flex\"><h1 class=\"wp-block-post-title\">El m\u00e9todo elebe<\/h1>\n\n\n<figure class=\"wp-block-image size-full is-resized\"><img decoding=\"async\" src=\"https:\/\/www.elebe.at\/wp-content\/uploads\/icono-papeleria-rojo.svg\" alt=\"\" class=\"wp-image-19759\" style=\"width:auto;height:100px\"\/><\/figure>\n<\/div>\n\n\n\n<div class=\"wp-block-group is-layout-grid wp-container-core-group-is-layout-2931688a wp-block-group-is-layout-grid\">\n<div class=\"wp-block-group has-global-padding is-layout-constrained wp-block-group-is-layout-constrained\">\n<div class=\"wp-block-group is-nowrap is-layout-flex wp-container-core-group-is-layout-6c531013 wp-block-group-is-layout-flex\">\n<figure class=\"wp-block-image size-thumbnail is-style-lined\"><img loading=\"lazy\" decoding=\"async\" width=\"250\" height=\"250\" src=\"https:\/\/www.elebe.at\/wp-content\/uploads\/\/happy-tourist-visiting-la-sagrada-familia-barcelo-2026-01-07-23-55-10-utc-250x250.jpg\" alt=\"\" class=\"wp-image-19690\" style=\"aspect-ratio:1;object-fit:cover\" srcset=\"https:\/\/www.elebe.at\/wp-content\/uploads\/happy-tourist-visiting-la-sagrada-familia-barcelo-2026-01-07-23-55-10-utc-250x250.jpg 250w, https:\/\/www.elebe.at\/wp-content\/uploads\/happy-tourist-visiting-la-sagrada-familia-barcelo-2026-01-07-23-55-10-utc-300x300.jpg 300w, https:\/\/www.elebe.at\/wp-content\/uploads\/happy-tourist-visiting-la-sagrada-familia-barcelo-2026-01-07-23-55-10-utc-100x100.jpg 100w\" sizes=\"auto, (max-width: 250px) 100vw, 250px\" \/><\/figure>\n<\/div>\n\n\n\n<h2 class=\"wp-block-heading\">No s\u00f3lo aprendes espa\u00f1ol, lo vives<\/h2>\n\n\n\n<p>En elebe creemos que aprender un idioma no es s\u00f3lo memorizar: es descubrir, conectar con nuevas culturas y personas y vivir el espa\u00f1ol desde el primer d\u00eda.<\/p>\n<\/div>\n\n\n\n<div class=\"wp-block-group has-global-padding is-layout-constrained wp-block-group-is-layout-constrained\">\n<div class=\"wp-block-group is-nowrap is-layout-flex wp-container-core-group-is-layout-6c531013 wp-block-group-is-layout-flex\">\n<figure class=\"wp-block-image size-thumbnail is-style-lined\"><img loading=\"lazy\" decoding=\"async\" width=\"250\" height=\"250\" src=\"https:\/\/www.elebe.at\/wp-content\/uploads\/\/tres-personas-conversando-250x250.jpg\" alt=\"\" class=\"wp-image-19793\" style=\"aspect-ratio:1;object-fit:cover\" srcset=\"https:\/\/www.elebe.at\/wp-content\/uploads\/tres-personas-conversando-250x250.jpg 250w, https:\/\/www.elebe.at\/wp-content\/uploads\/tres-personas-conversando-300x300.jpg 300w, https:\/\/www.elebe.at\/wp-content\/uploads\/tres-personas-conversando-768x768.jpg 768w, https:\/\/www.elebe.at\/wp-content\/uploads\/tres-personas-conversando-600x600.jpg 600w, https:\/\/www.elebe.at\/wp-content\/uploads\/tres-personas-conversando-100x100.jpg 100w, https:\/\/www.elebe.at\/wp-content\/uploads\/tres-personas-conversando.jpg 1080w\" sizes=\"auto, (max-width: 250px) 100vw, 250px\" \/><\/figure>\n<\/div>\n\n\n\n<h2 class=\"wp-block-heading\">Hablas espa\u00f1ol desde <br>el primer d\u00eda<\/h2>\n\n\n\n<p>Queremos que pienses en espa\u00f1ol de manera natural y ganes confianza y fluidez sin miedo a equivocarte. La participaci\u00f3n activa es la base de nuestra metodolog\u00eda.<\/p>\n<\/div>\n\n\n\n<div class=\"wp-block-group has-global-padding is-layout-constrained wp-block-group-is-layout-constrained\">\n<div class=\"wp-block-group is-nowrap is-layout-flex wp-container-core-group-is-layout-6c531013 wp-block-group-is-layout-flex\">\n<figure class=\"wp-block-image size-thumbnail is-style-lined\"><img loading=\"lazy\" decoding=\"async\" width=\"250\" height=\"250\" src=\"https:\/\/www.elebe.at\/wp-content\/uploads\/\/persona-estudiando-en-parque-250x250.jpg\" alt=\"\" class=\"wp-image-19794\" style=\"aspect-ratio:1;object-fit:cover\" srcset=\"https:\/\/www.elebe.at\/wp-content\/uploads\/persona-estudiando-en-parque-250x250.jpg 250w, https:\/\/www.elebe.at\/wp-content\/uploads\/persona-estudiando-en-parque-300x300.jpg 300w, https:\/\/www.elebe.at\/wp-content\/uploads\/persona-estudiando-en-parque-768x768.jpg 768w, https:\/\/www.elebe.at\/wp-content\/uploads\/persona-estudiando-en-parque-600x600.jpg 600w, https:\/\/www.elebe.at\/wp-content\/uploads\/persona-estudiando-en-parque-100x100.jpg 100w, https:\/\/www.elebe.at\/wp-content\/uploads\/persona-estudiando-en-parque.jpg 1080w\" sizes=\"auto, (max-width: 250px) 100vw, 250px\" \/><\/figure>\n<\/div>\n\n\n\n<h2 class=\"wp-block-heading\">Aprendes espa\u00f1ol disfrutando<\/h2>\n\n\n\n<p>Creamos experiencias que te sumergen en el mundo hispanohablante: acentos, gastronom\u00eda, m\u00fasica, tradiciones\u2026 Aprender espa\u00f1ol con elebe es un viaje que va m\u00e1s all\u00e1 del idioma.<\/p>\n<\/div>\n\n\n\n<div class=\"wp-block-group has-global-padding is-layout-constrained wp-block-group-is-layout-constrained\">\n<div class=\"wp-block-group is-nowrap is-layout-flex wp-container-core-group-is-layout-6c531013 wp-block-group-is-layout-flex\">\n<figure class=\"wp-block-image size-thumbnail is-style-lined\"><img loading=\"lazy\" decoding=\"async\" width=\"250\" height=\"250\" src=\"https:\/\/www.elebe.at\/wp-content\/uploads\/\/personas-chica-comiendo-algodon-250x250.jpg\" alt=\"\" class=\"wp-image-19674\" style=\"aspect-ratio:1;object-fit:cover\" srcset=\"https:\/\/www.elebe.at\/wp-content\/uploads\/personas-chica-comiendo-algodon-250x250.jpg 250w, https:\/\/www.elebe.at\/wp-content\/uploads\/personas-chica-comiendo-algodon-300x300.jpg 300w, https:\/\/www.elebe.at\/wp-content\/uploads\/personas-chica-comiendo-algodon-100x100.jpg 100w\" sizes=\"auto, (max-width: 250px) 100vw, 250px\" \/><\/figure>\n<\/div>\n\n\n\n<h2 class=\"wp-block-heading\">Tu tiempo vale oro<\/h2>\n\n\n\n<p>En nuestras clases no repetimos tareas que puedes hacer en casa. Cada minuto se dedica a practicar, interactuar, equivocarte y avanzar.<\/p>\n<\/div>\n\n\n\n<div class=\"wp-block-group has-global-padding is-layout-constrained wp-block-group-is-layout-constrained\">\n<div class=\"wp-block-group is-nowrap is-layout-flex wp-container-core-group-is-layout-6c531013 wp-block-group-is-layout-flex\">\n<figure class=\"wp-block-image size-thumbnail is-style-lined\"><img loading=\"lazy\" decoding=\"async\" width=\"250\" height=\"250\" src=\"https:\/\/www.elebe.at\/wp-content\/uploads\/\/african-american-man-sightseeing-in-the-streets-of-2026-01-05-23-59-07-utc-250x250.jpg\" alt=\"\" class=\"wp-image-19688\" style=\"aspect-ratio:1;object-fit:cover\" srcset=\"https:\/\/www.elebe.at\/wp-content\/uploads\/african-american-man-sightseeing-in-the-streets-of-2026-01-05-23-59-07-utc-250x250.jpg 250w, https:\/\/www.elebe.at\/wp-content\/uploads\/african-american-man-sightseeing-in-the-streets-of-2026-01-05-23-59-07-utc-300x300.jpg 300w, https:\/\/www.elebe.at\/wp-content\/uploads\/african-american-man-sightseeing-in-the-streets-of-2026-01-05-23-59-07-utc-100x100.jpg 100w\" sizes=\"auto, (max-width: 250px) 100vw, 250px\" \/><\/figure>\n<\/div>\n\n\n\n<h2 class=\"wp-block-heading\">Espa\u00f1ol aut\u00e9ntico<\/h2>\n\n\n\n<p>Trabajamos todas las competencias siguiendo el MCER y ense\u00f1amos un espa\u00f1ol actual y \u00fatil. Aprender con elebe es aprender un idioma que puedas usar en tu d\u00eda a d\u00eda.<\/p>\n<\/div>\n<\/div>\n<\/div>\n\n\n\n<div class=\"wp-block-group alignfull has-light-background-color has-background has-global-padding is-layout-constrained wp-block-group-is-layout-constrained\">\n<div class=\"wp-block-group is-content-justification-space-between is-nowrap is-layout-flex wp-container-core-group-is-layout-cb46ffcb wp-block-group-is-layout-flex\">\n<h2 class=\"wp-block-heading\">\u00bfPor qu\u00e9 elegir el m\u00e9todo elebe?<\/h2>\n\n\n\n<figure class=\"wp-block-image size-full is-resized\"><img decoding=\"async\" src=\"https:\/\/www.elebe.at\/wp-content\/uploads\/icono-libro-raton-rojo.svg\" alt=\"\" class=\"wp-image-19760\" style=\"width:auto;height:100px\"\/><\/figure>\n<\/div>\n\n\n\n<div class=\"wp-block-group is-layout-grid wp-container-core-group-is-layout-2994b392 wp-block-group-is-layout-grid\">\n<div class=\"wp-block-group has-global-padding is-layout-constrained wp-block-group-is-layout-constrained\">\n<figure class=\"wp-block-image size-full is-resized\"><img decoding=\"async\" src=\"https:\/\/www.elebe.at\/wp-content\/uploads\/icono-check-rojo.svg\" alt=\"Check icon\" class=\"wp-image-19792\" style=\"width:auto;height:48px\"\/><\/figure>\n\n\n\n<h3 class=\"wp-block-heading\" style=\"margin-top:var(--wp--preset--spacing--10)\"><strong>Flexibilidad<\/strong><\/h3>\n\n\n\n<p>Nos adaptamos a tu ritmo, tus necesidades y tu estilo de aprendizaje.<\/p>\n<\/div>\n\n\n\n<div class=\"wp-block-group has-global-padding is-layout-constrained wp-block-group-is-layout-constrained\">\n<figure class=\"wp-block-image size-full is-resized\"><img decoding=\"async\" src=\"https:\/\/www.elebe.at\/wp-content\/uploads\/icono-check-rojo.svg\" alt=\"Check icon\" class=\"wp-image-19792\" style=\"width:auto;height:48px\"\/><\/figure>\n\n\n\n<h3 class=\"wp-block-heading\" style=\"margin-top:var(--wp--preset--spacing--10)\"><strong>Grupos reducidos<\/strong><\/h3>\n\n\n\n<p>M\u00e1ximo 8 personas por clase para ofrecer una atenci\u00f3n personalizada y un aprendizaje individualizado.<\/p>\n<\/div>\n\n\n\n<div class=\"wp-block-group has-global-padding is-layout-constrained wp-block-group-is-layout-constrained\">\n<figure class=\"wp-block-image size-full is-resized\"><img decoding=\"async\" src=\"https:\/\/www.elebe.at\/wp-content\/uploads\/icono-check-rojo.svg\" alt=\"Check icon\" class=\"wp-image-19792\" style=\"width:auto;height:48px\"\/><\/figure>\n\n\n\n<h3 class=\"wp-block-heading\" style=\"margin-top:var(--wp--preset--spacing--10)\"><strong>Cursos a tu medida<\/strong><\/h3>\n\n\n\n<p>Presencial, online o h\u00edbrido. T\u00fa eliges c\u00f3mo y desde d\u00f3nde aprender. Si tu vida cambia, tu curso cambia contigo.<\/p>\n<\/div>\n\n\n\n<div class=\"wp-block-group has-global-padding is-layout-constrained wp-block-group-is-layout-constrained\">\n<figure class=\"wp-block-image size-full is-resized\"><img decoding=\"async\" src=\"https:\/\/www.elebe.at\/wp-content\/uploads\/icono-check-rojo.svg\" alt=\"Check icon\" class=\"wp-image-19792\" style=\"width:auto;height:48px\"\/><\/figure>\n\n\n\n<h3 class=\"wp-block-heading\" style=\"margin-top:var(--wp--preset--spacing--10)\">Especialista en online<\/h3>\n\n\n\n<p>De presencial a online (o viceversa) sin interrupciones, con un profe que mantiene la misma calidad humana y acad\u00e9mica.<\/p>\n<\/div>\n<\/div>\n<\/div>\n","protected":false},"excerpt":{"rendered":"<p>No s\u00f3lo aprendes espa\u00f1ol, lo vives En elebe creemos que aprender un idioma no es s\u00f3lo memorizar: es [&#8230;]<\/p>\n<p><a class=\"read-more-arrow\" href=\"https:\/\/www.elebe.at\/es\/el-metodo-elebe\/\"><svg width=\"106\" height=\"31\" id=\"Capa_2\" xmlns=\"http:\/\/www.w3.org\/2000\/svg\" viewBox=\"0 0 105.75 31.05\">\n                <g id=\"Capa_1-2\" fill=\"var(--bs-primary)\">\n                    <path class=\"cls-1\" d=\"M97.42,8.06c-.44-.46-.68-.74-.96-.98-1.25-1.09-2.51-2.16-3.75-3.26-.37-.33-.75-.66-1.06-1.04-.65-.81-.68-1.64-.13-2.26.56-.63,1.38-.7,2.25-.16.28.17.54.39.79.6,3.06,2.62,6.12,5.24,9.17,7.88.46.4.92.81,1.29,1.28,1.12,1.39.92,2.84-.53,3.85-.49.34-1.06.6-1.6.86-2.99,1.41-6,2.81-8.99,4.22-1.66.78-2.02.8-3.66.07-.13-1.46.74-2.33,1.91-2.94,2.06-1.06,4.16-2.05,6.24-3.07.47-.23.93-.47,1.35-.85-2.57-.99-5.17-1.31-7.76-.53-2.11.63-4.18,1.43-6.18,2.34-4.3,1.95-8.14,4.65-11.94,7.41-2.28,1.65-4.52,3.38-6.91,4.85-2.25,1.38-4.63,2.56-7.04,3.64-1.24.55-2.64.81-3.99,1-3.01.42-5.58-.58-7.52-2.91-.91-1.09-1.69-2.32-2.36-3.58-.83-1.55-1.48-3.2-2.23-4.8-.66-1.4-1.27-2.83-2.03-4.16-2.33-4.06-5.35-5.57-9.97-4.68-2.42.47-4.83,1.23-7.07,2.23-7.84,3.49-14.82,8.29-20.89,14.38-.47.47-.94.95-1.48,1.31-.59.4-1.26.4-1.83-.11-.56-.51-.65-1.17-.34-1.82.23-.49.57-.96.96-1.33,1.83-1.75,3.62-3.57,5.58-5.18,5.57-4.59,11.64-8.38,18.35-11.1,2.51-1.02,5.1-1.78,7.83-1.96,4.63-.3,8.34,1.36,10.92,5.23,1.03,1.55,1.85,3.26,2.67,4.94.98,1.98,1.77,4.05,2.8,6,2.25,4.24,4.64,5.23,9.13,3.5,2.45-.95,4.8-2.24,7.04-3.62,2.44-1.5,4.71-3.27,7.04-4.96,3.72-2.69,7.51-5.26,11.69-7.19,1.8-.83,3.66-1.55,5.52-2.23,2.1-.77,4.29-1.02,6.52-.88.3.02.61.02,1.19.03Z\"\/>\n                <\/g>\n                <\/svg><\/a><\/p>\n","protected":false},"author":1,"featured_media":0,"parent":0,"menu_order":53,"comment_status":"closed","ping_status":"closed","template":"page-templates\/no-title.php","meta":{"_acf_changed":false,"productId":0,"courseId":0,"footnotes":""},"class_list":["post-19854","page","type-page","status-publish","hentry"],"acf":[],"_links":{"self":[{"href":"https:\/\/www.elebe.at\/es\/wp-json\/wp\/v2\/pages\/19854","targetHints":{"allow":["GET"]}}],"collection":[{"href":"https:\/\/www.elebe.at\/es\/wp-json\/wp\/v2\/pages"}],"about":[{"href":"https:\/\/www.elebe.at\/es\/wp-json\/wp\/v2\/types\/page"}],"author":[{"embeddable":true,"href":"https:\/\/www.elebe.at\/es\/wp-json\/wp\/v2\/users\/1"}],"replies":[{"embeddable":true,"href":"https:\/\/www.elebe.at\/es\/wp-json\/wp\/v2\/comments?post=19854"}],"version-history":[{"count":7,"href":"https:\/\/www.elebe.at\/es\/wp-json\/wp\/v2\/pages\/19854\/revisions"}],"predecessor-version":[{"id":20080,"href":"https:\/\/www.elebe.at\/es\/wp-json\/wp\/v2\/pages\/19854\/revisions\/20080"}],"wp:attachment":[{"href":"https:\/\/www.elebe.at\/es\/wp-json\/wp\/v2\/media?parent=19854"}],"curies":[{"name":"wp","href":"https:\/\/api.w.org\/{rel}","templated":true}]}}