{"id":484,"date":"2020-07-10T01:52:11","date_gmt":"2020-07-09T23:52:11","guid":{"rendered":"https:\/\/www.elebe.at\/?page_id=484"},"modified":"2023-11-12T12:38:26","modified_gmt":"2023-11-12T11:38:26","slug":"online-bildungskarenz-es","status":"publish","type":"page","link":"https:\/\/www.elebe.at\/es\/cursos-indice\/online-bildungskarenz-es\/","title":{"rendered":"Cursos de espa\u00f1ol online para la Bildungskarenz 2023"},"content":{"rendered":"\n<div style=\"height:25px\" aria-hidden=\"true\" class=\"wp-block-spacer\"><\/div>\n\n\n\n<div class=\"wp-block-columns is-layout-flex wp-container-core-columns-is-layout-28f84493 wp-block-columns-is-layout-flex\">\n<div class=\"wp-block-column is-layout-flow wp-block-column-is-layout-flow\" style=\"flex-basis:33.33%\">\n<div class=\"wp-block-group is-layout-flow wp-block-group-is-layout-flow\">\n<h2 class=\"wp-block-heading\">Cursos de espa\u00f1ol online para la Bildungskarenz en Austria: Cursos a distancia sin clases presenciales.<\/h2>\n\n\n\n<p class=\"has-sea-green-color has-text-color\"><strong>Nuestros cursos en l\u00ednea cumplen todos los requisitos del AMS para la formaci\u00f3n continua en el marco de la Bildungskarenz.<\/strong><\/p>\n\n\n\n<div style=\"height:54px\" aria-hidden=\"true\" class=\"wp-block-spacer\"><\/div>\n\n\n\n<div style=\"height:20px\" aria-hidden=\"true\" class=\"wp-block-spacer\"><\/div>\n\n\n\n<div class=\"wp-block-buttons is-layout-flex wp-block-buttons-is-layout-flex\">\n<div class=\"wp-block-button\"><a class=\"wp-block-button__link wp-element-button\" href=\"https:\/\/www.elebe.at\/es\/contacto\/\">Solicita un presupuesto<\/a><\/div>\n<\/div>\n\n\n\n<div style=\"height:42px\" aria-hidden=\"true\" class=\"wp-block-spacer\"><\/div>\n<\/div>\n\n\n\n<figure class=\"wp-block-image size-large\"><img loading=\"lazy\" decoding=\"async\" width=\"570\" height=\"631\" src=\"https:\/\/www.elebe.at\/wp-content\/uploads\/fondo-chica-bici.png\" alt=\"\" class=\"wp-image-222\" srcset=\"https:\/\/www.elebe.at\/wp-content\/uploads\/fondo-chica-bici.png 570w, https:\/\/www.elebe.at\/wp-content\/uploads\/fondo-chica-bici-271x300.png 271w\" sizes=\"auto, (max-width: 570px) 100vw, 570px\" \/><\/figure>\n<\/div>\n\n\n\n<div class=\"wp-block-column is-layout-flow wp-block-column-is-layout-flow\" style=\"flex-basis:66.66%\">\n<p>Aprendizaje en l\u00ednea y, sin embargo, en un ambiente familiar, el mejor lugar para tu excedencia por formaci\u00f3n. En una peque\u00f1a academia de idiomas pero con una gran plataforma de aprendizaje online. <\/p>\n\n\n\n<p>Desarrollamos y actualizamos constantemente nuestros materiales. En la plataforma de aprendizaje online Caramba encontrar\u00e1s todo tipo de actividades, incluyendo memorys, v\u00eddeos, ejercicios interactivos para aprender de forma l\u00fadica.  En nuestras aulas virtuales podr\u00e1s conversar e interactuar en espa\u00f1ol con participantes del curso. Tenemos en cuenta las sorprendentes diferencias entre Espa\u00f1a y Am\u00e9rica Latina. \u00a1Simplemente ofrecemos m\u00e1s!&nbsp;<br><\/p>\n\n\n\n<h3 class=\"wp-block-heading\">Nuestros alumnos de espa\u00f1ol de la Bildungskarenz hablan por elebe. Lo que aprecian:<\/h3>\n\n\n\n<ul class=\"wp-block-list wp-block-list\">\n<li><strong>Tenemos todos los niveles: <\/strong>A1 &#8211; A2 &#8211; B1 &#8211; B2 &#8211; C1 \u00a1Te acompa\u00f1amos hasta el final! Cada nivel tiene una duraci\u00f3n diferente, seg\u00fan su dificultad. Para garantizar el aprendizaje del espa\u00f1ol, cuanto m\u00e1s avanzado es el nivel, m\u00e1s tiempo se tiene para hacer el curso.<\/li>\n\n\n\n<li><strong>Nuestra propia plataforma de aprendizaje en l\u00ednea <\/strong>para el aprendizaje de idiomas con la supervisi\u00f3n de nuestro equipo docente, con espa\u00f1ol como lengua materna, que comprueba  regularmente los objetivos de aprendizaje.&nbsp;<\/li>\n\n\n\n<li>Salas virtuales en la plataforma para hablar con otros estudiantes.<\/li>\n\n\n\n<li><strong>La comunicaci\u00f3n con el equipo docente <\/strong>en lo que respecta a cuestiones de contenido, retroalimentaci\u00f3n, etc., tiene lugar regularmente de forma electr\u00f3nica, pero tambi\u00e9n por tel\u00e9fono o en&nbsp; la escuela, con cita previa.<\/li>\n\n\n\n<li><strong>Tambi\u00e9n aprendemos con un libro en papel<\/strong>. As\u00ed que tenemos lo mejor de los \u00abnuevos tiempos digitales\u00bb, pero tambi\u00e9n del libro de papel. En nuestra propia plataforma de aprendizaje en l\u00ednea el contenido se adapta al nivel respectivo.&nbsp;<\/li>\n\n\n\n<li><strong>\u00a1Somos flexibles!<\/strong> \u00a1El comienzo y el fin del curso son posibles en cualquier momento!<\/li>\n\n\n\n<li><strong>No se necesitan conocimientos especiales de inform\u00e1tica.&nbsp;<\/strong><\/li>\n\n\n\n<li><strong>Aprovechamos el potencial de la digitalizaci\u00f3n para el apoyo individual<\/strong>. Como no todos aprenden al mismo ritmo, s\u00f3lo predeterminamos el m\u00ednimo. \u00a1Siempre puedes aprender m\u00e1s!<\/li>\n\n\n\n<li>&nbsp;El curso de espa\u00f1ol e-Learning es aprendizaje supervisado con hablantes nativos cualificados de Espa\u00f1a o Am\u00e9rica Latina.  <\/li>\n\n\n\n<li>Si lo deseas,  puedes reservar<strong> clases extra de conversaci\u00f3n<\/strong> con profe online o en la academia, o anotarte en nuestros cursos de espa\u00f1ol culinarios con tapas y paella. \u00a1Si vamos al cine o al teatro te informaremos tambi\u00e9n!<\/li>\n\n\n\n<li><strong>Tiempo requerido<\/strong>: 16 o 20 horas por semana de acuerdo a las normas del AMS. Se requiere una participaci\u00f3n activa y regular en la plataforma electr\u00f3nica de elebe, Caramba.&nbsp;El AMS s\u00f3lo necesita u<a href=\"https:\/\/www.elebe.at\/es\/cursos\/espanol-online-bildungskarenz-austria\/\">na confirmaci\u00f3n de <\/a><a rel=\"noreferrer noopener\" href=\"https:\/\/www.elebe.at\/es\/cursos\/espanol-online-bildungskarenz-austria\/\" target=\"_blank\">matr\u00edcula<\/a>.<\/li>\n<\/ul>\n\n\n\n<div style=\"height:39px\" aria-hidden=\"true\" class=\"wp-block-spacer\"><\/div>\n\n\n\n<p class=\"has-secondary-background-color has-background\"><strong>Nuestros cursos se rigen por el marco com\u00fan&nbsp;<a href=\"http:\/\/es.wikipedia.org\/wiki\/Marco_com%C3%BAn_europeo_de_referencia_para_las_lenguas\">europeo de referencia para lenguas<\/a>&nbsp;y se termina la Bildungskarenz con un examen internacionalmente reconocido del mayor nivel alcanzado.<\/strong><\/p>\n<\/div>\n<\/div>\n","protected":false},"excerpt":{"rendered":"<p>Cursos de espa\u00f1ol online para la Bildungskarenz en Austria: Cursos a distancia sin clases presenciales. Nuestros cursos en [&#8230;]<\/p>\n<p><a class=\"read-more-arrow\" href=\"https:\/\/www.elebe.at\/es\/cursos-indice\/online-bildungskarenz-es\/\"><svg width=\"106\" height=\"31\" id=\"Capa_2\" xmlns=\"http:\/\/www.w3.org\/2000\/svg\" viewBox=\"0 0 105.75 31.05\">\n                <g id=\"Capa_1-2\" fill=\"var(--bs-primary)\">\n                    <path class=\"cls-1\" d=\"M97.42,8.06c-.44-.46-.68-.74-.96-.98-1.25-1.09-2.51-2.16-3.75-3.26-.37-.33-.75-.66-1.06-1.04-.65-.81-.68-1.64-.13-2.26.56-.63,1.38-.7,2.25-.16.28.17.54.39.79.6,3.06,2.62,6.12,5.24,9.17,7.88.46.4.92.81,1.29,1.28,1.12,1.39.92,2.84-.53,3.85-.49.34-1.06.6-1.6.86-2.99,1.41-6,2.81-8.99,4.22-1.66.78-2.02.8-3.66.07-.13-1.46.74-2.33,1.91-2.94,2.06-1.06,4.16-2.05,6.24-3.07.47-.23.93-.47,1.35-.85-2.57-.99-5.17-1.31-7.76-.53-2.11.63-4.18,1.43-6.18,2.34-4.3,1.95-8.14,4.65-11.94,7.41-2.28,1.65-4.52,3.38-6.91,4.85-2.25,1.38-4.63,2.56-7.04,3.64-1.24.55-2.64.81-3.99,1-3.01.42-5.58-.58-7.52-2.91-.91-1.09-1.69-2.32-2.36-3.58-.83-1.55-1.48-3.2-2.23-4.8-.66-1.4-1.27-2.83-2.03-4.16-2.33-4.06-5.35-5.57-9.97-4.68-2.42.47-4.83,1.23-7.07,2.23-7.84,3.49-14.82,8.29-20.89,14.38-.47.47-.94.95-1.48,1.31-.59.4-1.26.4-1.83-.11-.56-.51-.65-1.17-.34-1.82.23-.49.57-.96.96-1.33,1.83-1.75,3.62-3.57,5.58-5.18,5.57-4.59,11.64-8.38,18.35-11.1,2.51-1.02,5.1-1.78,7.83-1.96,4.63-.3,8.34,1.36,10.92,5.23,1.03,1.55,1.85,3.26,2.67,4.94.98,1.98,1.77,4.05,2.8,6,2.25,4.24,4.64,5.23,9.13,3.5,2.45-.95,4.8-2.24,7.04-3.62,2.44-1.5,4.71-3.27,7.04-4.96,3.72-2.69,7.51-5.26,11.69-7.19,1.8-.83,3.66-1.55,5.52-2.23,2.1-.77,4.29-1.02,6.52-.88.3.02.61.02,1.19.03Z\"\/>\n                <\/g>\n                <\/svg><\/a><\/p>\n","protected":false},"author":1,"featured_media":223,"parent":54,"menu_order":0,"comment_status":"closed","ping_status":"closed","template":"","meta":{"_acf_changed":false,"productId":0,"courseId":0,"footnotes":""},"class_list":["post-484","page","type-page","status-publish","has-post-thumbnail","hentry"],"acf":[],"_links":{"self":[{"href":"https:\/\/www.elebe.at\/es\/wp-json\/wp\/v2\/pages\/484","targetHints":{"allow":["GET"]}}],"collection":[{"href":"https:\/\/www.elebe.at\/es\/wp-json\/wp\/v2\/pages"}],"about":[{"href":"https:\/\/www.elebe.at\/es\/wp-json\/wp\/v2\/types\/page"}],"author":[{"embeddable":true,"href":"https:\/\/www.elebe.at\/es\/wp-json\/wp\/v2\/users\/1"}],"replies":[{"embeddable":true,"href":"https:\/\/www.elebe.at\/es\/wp-json\/wp\/v2\/comments?post=484"}],"version-history":[{"count":31,"href":"https:\/\/www.elebe.at\/es\/wp-json\/wp\/v2\/pages\/484\/revisions"}],"predecessor-version":[{"id":12792,"href":"https:\/\/www.elebe.at\/es\/wp-json\/wp\/v2\/pages\/484\/revisions\/12792"}],"up":[{"embeddable":true,"href":"https:\/\/www.elebe.at\/es\/wp-json\/wp\/v2\/pages\/54"}],"wp:featuredmedia":[{"embeddable":true,"href":"https:\/\/www.elebe.at\/es\/wp-json\/wp\/v2\/media\/223"}],"wp:attachment":[{"href":"https:\/\/www.elebe.at\/es\/wp-json\/wp\/v2\/media?parent=484"}],"curies":[{"name":"wp","href":"https:\/\/api.w.org\/{rel}","templated":true}]}}