{"id":491,"date":"2020-07-10T01:57:06","date_gmt":"2020-07-09T23:57:06","guid":{"rendered":"https:\/\/www.elebe.at\/?page_id=491"},"modified":"2025-10-08T14:53:56","modified_gmt":"2025-10-08T12:53:56","slug":"clases-particulares","status":"publish","type":"page","link":"https:\/\/www.elebe.at\/es\/cursos-indice\/clases-particulares\/","title":{"rendered":"Clases particulares"},"content":{"rendered":"\n<div class=\"wp-block-columns is-layout-flex wp-container-core-columns-is-layout-28f84493 wp-block-columns-is-layout-flex\">\n<div class=\"wp-block-column is-layout-flow wp-block-column-is-layout-flow\" style=\"flex-basis:33.33%\">\n<h3 class=\"wp-block-heading\">La clases particulares son flexibles y se acuerdan entre docente y estudiante.<\/h3>\n\n\n\n<div style=\"height:44px\" aria-hidden=\"true\" class=\"wp-block-spacer\"><\/div>\n\n\n\n<figure class=\"wp-block-image size-large\"><img loading=\"lazy\" decoding=\"async\" width=\"570\" height=\"621\" src=\"https:\/\/www.elebe.at\/wp-content\/uploads\/fondo-chico.png\" alt=\"\" class=\"wp-image-224\" srcset=\"https:\/\/www.elebe.at\/wp-content\/uploads\/fondo-chico.png 570w, https:\/\/www.elebe.at\/wp-content\/uploads\/fondo-chico-275x300.png 275w\" sizes=\"auto, (max-width: 570px) 100vw, 570px\" \/><\/figure>\n\n\n\n<div style=\"height:44px\" aria-hidden=\"true\" class=\"wp-block-spacer\"><\/div>\n<\/div>\n\n\n\n<div class=\"wp-block-column is-layout-flow wp-block-column-is-layout-flow\" style=\"flex-basis:66.66%\">\n<p>En elebe ofrecemos&nbsp;<strong>clases de refuerzo escolar<\/strong>&nbsp;y<strong>&nbsp;preparaci\u00f3n para Matura&nbsp;<\/strong>tanto privadas como en peque\u00f1os grupos. Las clases se dise\u00f1an en base a las necesidades de cada alumno o alumna. Desde ayuda con la tarea diaria hasta preparaci\u00f3n de ex\u00e1menes, correcci\u00f3n de textos y clases de conversaci\u00f3n. En elebe contamos con un equipo altamente cualificado y con experiencia en la ense\u00f1anza de j\u00f3venes. Nuestras modernas instalaciones, que cuentan con una sala de estudio con ordenadores, est\u00e1n equipadas con la \u00faltima tecnolog\u00eda: pizarras digitales e internet en todas las aulas.<\/p>\n\n\n\n<p>\u00a1Ven a conocernos y ver\u00e1s c\u00f3mo aprobar espa\u00f1ol es divertido! M\u00e1s informaci\u00f3n sobre<a href=\"https:\/\/www.elebe.at\/elebe-kurse\/spanisch-privatunterricht-nachhilfe\/\"> clases particulares de espa\u00f1ol en este enlace. <\/a><\/p>\n\n\n\n<p><em>*Steuerfrei gem\u00e4\u00df \u00a7 6 Abs. 1 Z 11 UStG.<\/em><\/p>\n\n\n\n<div style=\"height:49px\" aria-hidden=\"true\" class=\"wp-block-spacer\"><\/div>\n\n\n\n<div class=\"wp-block-group has-primary-color has-light-background-color has-text-color has-background is-layout-flow wp-block-group-is-layout-flow\">\n<p><strong>Precios\u00a0<\/strong><br><em>50.-\u20ac por clase\u00a0(55 minutos) m\u00ednimo dos horas.<\/em><\/p>\n\n\n\n<p>Tambi\u00e9n es posible&nbsp;una clase para dos personas (&nbsp;<strong>25.- \u20ac<\/strong>&nbsp;por persona y hora) o tres (<strong>20.- \u20ac<\/strong>)&nbsp;. Un grupo m\u00e1s reducido en comparaci\u00f3n con nuestros cursos habituales de entre 5 y 8 personas.<\/p>\n\n\n\n<p class=\"has-small-font-size\"><em>Precio para clases en nuestras instalaciones, para otros lugares de Viena el precio se incrementa en 2<\/em><em>8 \u20ac por cita. Abfahrtpauschalen im restlichen \u00d6sterreich auf Anfrage. Die Kosten des Kursbuches werden extra verrechnet.<\/em><\/p>\n<\/div>\n<\/div>\n<\/div>\n","protected":false},"excerpt":{"rendered":"<p>La clases particulares son flexibles y se acuerdan entre docente y estudiante. En elebe ofrecemos&nbsp;clases de refuerzo escolar&nbsp;y&nbsp;preparaci\u00f3n [&#8230;]<\/p>\n<p><a class=\"read-more-arrow\" href=\"https:\/\/www.elebe.at\/es\/cursos-indice\/clases-particulares\/\"><svg width=\"106\" height=\"31\" id=\"Capa_2\" xmlns=\"http:\/\/www.w3.org\/2000\/svg\" viewBox=\"0 0 105.75 31.05\">\n                <g id=\"Capa_1-2\" fill=\"var(--bs-primary)\">\n                    <path class=\"cls-1\" d=\"M97.42,8.06c-.44-.46-.68-.74-.96-.98-1.25-1.09-2.51-2.16-3.75-3.26-.37-.33-.75-.66-1.06-1.04-.65-.81-.68-1.64-.13-2.26.56-.63,1.38-.7,2.25-.16.28.17.54.39.79.6,3.06,2.62,6.12,5.24,9.17,7.88.46.4.92.81,1.29,1.28,1.12,1.39.92,2.84-.53,3.85-.49.34-1.06.6-1.6.86-2.99,1.41-6,2.81-8.99,4.22-1.66.78-2.02.8-3.66.07-.13-1.46.74-2.33,1.91-2.94,2.06-1.06,4.16-2.05,6.24-3.07.47-.23.93-.47,1.35-.85-2.57-.99-5.17-1.31-7.76-.53-2.11.63-4.18,1.43-6.18,2.34-4.3,1.95-8.14,4.65-11.94,7.41-2.28,1.65-4.52,3.38-6.91,4.85-2.25,1.38-4.63,2.56-7.04,3.64-1.24.55-2.64.81-3.99,1-3.01.42-5.58-.58-7.52-2.91-.91-1.09-1.69-2.32-2.36-3.58-.83-1.55-1.48-3.2-2.23-4.8-.66-1.4-1.27-2.83-2.03-4.16-2.33-4.06-5.35-5.57-9.97-4.68-2.42.47-4.83,1.23-7.07,2.23-7.84,3.49-14.82,8.29-20.89,14.38-.47.47-.94.95-1.48,1.31-.59.4-1.26.4-1.83-.11-.56-.51-.65-1.17-.34-1.82.23-.49.57-.96.96-1.33,1.83-1.75,3.62-3.57,5.58-5.18,5.57-4.59,11.64-8.38,18.35-11.1,2.51-1.02,5.1-1.78,7.83-1.96,4.63-.3,8.34,1.36,10.92,5.23,1.03,1.55,1.85,3.26,2.67,4.94.98,1.98,1.77,4.05,2.8,6,2.25,4.24,4.64,5.23,9.13,3.5,2.45-.95,4.8-2.24,7.04-3.62,2.44-1.5,4.71-3.27,7.04-4.96,3.72-2.69,7.51-5.26,11.69-7.19,1.8-.83,3.66-1.55,5.52-2.23,2.1-.77,4.29-1.02,6.52-.88.3.02.61.02,1.19.03Z\"\/>\n                <\/g>\n                <\/svg><\/a><\/p>\n","protected":false},"author":1,"featured_media":0,"parent":54,"menu_order":20,"comment_status":"closed","ping_status":"closed","template":"","meta":{"_acf_changed":false,"productId":0,"courseId":0,"footnotes":""},"class_list":["post-491","page","type-page","status-publish","hentry"],"acf":[],"_links":{"self":[{"href":"https:\/\/www.elebe.at\/es\/wp-json\/wp\/v2\/pages\/491","targetHints":{"allow":["GET"]}}],"collection":[{"href":"https:\/\/www.elebe.at\/es\/wp-json\/wp\/v2\/pages"}],"about":[{"href":"https:\/\/www.elebe.at\/es\/wp-json\/wp\/v2\/types\/page"}],"author":[{"embeddable":true,"href":"https:\/\/www.elebe.at\/es\/wp-json\/wp\/v2\/users\/1"}],"replies":[{"embeddable":true,"href":"https:\/\/www.elebe.at\/es\/wp-json\/wp\/v2\/comments?post=491"}],"version-history":[{"count":2,"href":"https:\/\/www.elebe.at\/es\/wp-json\/wp\/v2\/pages\/491\/revisions"}],"predecessor-version":[{"id":18726,"href":"https:\/\/www.elebe.at\/es\/wp-json\/wp\/v2\/pages\/491\/revisions\/18726"}],"up":[{"embeddable":true,"href":"https:\/\/www.elebe.at\/es\/wp-json\/wp\/v2\/pages\/54"}],"wp:attachment":[{"href":"https:\/\/www.elebe.at\/es\/wp-json\/wp\/v2\/media?parent=491"}],"curies":[{"name":"wp","href":"https:\/\/api.w.org\/{rel}","templated":true}]}}