{"id":57,"date":"2020-06-25T14:03:20","date_gmt":"2020-06-25T14:03:20","guid":{"rendered":"https:\/\/www.elebe.at\/?page_id=57"},"modified":"2025-01-24T10:23:48","modified_gmt":"2025-01-24T09:23:48","slug":"aviso-legal","status":"publish","type":"page","link":"https:\/\/www.elebe.at\/es\/aviso-legal\/","title":{"rendered":"Aviso legal"},"content":{"rendered":"\n<p><strong>Empresa y forma jur\u00eddica:<\/strong>&nbsp;elebe Estefania Lopez Ballbe e.U<br><strong>Sita en:<\/strong>&nbsp;Volkertplatz 1\/19, 1020 Wien<\/p>\n\n\n\n<p><strong>Lugar de desarrollo de la actividad:<\/strong>&nbsp;Volkertplatz 1\/19, 1020 Wien<\/p>\n\n\n\n<p><strong>Tel.:<\/strong>&nbsp; +43 69911547177<br><strong>E-Mail:<\/strong>&nbsp;info[at]elebe.at<br><a href=\"http:\/\/www.elebe.at\/\">www.elebe.at<\/a><\/p>\n\n\n\n<p>Objeto de la empresa: Informaci\u00f3n por medio de plataforma online; servicios ling\u00fc\u00edsticos: academia de espa\u00f1ol, traducciones y lectorado.<\/p>\n\n\n\n<p><strong>Competencia judicial:<\/strong>\u00a0Handelsgericht Wien (Registro Mercantil de Viena)<br><strong>Inscrita con el n\u00famero:<\/strong>\u00a0FN 358768 a<br>Miembro de la C\u00e1mara de Comercio de Viena<br><strong>Autoridad competente:\u00a0<\/strong>\u00a0Magistratisches Bezirksamt des II. Bezirkes, Wien<\/p>\n\n\n\n<figure class=\"wp-block-image\"><img decoding=\"async\" src=\"https:\/\/lh3.googleusercontent.com\/Aab4iyZ_Phbpy43JiADJIQYg5m_1PYdO_6ifvBtfOievgwePCxRHvyGcekWvcq1nDrNGEd-aYelRrdBbjN0fYB68sYHkgl55jRo8grgrMEGNghgYHXHruODY61z3lCjTYfN_ZemThq4\" alt=\"Informationen zu E-Commerce und Mediengesetz\"\/><\/figure>\n\n\n\n<p>Seg\u00fan el reglamento de derecho laboral de Austria (<a href=\"http:\/\/www.ris.bka.gv.at\/\">www.ris.bka.gv.at<\/a>)<\/p>\n\n\n\n<p><strong>elebe&nbsp;<\/strong>se reserva el derecho a suprimir de su p\u00e1gina web comentarios inapropiados as\u00ed como ofensas a terceros. A pesar de un control exhaustivo de los enlaces externos, no nos hacemos responsables de su validez o contenido. Asimismo, el contenido de p\u00e1ginas web ajenas a elebe es responsabilidad exclusiva de su propietario. <\/p>\n\n\n\n<p>elebe se reserva el derecho de admisi\u00f3n.<\/p>\n\n\n\n<p>*Protecci\u00f3n de datos: Los datos personales recogidos en en nuestros formularios solo ser\u00e1n utilizados para uso interno, no se traspasar\u00e1n a terceros ni se utilizar\u00e1n para publicidad.<\/p>\n","protected":false},"excerpt":{"rendered":"<p>Empresa y forma jur\u00eddica:&nbsp;elebe Estefania Lopez Ballbe e.USita en:&nbsp;Volkertplatz 1\/19, 1020 Wien Lugar de desarrollo de la actividad:&nbsp;Volkertplatz [&#8230;]<\/p>\n<p><a class=\"read-more-arrow\" href=\"https:\/\/www.elebe.at\/es\/aviso-legal\/\"><svg width=\"106\" height=\"31\" id=\"Capa_2\" xmlns=\"http:\/\/www.w3.org\/2000\/svg\" viewBox=\"0 0 105.75 31.05\">\n                <g id=\"Capa_1-2\" fill=\"var(--bs-primary)\">\n                    <path class=\"cls-1\" d=\"M97.42,8.06c-.44-.46-.68-.74-.96-.98-1.25-1.09-2.51-2.16-3.75-3.26-.37-.33-.75-.66-1.06-1.04-.65-.81-.68-1.64-.13-2.26.56-.63,1.38-.7,2.25-.16.28.17.54.39.79.6,3.06,2.62,6.12,5.24,9.17,7.88.46.4.92.81,1.29,1.28,1.12,1.39.92,2.84-.53,3.85-.49.34-1.06.6-1.6.86-2.99,1.41-6,2.81-8.99,4.22-1.66.78-2.02.8-3.66.07-.13-1.46.74-2.33,1.91-2.94,2.06-1.06,4.16-2.05,6.24-3.07.47-.23.93-.47,1.35-.85-2.57-.99-5.17-1.31-7.76-.53-2.11.63-4.18,1.43-6.18,2.34-4.3,1.95-8.14,4.65-11.94,7.41-2.28,1.65-4.52,3.38-6.91,4.85-2.25,1.38-4.63,2.56-7.04,3.64-1.24.55-2.64.81-3.99,1-3.01.42-5.58-.58-7.52-2.91-.91-1.09-1.69-2.32-2.36-3.58-.83-1.55-1.48-3.2-2.23-4.8-.66-1.4-1.27-2.83-2.03-4.16-2.33-4.06-5.35-5.57-9.97-4.68-2.42.47-4.83,1.23-7.07,2.23-7.84,3.49-14.82,8.29-20.89,14.38-.47.47-.94.95-1.48,1.31-.59.4-1.26.4-1.83-.11-.56-.51-.65-1.17-.34-1.82.23-.49.57-.96.96-1.33,1.83-1.75,3.62-3.57,5.58-5.18,5.57-4.59,11.64-8.38,18.35-11.1,2.51-1.02,5.1-1.78,7.83-1.96,4.63-.3,8.34,1.36,10.92,5.23,1.03,1.55,1.85,3.26,2.67,4.94.98,1.98,1.77,4.05,2.8,6,2.25,4.24,4.64,5.23,9.13,3.5,2.45-.95,4.8-2.24,7.04-3.62,2.44-1.5,4.71-3.27,7.04-4.96,3.72-2.69,7.51-5.26,11.69-7.19,1.8-.83,3.66-1.55,5.52-2.23,2.1-.77,4.29-1.02,6.52-.88.3.02.61.02,1.19.03Z\"\/>\n                <\/g>\n                <\/svg><\/a><\/p>\n","protected":false},"author":1,"featured_media":0,"parent":0,"menu_order":99,"comment_status":"closed","ping_status":"closed","template":"","meta":{"_acf_changed":false,"productId":0,"courseId":0,"footnotes":""},"class_list":["post-57","page","type-page","status-publish","hentry"],"acf":[],"_links":{"self":[{"href":"https:\/\/www.elebe.at\/es\/wp-json\/wp\/v2\/pages\/57","targetHints":{"allow":["GET"]}}],"collection":[{"href":"https:\/\/www.elebe.at\/es\/wp-json\/wp\/v2\/pages"}],"about":[{"href":"https:\/\/www.elebe.at\/es\/wp-json\/wp\/v2\/types\/page"}],"author":[{"embeddable":true,"href":"https:\/\/www.elebe.at\/es\/wp-json\/wp\/v2\/users\/1"}],"replies":[{"embeddable":true,"href":"https:\/\/www.elebe.at\/es\/wp-json\/wp\/v2\/comments?post=57"}],"version-history":[{"count":4,"href":"https:\/\/www.elebe.at\/es\/wp-json\/wp\/v2\/pages\/57\/revisions"}],"predecessor-version":[{"id":17141,"href":"https:\/\/www.elebe.at\/es\/wp-json\/wp\/v2\/pages\/57\/revisions\/17141"}],"wp:attachment":[{"href":"https:\/\/www.elebe.at\/es\/wp-json\/wp\/v2\/media?parent=57"}],"curies":[{"name":"wp","href":"https:\/\/api.w.org\/{rel}","templated":true}]}}