{"id":14049,"date":"2025-12-17T14:53:17","date_gmt":"2025-12-17T13:53:17","guid":{"rendered":"https:\/\/www.elebe.at\/cursos\/schnupperkurs-e-learning-online-spanisch\/"},"modified":"2026-04-12T15:26:54","modified_gmt":"2026-04-12T13:26:54","slug":"gratis-e-learning-online-spanisch","status":"publish","type":"product","link":"https:\/\/www.elebe.at\/es\/cursos\/gratis-e-learning-online-spanisch\/","title":{"rendered":"Curso de prueba e-Learning Espa\u00f1ol"},"content":{"rendered":"<h2>\u00bfTodav\u00eda no conoces nuestros cursos de espa\u00f1ol en formato e-learning?<\/h2>\n<p>\u00bfNo te apetece o no tienes tiempo para asistir a un curso de espa\u00f1ol despu\u00e9s del trabajo? \u00bfY no quieres aprender espa\u00f1ol t\u00fa solo? Ya no es un problema, porque nuestros cursos en formato e-learning ofrecen lo siguiente:<\/p>\n<ol>\n<li>Flexibilidad: cu\u00e1ndo y d\u00f3nde quieras. \u00a1Fecha de inicio posible en cualquier momento!<\/li>\n<li>A tu propio ritmo<\/li>\n<li>No necesita clases presenciales ni en l\u00ednea con docente<\/li>\n<li>Aprendizaje tutorizado, no est\u00e1 solo, puesto que&#8230;<\/li>\n<li>el profesorado nativo de elebe corrige tus tareas, tanto escritas como de audio o video.<\/li>\n<\/ol>\n<p>Toda la informaci\u00f3n sobre estos cursos en este enlace:\u00a0<a href=\"https:\/\/www.elebe.at\/elebe-kurse\/e-learning-online-lernen\/\">https:\/\/www.elebe.at\/es\/cursos\/espanol-online\/\u00a0<\/a><\/p>\n<p>\u00bfTe gustar\u00eda hacer un curso como parte de una excedencia por formaci\u00f3n? <a href=\"https:\/\/www.elebe.at\/es\/cursos\/espanol-online-bildungskarenz-austria\/\">Inf\u00f3rmete aqu\u00ed.<\/a><\/p>\n<div style=\"width: 1140px;\" class=\"wp-video\"><video class=\"wp-video-shortcode\" id=\"video-14049-1\" width=\"1140\" height=\"641\" preload=\"metadata\" controls=\"controls\"><source type=\"video\/mp4\" src=\"https:\/\/www.elebe.at\/wp-content\/uploads\/online-spanisch-lernen-kurs-elebe.mp4?_=1\" \/><a href=\"https:\/\/www.elebe.at\/wp-content\/uploads\/online-spanisch-lernen-kurs-elebe.mp4\">https:\/\/www.elebe.at\/wp-content\/uploads\/online-spanisch-lernen-kurs-elebe.mp4<\/a><\/video><\/div>\n<p>El aprendizaje en l\u00ednea puede complementarse con clases presenciales en elebe o en un aula virtual con docente.<\/p>\n<h2>\u00a1Pru\u00e9balo ahora!<\/h2>\n<h2>Curso de prueba e-learning Espa\u00f1ol<\/h2>\n<p>\u00bfQuieres probar antes de apuntarte a un curso? \u00a1Lo entendemos! Esta es tu oportunidad, porque al inscribirte en este curso de prueba tendr\u00e1s acceso directo a la plataforma y al curso de prueba, que hemos llamado poquito.<\/p>\n<p>Se trata de un curso de prueba de lo<a href=\"https:\/\/www.elebe.at\/es\/cursos\/espanol-online\/\">s cursos de espa\u00f1ol online tutorizados.<\/a><\/p>\n<p>En este curso s\u00f3lo ofrecemos los niveles A1-A2-B1 para que te hagas una idea de la plataforma pero ofrecemos los niveles A1 a C1 as\u00ed como m\u00f3dulos de apoyo como espa\u00f1ol para las vacaciones o errores t\u00edpicos.<\/p>\n<p>En estos cursos hay, adem\u00e1s, salas virtuales donde puedes quedar con otras personas del curso para hablar y llevar a cabo determinados ejercicios.<\/p>\n<p>\u00bfTienes curiosidad? \u00bfA qu\u00e9 esperas? Matric\u00falate ahora gratis.<\/p>\n<h4>Despu\u00e9s de registrarte<\/h4>\n<p>\u00a1Atenci\u00f3n! El curso en l\u00ednea Poquito estar\u00e1 disponible en la parte inferior de la p\u00e1gina de inicio \u00abMis cursos en l\u00ednea\u00bb en cuanto confirmemos su pedido. Un poco de paciencia por favor \ud83d\ude42<\/p>\n","protected":false},"excerpt":{"rendered":"<h5 class=\"product_title entry-title\">Curso de prueba e-Learning Espa\u00f1ol<\/h5>\n<h5>Aprendizaje de espa\u00f1ol online tutorizado, e-learning en gran formato, cuando y donde quieras, con la plataforma de aprendizaje de elebe<\/h5>\n<p>Con un ordenador, el libro adecuado y el equipo elebe a tu lado, aprender\u00e1s espa\u00f1ol de forma divertida con muchos otros alumnos con los que interactuar\u00e1s en foros, chats y salas virtuales. \u00bfSiempre has querido aprender espa\u00f1ol? \u00a1Ahora tienes la oportunidad!<\/p>\n<p>Reg\u00edstrate y prueba el curso gratis. Es necesario registrarse para obtener un acceso personalizado a la plataforma con tu nombre de usuario y contrase\u00f1a.<\/p>\n<div class=\"wp-block-buttons\">\n<div class=\"wp-block-button is-style-arrow-link\"><a class=\"wp-block-button__link\" href=\"https:\/\/www.elebe.at\/es\/cursos\/gratis-e-learning-online-spanisch\/\">Leer m\u00e1s&#8230;<\/a><\/div>\n<\/div>\n","protected":false},"featured_media":13747,"template":"","meta":{"_acf_changed":false},"product_cat":[15],"product_tag":[504,184],"class_list":{"0":"post-14049","1":"product","2":"type-product","3":"status-publish","4":"has-post-thumbnail","6":"product_cat-e-learning","7":"product_tag-cursos-destacados","8":"product_tag-intensivo","9":"pa_horario-libre-es","10":"pa_nivel-a1","11":"pa_nivel-a1-1","12":"pa_nivel-a1-2","13":"pa_nivel-a2","14":"pa_nivel-a2-1","15":"pa_nivel-a2-2","16":"pa_nivel-b1","17":"pa_nivel-b1-1","18":"pa_nivel-b1-2","19":"pa_nivel-b2","20":"pa_nivel-b2-1","21":"pa_nivel-b2-2","22":"pa_nivel-c1","23":"pa_nivel-c1-1","24":"pa_nivel-c1-2","25":"pa_nivel-inicial-b2-1-2","26":"pa_nivel-inicial-b2-2-2","27":"pa_nivel-inicial-c1-1-2","28":"pa_nivel-inicial-c1-2-2","29":"pa_nivel-inicial-b1-2","30":"pa_nivel-inicial-a1-2","31":"pa_nivel-inicial-a2-2","32":"idioma-espanol","33":"plan-business","34":"plan-cultural","35":"plan-student","36":"plan-teacher","37":"plan-welcome","38":"tm-no-options","40":"first","41":"instock","42":"virtual","43":"sold-individually","44":"purchasable","45":"product-type-simple"},"acf":[],"_links":{"self":[{"href":"https:\/\/www.elebe.at\/es\/wp-json\/wp\/v2\/product\/14049","targetHints":{"allow":["GET"]}}],"collection":[{"href":"https:\/\/www.elebe.at\/es\/wp-json\/wp\/v2\/product"}],"about":[{"href":"https:\/\/www.elebe.at\/es\/wp-json\/wp\/v2\/types\/product"}],"wp:featuredmedia":[{"embeddable":true,"href":"https:\/\/www.elebe.at\/es\/wp-json\/wp\/v2\/media\/13747"}],"wp:attachment":[{"href":"https:\/\/www.elebe.at\/es\/wp-json\/wp\/v2\/media?parent=14049"}],"wp:term":[{"taxonomy":"product_cat","embeddable":true,"href":"https:\/\/www.elebe.at\/es\/wp-json\/wp\/v2\/product_cat?post=14049"},{"taxonomy":"product_tag","embeddable":true,"href":"https:\/\/www.elebe.at\/es\/wp-json\/wp\/v2\/product_tag?post=14049"}],"curies":[{"name":"wp","href":"https:\/\/api.w.org\/{rel}","templated":true}]}}