{"id":1594,"date":"2026-04-21T09:43:46","date_gmt":"2026-04-21T07:43:46","guid":{"rendered":"https:\/\/www.elebe.at\/cursos\/espanol-para-principiantes-absolutos\/"},"modified":"2026-04-21T11:47:14","modified_gmt":"2026-04-21T09:47:14","slug":"espanol-principiantes-a1","status":"publish","type":"product","link":"https:\/\/www.elebe.at\/es\/cursos\/espanol-principiantes-a1\/","title":{"rendered":"Espa\u00f1ol A1.1 en Viena"},"content":{"rendered":"<h2>Cursos de espa\u00f1ol A1.1, para personas sin conocimientos previos<\/h2>\n<h3>Cursos mensuales nuevos en el distrito 2 de Viena, dos horas por semana por la ma\u00f1ana o por la tarde.<\/h3>\n<h4>April\u00a0de 2026<\/h4>\n<ul>\n<li>Del 14 de abril al 5 de mayo de 2026 &#8211; 8 unidades lectivas &#8211; 1 vez por semana\n<ul>\n<li>\u00a0Martes de 18:00 a 19:50 h<\/li>\n<\/ul>\n<\/li>\n<\/ul>\n<ul>\n<li>Del 20 de abril al 8 de junio de 2026 &#8211; 14 unidades lectivas &#8211; 1 vez por semana\n<ul>\n<li>\u00a0Lunes de 18:30 a 20:20 h<\/li>\n<\/ul>\n<\/li>\n<\/ul>\n<p><span style=\"font-size: 1.3rem; font-weight: bold;\">Aqu\u00ed comienza tu viaje al mundo del espa\u00f1ol&#8230; con los cursos de espa\u00f1ol de elebe, en Viena. \u00a1por supuesto!<\/span><\/p>\n<p><span lang=\"ES\">Lo bonito de los <b>principiantes<\/b> absolutos es que el avance es espectacular.\u00a0 Al principio nadie habla nada de espa\u00f1ol y poco a poco van haciendo peque\u00f1os di\u00e1logos; hacen actividades por parejas y en grupos, y nos sentimos especialmente orgullosos de sus progresos en el aprendizaje.<\/span><\/p>\n<p><span lang=\"ES\">Nuestros cursos de espa\u00f1ol se basan en los contenidos del <a href=\"https:\/\/es.wikipedia.org\/wiki\/Marco_Com%C3%BAn_Europeo_de_Referencia_para_las_lenguas#:~:text=El%20Marco%20Com%C3%BAn%20Europeo%20de,escrita%20en%20una%20determinada%20lengua.\" target=\"_blank\" rel=\"noopener noreferrer\">Marco Com\u00fan Europeo de Referencia para las Lenguas<\/a>. Con nuestro libro A1 trataremos, entre otros, los siguientes contenidos:\u00a0 saludar y presentarse, vocabulario sencillo: hobbies, trabajo, vacaciones, gustos y preferencias; fon\u00e9tica, verbos en presente\u2026 <\/span><\/p>\n<p><span lang=\"ES\">Con el libro digital y nuestras pizarras interactivas, la pronunciaci\u00f3n se practica especialmente, aunque todas las habilidades: escuchar, hablar, escribir y leer se aprenden y practican en situaciones pr\u00e1cticas\u00a0\u00a0<\/span><\/p>\n<p>Estos cursos presenciales tienen lugar en Viena con un m\u00ednimo de 4 participantes. El libro se cobrar\u00e1 por separado.<\/p>\n","protected":false},"excerpt":{"rendered":"<p>Cursos de espa\u00f1ol en Viena, dos horas a la semana, clases presenciales, nivel A1, no se requieren conocimientos previos. \u00a1Elige el d\u00eda que prefieras! Tambi\u00e9n se puede reservar de forma espont\u00e1nea. \u00a1Cursos nuevos cada mes!<\/p>\n<div class=\"wp-block-buttons\">\n<div class=\"wp-block-button is-style-arrow-link\"><a class=\"wp-block-button__link\" href=\"https:\/\/www.elebe.at\/es\/cursos\/espanol-principiantes-a1\/\">Leer m\u00e1s&#8230;<\/a><\/div>\n<\/div>\n","protected":false},"featured_media":169,"template":"","meta":{"_acf_changed":false},"product_cat":[122],"product_tag":[504,133],"class_list":{"0":"post-1594","1":"product","2":"type-product","3":"status-publish","4":"has-post-thumbnail","6":"product_cat-presencial","7":"product_tag-cursos-destacados","8":"product_tag-semestral","9":"pa_dia-de-la-semana-lunes","10":"pa_fecha-de-inicio-abril-2026","11":"pa_horario-noche-es","12":"pa_horario-tarde-es","13":"pa_nivel-a1","14":"pa_nivel-a1-1","15":"pa_nivel-inicial-principiante-a1-sin-conocimientos-previos","16":"idioma-espanol","17":"plan-business","18":"plan-cultural","19":"plan-student","20":"plan-teacher","21":"tm-no-options","23":"first","24":"instock","25":"featured","26":"sold-individually","27":"shipping-taxable","28":"purchasable","29":"product-type-variable"},"acf":[],"_links":{"self":[{"href":"https:\/\/www.elebe.at\/es\/wp-json\/wp\/v2\/product\/1594","targetHints":{"allow":["GET"]}}],"collection":[{"href":"https:\/\/www.elebe.at\/es\/wp-json\/wp\/v2\/product"}],"about":[{"href":"https:\/\/www.elebe.at\/es\/wp-json\/wp\/v2\/types\/product"}],"wp:featuredmedia":[{"embeddable":true,"href":"https:\/\/www.elebe.at\/es\/wp-json\/wp\/v2\/media\/169"}],"wp:attachment":[{"href":"https:\/\/www.elebe.at\/es\/wp-json\/wp\/v2\/media?parent=1594"}],"wp:term":[{"taxonomy":"product_cat","embeddable":true,"href":"https:\/\/www.elebe.at\/es\/wp-json\/wp\/v2\/product_cat?post=1594"},{"taxonomy":"product_tag","embeddable":true,"href":"https:\/\/www.elebe.at\/es\/wp-json\/wp\/v2\/product_tag?post=1594"}],"curies":[{"name":"wp","href":"https:\/\/api.w.org\/{rel}","templated":true}]}}