{"id":1692,"date":"2025-03-08T06:00:48","date_gmt":"2025-03-08T05:00:48","guid":{"rendered":"https:\/\/www.elebe.at\/cursos\/espanol-online-para-la-bildungskarenz\/"},"modified":"2026-04-12T15:27:31","modified_gmt":"2026-04-12T13:27:31","slug":"espanol-online-bildungskarenz-austria","status":"publish","type":"product","link":"https:\/\/www.elebe.at\/es\/cursos\/espanol-online-bildungskarenz-austria\/","title":{"rendered":"Cursos de espa\u00f1ol online para la Bildungskarenz"},"content":{"rendered":"<h2>Cursos online de espa\u00f1ol para tu <i>Bildungskarenz<\/i> en Austria<\/h2>\n<p>Cursos de espa\u00f1ol en l\u00ednea en la plataforma propia de elebe 100% optimizada para la Bildungskarenz en Austria. Actual, profesional, motivadora, con contenidos actuales y variados que abarcan todas las destrezas: leer, escribir, escuchar y hablar. El profesorado de elebe procedente de Espa\u00f1a y Latinoam\u00e9rica corrige las tareas y aclara tus dudas.<br \/>\nTrabajamos con el AMS desde el a\u00f1o 2011. Somos una academia seria y conocida en Viena, inscrita en la C\u00e1mara de Comercio de Austria.<\/p>\n<p>\u00a1Atenci\u00f3n! Para evitar fraude y poder hacer un certificado de matr\u00edcula para el AMS, es obligatorio abonar antes el importe del curso. Si la Bildungskarenz no tiene lugar por motivos ajenos al estudiante, se abonar\u00e1 el importe menos 80 \u20ac por gastos de cancelaci\u00f3n.<\/p>\n<p>&nbsp;<\/p>\n<h3>Aprendizaje a distancia con 5 horas online con docentes a la semana<\/h3>\n<p>El AMS ha reforzado sus requisitos para la Bildungskarenz con 5 horas presenciales obligatorias con profesores.<br \/>\nHemos aprovechado esta circunstancia para mejorar nuestros cursos. Ahora hay live webinarios todas las semanas con un profesor donde se explican diferentes temas de gram\u00e1tica, o de vocabulario; se hacen ejercicios interactivos y se consultan dudas. Hay diferentes horarios disponibles, ya que muchos de nuestros estudiantes est\u00e1n en Latinoam\u00e9rica, pero tambi\u00e9n hay en Europa e incluso alguno en Asia.<br \/>\nA partir de octubre reforzaremos nuestra oferta con m\u00e1s horarios.<br \/>\nEs obligatorio matricularse de cinco horas a la semana<\/p>\n<ul>\n<li>Los cursos online de espa\u00f1ol de elebe est\u00e1n 100% reconocidos por el AMS y cubren todas las destrezas: leer, escribir, escuchar, hablar e interactuar.\u00a0S\u00ed, has le\u00eddo correctamente, tambi\u00e9n se practica la expresi\u00f3n oral<\/li>\n<li>Todos los niveles, desde A1 a C1 y m\u00e1s. elebe te acompa\u00f1a hasta donde quieras, por el tiempo que quieras, entre dos y doce meses. Cada nivel tiene una duraci\u00f3n diferente, seg\u00fan su dificultad. Para garantizar el aprendizaje del espa\u00f1ol, cuanto m\u00e1s avanzado es el nivel, m\u00e1s tiempo se tiene para hacer el curso.\u00a0Contenidos profesionales y cursos de calidad, que dan el tiempo necesario para el aprendizaje, garantizan el \u00e9xito. Ya que nuestros precios son por mes, si alguien quiere avanzar m\u00e1s deprisa no hay ning\u00fan problema.<\/li>\n<li><b>A tu medida:<\/b> tambi\u00e9n puedes empezar con un curso para refrescar conocimientos.\u00a0\u00a0Haz un <a href=\"https:\/\/einstufungstests.klett-sprachen.de\/eks\/Spanisch-A1-B1\/\">test de nivel<\/a> para saber cu\u00e1l es el adecuado para ti.<\/li>\n<li><b>Individual<\/b>: aprendizaje independiente del tiempo y del lugar en la propia\u00a0plataforma de aprendizaje en l\u00ednea de elebe \u00abCaramba\u00bb.\u00a0Constantemente se desarrollan nuevos contenidos actualizados.<\/li>\n<li>Combinaci\u00f3n de libro y plataforma en l\u00ednea Cada nivel tiene una duraci\u00f3n diferente, seg\u00fan su dificultad. Para garantizar el aprendizaje del espa\u00f1ol, cuanto m\u00e1s avanzado es el nivel, m\u00e1s tiempo se tiene para hacer el curso. \u00a1Atenci\u00f3n! Los cursos regulares con su libro correspondiente tienen lugar a partir de tres meses. Para cursos de menos duraci\u00f3n ofrecemos m\u00f3dulos de aprendizaje adecuados a cada nivel, sin libro.<br \/>\n<b><\/b><\/li>\n<li><b>Efectivo<\/b>: t\u00fa estudias por tu cuenta, a tu ritmo, pero bajo supervisi\u00f3n, para que alcances tus objetivos.<\/li>\n<li>Horarios de aprendizaje flexibles y tambi\u00e9n fechas flexibles, porque la fecha de inicio y fin es individual. \u00a1En cualquier momento, cualquier d\u00eda!<\/li>\n<li>Profes motivados para ayudarte: Te dan informaci\u00f3n regularmente, responden a tus preguntas y corrigen tus tareas &#8211; \u00a1la comunicaci\u00f3n directa es posible!<\/li>\n<li><b>Econ\u00f3mico<\/b>: El libro de texto necesario est\u00e1 incluido en el precio.<\/li>\n<\/ul>\n<p>Haz clic aqu\u00ed para obtener m\u00e1s informaci\u00f3n o para solicitar un <a href=\"https:\/\/www.elebe.at\/es\/cursos-indice\/online-bildungskarenz-es\/\">presupuesto para tu curso de espa\u00f1ol online para tu <i>Bildungskarenz<\/i>,<\/a> o si ya lo tienes, matric\u00falate directamente. Ten en cuenta que al inscribirte aceptas los t\u00e9rminos y condiciones de la academia.<br \/>\nNo olvides indicar la fecha aproximada de inicio, la duraci\u00f3n y el nivel de inicio.<\/p>\n<p>En el momento de la inscripci\u00f3n se generar\u00e1 una factura autom\u00e1ticamente. Debes pagarla inmediatamente para que podamos enviarte la confirmaci\u00f3n del AMS.<\/p>\n","protected":false},"excerpt":{"rendered":"<h3>Curso de espa\u00f1ol en l\u00ednea para\u00a0 Bildungskarenz<\/h3>\n<p>Creea una cuenta de usuario al inscribirte. Esto te dar\u00e1 acceso a la plataforma y autom\u00e1ticamente le dar\u00e1 acceso al curso A1, donde tiene lugar la reuni\u00f3n para conocerse antes del comienzo del curso.<\/p>\n<p>Subvenciones en Austria para cursos de idiomas a distancia de 16 \u00f3 20 horas semanales hasta un m\u00e1ximo de 12 meses.<\/p>\n<div class=\"wp-block-buttons\">\n<div class=\"wp-block-button is-style-arrow-link\"><a class=\"wp-block-button__link\" href=\"https:\/\/www.elebe.at\/es\/cursos\/espanol-online-bildungskarenz-austria\/\">Leer m\u00e1s&#8230;<\/a><\/div>\n<\/div>\n","protected":false},"featured_media":17465,"template":"","meta":{"_acf_changed":false},"product_cat":[1384],"product_tag":[125,184],"class_list":{"0":"post-1692","1":"product","2":"type-product","3":"status-publish","4":"has-post-thumbnail","6":"product_cat-bildungskarenz-es","7":"product_tag-empresas","8":"product_tag-intensivo","9":"pa_duracion-1-mes","10":"pa_duracion-10-meses","11":"pa_duracion-11-meses","12":"pa_duracion-12-meses","13":"pa_duracion-2-meses","14":"pa_duracion-3-meses","15":"pa_duracion-4-meses","16":"pa_duracion-5-meses","17":"pa_duracion-6-meses","18":"pa_duracion-7-meses","19":"pa_duracion-8-meses","20":"pa_duracion-9-meses","21":"pa_fecha-de-inicio-abril-2026","22":"pa_fecha-de-inicio-agosto-2026","23":"pa_fecha-de-inicio-diciembre-2026","24":"pa_fecha-de-inicio-julio-2026","25":"pa_fecha-de-inicio-junio-2026","26":"pa_fecha-de-inicio-mayo-2026","27":"pa_fecha-de-inicio-noviembre-2026","28":"pa_fecha-de-inicio-octubre-2026","29":"pa_fecha-de-inicio-septiembre-2026","30":"pa_nivel-a1","31":"pa_nivel-a1-1","32":"pa_nivel-a1-2","33":"pa_nivel-a2","34":"pa_nivel-a2-1","35":"pa_nivel-a2-2","36":"pa_nivel-b1","37":"pa_nivel-b1-1","38":"pa_nivel-b1-2","39":"pa_nivel-b2","40":"pa_nivel-b2-1","41":"pa_nivel-b2-2","42":"pa_nivel-c1","43":"pa_nivel-c1-1","44":"pa_nivel-c1-2","45":"pa_nivel-inicial-b2-1-2","46":"pa_nivel-inicial-b2-2-2","47":"pa_nivel-inicial-c1-1-2","48":"pa_nivel-inicial-c1-2-2","49":"pa_nivel-inicial-b1-2","50":"pa_nivel-inicial-a1-2","51":"pa_nivel-inicial-a2-2","52":"idioma-espanol","53":"plan-business","54":"plan-cultural","55":"plan-student","56":"plan-teacher","57":"tm-has-options","59":"first","60":"instock","61":"featured","62":"sold-individually","63":"shipping-taxable","64":"purchasable","65":"product-type-variable","66":"has-default-attributes"},"acf":[],"_links":{"self":[{"href":"https:\/\/www.elebe.at\/es\/wp-json\/wp\/v2\/product\/1692","targetHints":{"allow":["GET"]}}],"collection":[{"href":"https:\/\/www.elebe.at\/es\/wp-json\/wp\/v2\/product"}],"about":[{"href":"https:\/\/www.elebe.at\/es\/wp-json\/wp\/v2\/types\/product"}],"wp:featuredmedia":[{"embeddable":true,"href":"https:\/\/www.elebe.at\/es\/wp-json\/wp\/v2\/media\/17465"}],"wp:attachment":[{"href":"https:\/\/www.elebe.at\/es\/wp-json\/wp\/v2\/media?parent=1692"}],"wp:term":[{"taxonomy":"product_cat","embeddable":true,"href":"https:\/\/www.elebe.at\/es\/wp-json\/wp\/v2\/product_cat?post=1692"},{"taxonomy":"product_tag","embeddable":true,"href":"https:\/\/www.elebe.at\/es\/wp-json\/wp\/v2\/product_tag?post=1692"}],"curies":[{"name":"wp","href":"https:\/\/api.w.org\/{rel}","templated":true}]}}