{"id":17619,"date":"2026-01-17T12:11:25","date_gmt":"2026-01-17T11:11:25","guid":{"rendered":"https:\/\/www.elebe.at\/?post_type=product&#038;p=17619"},"modified":"2026-01-20T15:32:31","modified_gmt":"2026-01-20T14:32:31","slug":"espanol-b2-en-viena-o-online-copia","status":"publish","type":"product","link":"https:\/\/www.elebe.at\/es\/cursos\/espanol-b2-en-viena-o-online-copia\/","title":{"rendered":"Espa\u00f1ol B2 en Viena"},"content":{"rendered":"<h2>Curso de espa\u00f1ol Nivel B2 en Viena<\/h2>\n<h3>Kurse ab im M\u00e4rz 2026<\/h3>\n<ul>\n<li>B2.1 con Irene<br \/>\nLunes de 9:00 a 10:50 h &#8211; 28 UE<br \/>\nDel 9 de marzo al 29 de junio de 2026<br \/>\nLibro: Con Gusto nuevo B2 a partir de la lecci\u00f3n 4<\/li>\n<li>B2 Conversaci\u00f3n con Silvia<br \/>\nJueves de 17:30 a 19:20 h &#8211; 28 UE<br \/>\nDel 5 de marzo al 25 de junio de 2026<br \/>\n\u00a1Este grupo aprende sin libro!<\/li>\n<\/ul>\n<p>\u00a1Ya te est\u00e1s acercando al nivel m\u00e1s alto del espa\u00f1ol! Casi dominas el idioma de Cervantes y te ayudaremos a seguir mejor\u00e1ndolo, de forma divertida y con nuestros maravillosos profesores nativos.<\/p>\n<p>Nuestros cursos se basan en los contenidos del Marco Com\u00fan Europeo de Referencia para las Lenguas. Este curso avanzado B2 le ayudar\u00e1 a aclarar sus dudas al m\u00e1s alto nivel y a profundizar en sus conocimientos ling\u00fc\u00edsticos. Tratamos textos complejos y ampliamos el vocabulario y la gram\u00e1tica de forma din\u00e1mica y divertida. En este nivel ya puedes entender discursos largos o textos detallados sobre muchos temas; as\u00ed como comunicarte de forma espont\u00e1nea y fluida y mantener una conversaci\u00f3n normal.<\/p>\n<p>Nuestros cursos tienen un m\u00ednimo de cuatro participantes y un m\u00e1ximo de ocho; la calidad del curso es importante.<\/p>\n<p>Aprendemos con un libro moderno y motivador proyectado por el profesor en la pizarra digital, tanto online como presencial, combinado con juegos tradicionales y divertidos. Lo moderno se une a lo tradicional.<\/p>\n<p>El libro se cobra por separado.<\/p>\n<h3><a href=\"https:\/\/www.elebe.at\/es\/?page_id=1371\">Modalidad<\/a>: cursos presenciales en Viena<\/h3>\n<p>Este curso de espa\u00f1ol B2.2 est\u00e1 disponible en la modalidad presencial en Viena. <span style=\"font-size: 1rem;\">Los<\/span><a style=\"background-color: #ffffff; font-size: 1rem;\" href=\"https:\/\/www.elebe.at\/es\/modalidad-curso\/presencial\/\"> cursos presenciales<\/a><span style=\"font-size: 1rem;\"> tienen lugar en nuestras bonitas y acogedoras instalaciones del distrito 2 de Viena, donde nuestros participantes pueden disfrutar de los mejores equipos, como las pizarras digitales<\/span><\/p>\n<p>\u00bfPrefieres aprender online con profe? Consulta este <a href=\"https:\/\/www.elebe.at\/wp-admin\/post.php?post=7909&amp;action=edit&amp;lang=de\">curso B2 online con Lionel<\/a><\/p>\n<p><strong>Subvencionado<br \/>\n<\/strong>Si tu lugar de residencia principal es Viena, puedes beneficiarte de una <a href=\"https:\/\/www.elebe.at\/es\/el-waff-apoya-mi-formacion\/\">subvenci\u00f3n por parte del WAFF <\/a>puesto que elebe ha sido certificada por Wien-cert. Inf\u00f3rmate al respecto antes del inicio del curso:<br \/>\nhttps:\/\/www.waff.at\/foerderungen<\/p>\n","protected":false},"excerpt":{"rendered":"<h4>Cursos de espa\u00f1ol de nivel avanzado B2 en Viena<\/h4>\n<p>Aprende a comprender textos complejos y ampl\u00eda tu vocabulario con un grupo de lo m\u00e1s din\u00e1mico.<\/p>\n<div class=\"wp-block-buttons\">\n<div class=\"wp-block-button is-style-arrow-link\"><a class=\"wp-block-button__link\" href=\"https:\/\/www.elebe.at\/es\/cursos\/espanol-b2-en-viena-o-online-copia\/\">Leer m\u00e1s&#8230;<\/a><\/div>\n<\/div>\n","protected":false},"featured_media":223,"template":"","meta":{"_acf_changed":false},"product_cat":[122],"product_tag":[132,133],"class_list":{"0":"post-17619","1":"product","2":"type-product","3":"status-publish","4":"has-post-thumbnail","6":"product_cat-presencial","7":"product_tag-repaso-y-conversacion","8":"product_tag-semestral","9":"pa_dia-de-la-semana-jueves","10":"pa_dia-de-la-semana-lunes","11":"pa_fecha-de-inicio-marzo-2026","12":"pa_horario-manana-es","13":"pa_horario-noche-es","14":"pa_horario-tarde-es","15":"pa_nivel-b2","16":"pa_nivel-b2-1","17":"pa_nivel-b2-2","18":"pa_nivel-inicial-b2-1-2","19":"pa_nivel-inicial-b2-2-2","20":"pa_profe-irene","21":"pa_profe-silvia-es","22":"idioma-espanol","23":"tm-no-options","25":"first","26":"instock","27":"sold-individually","28":"shipping-taxable","29":"purchasable","30":"product-type-variable"},"acf":[],"_links":{"self":[{"href":"https:\/\/www.elebe.at\/es\/wp-json\/wp\/v2\/product\/17619","targetHints":{"allow":["GET"]}}],"collection":[{"href":"https:\/\/www.elebe.at\/es\/wp-json\/wp\/v2\/product"}],"about":[{"href":"https:\/\/www.elebe.at\/es\/wp-json\/wp\/v2\/types\/product"}],"wp:featuredmedia":[{"embeddable":true,"href":"https:\/\/www.elebe.at\/es\/wp-json\/wp\/v2\/media\/223"}],"wp:attachment":[{"href":"https:\/\/www.elebe.at\/es\/wp-json\/wp\/v2\/media?parent=17619"}],"wp:term":[{"taxonomy":"product_cat","embeddable":true,"href":"https:\/\/www.elebe.at\/es\/wp-json\/wp\/v2\/product_cat?post=17619"},{"taxonomy":"product_tag","embeddable":true,"href":"https:\/\/www.elebe.at\/es\/wp-json\/wp\/v2\/product_tag?post=17619"}],"curies":[{"name":"wp","href":"https:\/\/api.w.org\/{rel}","templated":true}]}}