{"id":17798,"date":"2025-12-17T12:35:52","date_gmt":"2025-12-17T11:35:52","guid":{"rendered":"https:\/\/www.elebe.at\/?post_type=product&#038;p=17798"},"modified":"2026-04-12T15:26:53","modified_gmt":"2026-04-12T13:26:53","slug":"cursos-de-espanol-online-para-la-bildungskarenz-copia-2","status":"publish","type":"product","link":"https:\/\/www.elebe.at\/es\/cursos\/cursos-de-espanol-online-para-la-bildungskarenz-copia-2\/","title":{"rendered":"Curso intensivo de espa\u00f1ol semipresencial con certificado"},"content":{"rendered":"<h2>Curso intensivo de espa\u00f1ol semipresencial &#8211; todos los niveles<\/h2>\n<p>\u00bfTe gustar\u00eda alcanzar el nivel B1 en s\u00f3lo un a\u00f1o, por ejemplo? Entonces el curso superintensivo con 25 clases semanales es ideal para ti. Con este curso aprender\u00e1s espa\u00f1ol de forma r\u00e1pida y eficaz, ganar\u00e1s confianza en el uso del idioma y podr\u00e1s comunicarte con fluidez&#8230; \u00a1en s\u00f3lo un a\u00f1o!<\/p>\n<h3>En caso de una subvenci\u00f3n<\/h3>\n<p>Si te han concedido una subvenci\u00f3n por menos importe, h\u00e1znoslo saber.<\/p>\n<h3>Modalidad:<\/h3>\n<p>Aprendizaje combinado con plataforma de aprendizaje y libros de texto con 25 lecciones online en directo a la semana<\/p>\n<p>A diferencia de otros cursos online, en esta modalidad de aprendizaje no est\u00e1s solo. Un equipo de profesores imparte las clases online y corrige las tareas orales y escritas.<\/p>\n<ul>\n<li>Se requiere una participaci\u00f3n activa y regular en la plataforma electr\u00f3nica elebe.<\/li>\n<li>Ejercicios en l\u00ednea: Entrenamiento en comprensi\u00f3n auditiva y lectora, vocabulario, gram\u00e1tica y pronunciaci\u00f3n.<\/li>\n<li>Entrenador de vocabulario para una ampliaci\u00f3n r\u00e1pida y eficaz del vocabulario.<\/li>\n<li>Tiempos de aprendizaje con v\u00eddeos, presentaciones, b\u00fasquedas en Internet, etc.<\/li>\n<li>Comprobaci\u00f3n de los objetivos de aprendizaje y elaboraci\u00f3n de trabajos escritos y orales.<\/li>\n<li>Tras superar el examen, certificado al final de cada nivel; niveles A1, A2, B1, B2 y C1 seg\u00fan el MCER (Marco Com\u00fan Europeo de Referencia para las Lenguas).<\/li>\n<\/ul>\n<h3>\u00bfTe gustar\u00eda aprender espa\u00f1ol de forma flexible, en l\u00ednea e intensiva?<\/h3>\n<p>\u00a1Entonces has venido al lugar adecuado! Somos una reputada y reconocida escuela de espa\u00f1ol en Viena que colabora con la AMS desde 2011.\u00a0 Adem\u00e1s, elebe figura en la lista de\u00a0 <a href=\"https:\/\/www.waff.at\/anerkannte-bildungstraeger\/\">academias reconocidas por el WAFF<\/a>, lo que significa que se puede solicitar una subvenci\u00f3n para nuestros cursos.\u00a0 elebe tambi\u00e9n cuenta con la <a href=\"https:\/\/oe-cert.at\/qualitaetsanbieter\/\">certificaci\u00f3n nacional \u00f6-cert<\/a> y coopera con el AMS: <a href=\"https:\/\/www.weiterbildungsdatenbank.at\/institute-detail\/38113#:~:text=elebe%20-%20mehr%20als%20Spanisch%20Spanischinstitut.%20Spanisch%20lernen\">Listado de academias del AMS<\/a>.<\/p>\n<p>\u00bfQu\u00e9 nos diferencia de las dem\u00e1s academias?<\/p>\n<ul>\n<li>Nuestra <b>propia plataforma de aprendizaje en l\u00ednea<\/b> est\u00e1 dise\u00f1ada para ser variada e interesante y est\u00e1 gestionada por un equipo de Espa\u00f1a y Latinoam\u00e9rica.<\/li>\n<li>Aunque aprendas en l\u00ednea, sentir\u00e1s que recibes el mejor apoyo personalizado.<\/li>\n<li>Adem\u00e1s, constantemente se desarrollan nuevos contenidos actualizados, variados y creativos, que cubren todas las destrezas: leer, escribir, hablar, escuchar&#8230; S\u00ed, has le\u00eddo bien, \u00a1incluso expresi\u00f3n oral!<\/li>\n<li><b>Contenidos profesionales<\/b> y cursos de calidad que permiten el tiempo necesario para el aprendizaje garantizan el \u00e9xito. Contenidos propios de aprendizaje, con posibilidad de adaparlos a grupos de empresas.<\/li>\n<li><b>Flexibilidad:<\/b> Horarios de aprendizaje flexibles y tambi\u00e9n fechas flexibles, porque las fechas de inicio y fin son personalizadas.<\/li>\n<li><b>A medida<\/b>: Es posible acceder a cualquier nivel, desde A1 hasta C1.<\/li>\n<li><b>Con certificado<\/b>: Al final de cada nivel hay un examen para obtener un certificado.<\/li>\n<\/ul>\n<h4>Lo que m\u00e1s aprecian quienes conocen nuestros cursos<\/h4>\n<ul>\n<li><b>A medida<\/b>: Est\u00e9s en el extranjero o en Austria, \u00a1no hay problema! En la plataforma de aprendizaje en l\u00ednea \u00abCaramba\u00bb, propia de elebe, podr\u00e1s aprender en cualquier momento y desde cualquier lugar.<\/li>\n<li>Combinaci\u00f3n de libro y plataforma en l\u00ednea. \u00bfPor qu\u00e9 reinventar la rueda cuando ya existen los mejores m\u00e9todos de aprendizaje en el mercado?<\/li>\n<li><b>Eficaz<\/b>: Aprendizaje aut\u00f3nomo, pero bajo supervisi\u00f3n, para que puedas alcanzar tus objetivos.<\/li>\n<li><b>Alta calidad: <\/b>Profesorado motivado de Espa\u00f1a y Latinoam\u00e9rica para ayudarte: Te dan feedback regularmente, responden a tus preguntas y corrigen tus tareas. \u00a1Comunicaci\u00f3n directa posible a trav\u00e9s de foros!<\/li>\n<\/ul>\n<h4>C\u00f3mo seguir<\/h4>\n<ul>\n<li><b>Matric\u00falate directamente <\/b>o<a href=\"https:\/\/www.elebe.at\/es\/cursos-indice\/online-bildungskarenz-es\/\"> solicita un presupuesto para su aprobaci\u00f3n <\/a>con m\u00e1s informaci\u00f3n. No olvides poner tu fecha de comienzo.<\/li>\n<\/ul>\n<h3>Webinarios con profesorado con horario a elegir por la ma\u00f1ana o por la tarde<\/h3>\n<ul>\n<li>Cuando te registras, creas una cuenta de usuario. Esto le da acceso a la plataforma y autom\u00e1ticamente le da acceso a los seminarios web en directo.<\/li>\n<li><font color=\"#FF0000\">Novedad<\/font>: Bloques de 5 horas de webinarios o workinarios, de lunes a viernes, de 8 a 13 h o de 14 a 19h.<\/li>\n<li>El tipo de webinarios puede variar dependiendo del nivel del curso y del n\u00famero de estudiantes. Pueden ser con profesor en clase o en formato de aprendizaje aut\u00f3nomo con profesor live.<br \/>\nNaturalmente, preferimos que los webinarios sean clases live reales donde se presenta un tema con una presentaci\u00f3n y se proponen actividades comunicativas para los estudiantes.<\/li>\n<\/ul>\n<p>Atenci\u00f3n, al registrarte aceptas <a style=\"font-size: 1rem; background-color: #ffffff;\" href=\"https:\/\/www.elebe.at\/es\/terminos-y-condiciones\/\">las condiciones generales de la empresa<\/a><span style=\"font-size: 1rem;\">.<\/span><\/p>\n","protected":false},"excerpt":{"rendered":"<h3 class=\"\" data-start=\"117\" data-end=\"178\">Curso de espa\u00f1ol intensivo combinado &#8211; todos los niveles (A1-C1)<\/h3>\n<p>Aprende espa\u00f1ol online &#8211; intensivo, flexible y con apoyo personalizado de profesores nativos de Espa\u00f1a y Latinoam\u00e9rica<\/p>\n<p>Combinaci\u00f3n de plataforma online, libros de texto y webinars en directo<\/p>\n<p>\u00bfTe gustar\u00eda alcanzar el nivel B1 en s\u00f3lo un a\u00f1o, por ejemplo? Entonces este curso superintensivo combinado con 25 clases en directo a la semana es perfecto para ti. Fechas de inicio flexibles.<\/p>\n<div class=\"wp-block-buttons\">\n<div class=\"wp-block-button is-style-arrow-link\"><a class=\"wp-block-button__link\" href=\"https:\/\/www.elebe.at\/es\/cursos\/cursos-de-espanol-online-para-la-bildungskarenz-copia-2\/\">Leer m\u00e1s&#8230;<\/a><\/div>\n<\/div>\n","protected":false},"featured_media":17850,"template":"","meta":{"_acf_changed":false},"product_cat":[123],"product_tag":[504,125,184,508],"class_list":{"0":"post-17798","1":"product","2":"type-product","3":"status-publish","4":"has-post-thumbnail","6":"product_cat-semipresencial","7":"product_tag-cursos-destacados","8":"product_tag-empresas","9":"product_tag-intensivo","10":"product_tag-subvencionado","11":"pa_duracion-12-meses","12":"pa_nivel-a1","13":"pa_nivel-a1-1","14":"pa_nivel-a1-2","15":"pa_nivel-a2","16":"pa_nivel-a2-1","17":"pa_nivel-a2-2","18":"pa_nivel-b1","19":"pa_nivel-b1-1","20":"pa_nivel-b1-2","21":"pa_nivel-b2","22":"pa_nivel-b2-1","23":"pa_nivel-b2-2","24":"pa_nivel-c1","25":"pa_nivel-c1-1","26":"pa_nivel-c1-2","27":"pa_nivel-inicial-b2-1-2","28":"pa_nivel-inicial-c1-1-2","29":"pa_nivel-inicial-b1-2","30":"pa_nivel-inicial-a1-2","31":"pa_nivel-inicial-a2-2","32":"idioma-espanol","33":"plan-business","34":"plan-cultural","35":"plan-student","36":"plan-teacher","37":"plan-welcome","38":"tm-has-options","40":"first","41":"outofstock","42":"sold-individually","43":"shipping-taxable","44":"purchasable","45":"product-type-variable"},"acf":[],"_links":{"self":[{"href":"https:\/\/www.elebe.at\/es\/wp-json\/wp\/v2\/product\/17798","targetHints":{"allow":["GET"]}}],"collection":[{"href":"https:\/\/www.elebe.at\/es\/wp-json\/wp\/v2\/product"}],"about":[{"href":"https:\/\/www.elebe.at\/es\/wp-json\/wp\/v2\/types\/product"}],"wp:featuredmedia":[{"embeddable":true,"href":"https:\/\/www.elebe.at\/es\/wp-json\/wp\/v2\/media\/17850"}],"wp:attachment":[{"href":"https:\/\/www.elebe.at\/es\/wp-json\/wp\/v2\/media?parent=17798"}],"wp:term":[{"taxonomy":"product_cat","embeddable":true,"href":"https:\/\/www.elebe.at\/es\/wp-json\/wp\/v2\/product_cat?post=17798"},{"taxonomy":"product_tag","embeddable":true,"href":"https:\/\/www.elebe.at\/es\/wp-json\/wp\/v2\/product_tag?post=17798"}],"curies":[{"name":"wp","href":"https:\/\/api.w.org\/{rel}","templated":true}]}}