{"id":18258,"date":"2025-06-18T11:53:54","date_gmt":"2025-06-18T09:53:54","guid":{"rendered":"https:\/\/www.elebe.at\/?post_type=product&#038;p=18258"},"modified":"2025-06-18T12:10:56","modified_gmt":"2025-06-18T10:10:56","slug":"espanol-online-avanzado-verano","status":"publish","type":"product","link":"https:\/\/www.elebe.at\/es\/cursos\/espanol-online-avanzado-verano\/","title":{"rendered":"online Espa\u00f1ol para avanzados B1.2\/B2.1"},"content":{"rendered":"<h4>Curso de conversaci\u00f3n en l\u00ednea con profe &#8211; nivel B1.2\/B2.1<\/h4>\n<p><b>8 lecciones de 55 minutos cada una en julio de 2025<\/b><\/p>\n<p>\u00a1Ya te est\u00e1s acercando al nivel m\u00e1s alto del espa\u00f1ol! Casi dominas el idioma de Cervantes y te ayudaremos a seguir mejor\u00e1ndolo, de forma divertida y con nuestros maravillosos profesores nativos.<\/p>\n<p>Nuestros cursos se basan en los contenidos del Marco Com\u00fan Europeo de Referencia para las Lenguas. Este curso avanzado B2 le ayudar\u00e1 a aclarar sus dudas al m\u00e1s alto nivel y a profundizar en sus conocimientos ling\u00fc\u00edsticos. Tratamos textos complejos y ampliamos el vocabulario y la gram\u00e1tica de forma din\u00e1mica y divertida. En este nivel ya puedes entender discursos largos o textos detallados sobre muchos temas; as\u00ed como comunicarte de forma espont\u00e1nea y fluida y mantener una conversaci\u00f3n normal.<\/p>\n<p>Nuestros cursos tienen un m\u00ednimo de cuatro participantes y un m\u00e1ximo de ocho; la calidad del curso es importante.<\/p>\n<h3><a href=\"https:\/\/www.elebe.at\/es\/?page_id=1371\">Modalidad<\/a>: curso online con profe<\/h3>\n<p>Atenci\u00f3n, los pagos desde el extranjero (no UE) pueden tener condiciones diferentes, por favor inf\u00f3rmese antes de reservar. Por ejemplo, los estudiantes de Suiza tienen que pagar 3,50 euros m\u00e1s por reserva.<\/p>\n<ul>\n<li>Lunes de 18:00 &#8211; 20:50<br \/>\nDel 7 al 28 de julio de 2025<\/li>\n<\/ul>\n<p><strong>Subvencionado<br \/>\n<\/strong>Si tu lugar de residencia principal es Viena, puede beneficiarse de una <a href=\"https:\/\/www.elebe.at\/waff-foerderungen-fuer-weiterbildung\/\">subvenci\u00f3n por parte del WAFF <\/a>puesto que elebe ha sido certificada por Wien-cert. Inf\u00f3rmate al respecto antes del inicio del curso:<br \/>\nhttps:\/\/www.waff.at\/foerderungen<\/p>\n","protected":false},"excerpt":{"rendered":"<h4>Curso de conversaci\u00f3n de espa\u00f1ol para nivel avanzado online<\/h4>\n<p>Ampl\u00eda tu vocabulario con un grupo de lo m\u00e1s din\u00e1mico.<\/p>\n<div class=\"wp-block-buttons\">\n<div class=\"wp-block-button is-style-arrow-link\"><a class=\"wp-block-button__link\" href=\"https:\/\/www.elebe.at\/es\/cursos\/espanol-online-avanzado-verano\/\">Leer m\u00e1s&#8230;<\/a><\/div>\n<\/div>\n","protected":false},"featured_media":223,"template":"","meta":{"_acf_changed":false},"product_cat":[121],"product_tag":[132],"class_list":{"0":"post-18258","1":"product","2":"type-product","3":"status-publish","4":"has-post-thumbnail","6":"product_cat-online-con-profe","7":"product_tag-repaso-y-conversacion","8":"pa_dia-de-la-semana-lunes","9":"pa_horario-noche-es","10":"pa_horario-tarde-es","11":"pa_nivel-b1-2","12":"pa_nivel-b2","13":"pa_nivel-b2-1","14":"pa_nivel-b2-2","15":"pa_nivel-inicial-b2-1-2","16":"pa_nivel-inicial-b2-2-2","17":"pa_nivel-inicial-b1-2","18":"plan-business","19":"plan-cultural","20":"plan-student","21":"plan-teacher","22":"tm-no-options","24":"first","25":"instock","26":"sold-individually","27":"shipping-taxable","28":"purchasable","29":"product-type-variable"},"acf":[],"_links":{"self":[{"href":"https:\/\/www.elebe.at\/es\/wp-json\/wp\/v2\/product\/18258","targetHints":{"allow":["GET"]}}],"collection":[{"href":"https:\/\/www.elebe.at\/es\/wp-json\/wp\/v2\/product"}],"about":[{"href":"https:\/\/www.elebe.at\/es\/wp-json\/wp\/v2\/types\/product"}],"wp:featuredmedia":[{"embeddable":true,"href":"https:\/\/www.elebe.at\/es\/wp-json\/wp\/v2\/media\/223"}],"wp:attachment":[{"href":"https:\/\/www.elebe.at\/es\/wp-json\/wp\/v2\/media?parent=18258"}],"wp:term":[{"taxonomy":"product_cat","embeddable":true,"href":"https:\/\/www.elebe.at\/es\/wp-json\/wp\/v2\/product_cat?post=18258"},{"taxonomy":"product_tag","embeddable":true,"href":"https:\/\/www.elebe.at\/es\/wp-json\/wp\/v2\/product_tag?post=18258"}],"curies":[{"name":"wp","href":"https:\/\/api.w.org\/{rel}","templated":true}]}}