{"id":18965,"date":"2025-12-23T10:22:31","date_gmt":"2025-12-23T09:22:31","guid":{"rendered":"https:\/\/www.elebe.at\/?post_type=product&#038;p=18965"},"modified":"2025-12-26T11:02:10","modified_gmt":"2025-12-26T10:02:10","slug":"curso-de-prueba-e-learning-espanol-copia","status":"publish","type":"product","link":"https:\/\/www.elebe.at\/es\/cursos\/curso-de-prueba-e-learning-espanol-copia\/","title":{"rendered":"Curso de iniciaci\u00f3n al espa\u00f1ol A1"},"content":{"rendered":"<h2>Curso de iniciaci\u00f3n al espa\u00f1ol A1<\/h2>\n<p>Sin conocimientos previos o como curso para refrescar conocimientos<br \/>\nEn este curso podr\u00e1s aprender lo b\u00e1sico para desenvolverte en un pa\u00eds hispanohablante. En tu casa, tranquilamente, aprender\u00e1s de forma l\u00fadica y divertida con actividades interactivas para practicar hablar, escuchar y aprender vocabulario y gram\u00e1tica, sin libro, \u00fanicamente con el acceso a la plataforma a un precio econ\u00f3mico.<\/p>\n<p>\u00bfNo te apetece o no tienes tiempo para asistir a un curso de espa\u00f1ol despu\u00e9s del trabajo? \u00bfY no quieres aprender espa\u00f1ol t\u00fa solo? Ya no es un problema, porque nuestros cursos en formato e-learning ofrecen lo siguiente:<\/p>\n<ol>\n<li>Flexibilidad: cu\u00e1ndo y d\u00f3nde quieras. \u00a1Fecha de inicio posible en cualquier momento!<\/li>\n<li>A tu propio ritmo<\/li>\n<li>No necesita clases presenciales ni en l\u00ednea con docente<\/li>\n<\/ol>\n<h3>Contenidos del curso<\/h3>\n<p>\u2022 Presentarse, pedir y dar informaci\u00f3n personal<br \/>\n\u2022 Saludar y despedirse<br \/>\n\u2022 Describir f\u00edsicamente a personas<br \/>\n\u2022 Pa\u00edses y ciudades<br \/>\n\u2022 El clima y la geograf\u00eda de un pa\u00eds<br \/>\n\u2022 Gustos e intenciones<br \/>\n\u2022 Rutina<br \/>\n\u2022 La hora<br \/>\n\u2022 En la ciudad<br \/>\n\u2022 En el restaurante<br \/>\n\u2022 De tiendas<br \/>\n\u2022 Experiencias en pasado<\/p>\n<p>\u00bfQuieres hacer un curso m\u00e1s largo, tutorizado por nuestro equipo de profesorado, con libro y m\u00e1s gram\u00e1tica y actividades de escritura? Tenemos todos los niveles, desde A1 hasta C1.\u00a0 Toda la informaci\u00f3n sobre estos cursos en este enlace: <a href=\"https:\/\/www.elebe.at\/cursos\/e-learning-online-lernen\/\">https:\/\/www.elebe.at\/es\/cursos\/espanol-online\/\u00a0 <\/a><\/p>\n<p>El aprendizaje en l\u00ednea puede complementarse con clases presenciales en elebe o en un aula virtual con docente.<\/p>\n<h4>Despu\u00e9s de registrarte<\/h4>\n<p>\u00a1Atenci\u00f3n! Tu curso en l\u00ednea estar\u00e1 disponible en la parte inferior de la p\u00e1gina de inicio \u00abMis cursos en l\u00ednea\u00bb en cuanto confirmemos su pedido.<\/p>\n","protected":false},"excerpt":{"rendered":"<p>Jetzt ist der richtige Zeitpunkt, um auf einfache und kosteng\u00fcnstige Weise Spanisch zu lernen.<\/p>\n<div class=\"wp-block-buttons\">\n<div class=\"wp-block-button is-style-arrow-link\"><a class=\"wp-block-button__link\" href=\"https:\/\/www.elebe.at\/es\/cursos\/curso-de-prueba-e-learning-espanol-copia\/\">Leer m\u00e1s&#8230;<\/a><\/div>\n<\/div>\n","protected":false},"featured_media":13747,"template":"","meta":{"_acf_changed":false},"product_cat":[15],"product_tag":[504],"class_list":{"0":"post-18965","1":"product","2":"type-product","3":"status-publish","4":"has-post-thumbnail","6":"product_cat-e-learning","7":"product_tag-cursos-destacados","8":"pa_fecha-de-inicio-abril-2026","9":"pa_fecha-de-inicio-agosto-2026","10":"pa_fecha-de-inicio-diciembre-2026","11":"pa_fecha-de-inicio-julio-2026","12":"pa_fecha-de-inicio-junio-2026","13":"pa_fecha-de-inicio-mayo-2026","14":"pa_fecha-de-inicio-noviembre-2026","15":"pa_fecha-de-inicio-octubre-2026","16":"pa_fecha-de-inicio-septiembre-2026","17":"pa_horario-libre-es","18":"pa_nivel-a1","19":"pa_nivel-a1-1","20":"pa_nivel-a1-2","21":"pa_nivel-inicial-a1-2","22":"idioma-espanol","23":"plan-cultural","24":"tm-no-options","26":"first","27":"instock","28":"sold-individually","29":"shipping-taxable","30":"purchasable","31":"product-type-variable"},"acf":[],"_links":{"self":[{"href":"https:\/\/www.elebe.at\/es\/wp-json\/wp\/v2\/product\/18965","targetHints":{"allow":["GET"]}}],"collection":[{"href":"https:\/\/www.elebe.at\/es\/wp-json\/wp\/v2\/product"}],"about":[{"href":"https:\/\/www.elebe.at\/es\/wp-json\/wp\/v2\/types\/product"}],"wp:featuredmedia":[{"embeddable":true,"href":"https:\/\/www.elebe.at\/es\/wp-json\/wp\/v2\/media\/13747"}],"wp:attachment":[{"href":"https:\/\/www.elebe.at\/es\/wp-json\/wp\/v2\/media?parent=18965"}],"wp:term":[{"taxonomy":"product_cat","embeddable":true,"href":"https:\/\/www.elebe.at\/es\/wp-json\/wp\/v2\/product_cat?post=18965"},{"taxonomy":"product_tag","embeddable":true,"href":"https:\/\/www.elebe.at\/es\/wp-json\/wp\/v2\/product_tag?post=18965"}],"curies":[{"name":"wp","href":"https:\/\/api.w.org\/{rel}","templated":true}]}}