{"id":20169,"date":"2026-05-15T11:27:34","date_gmt":"2026-05-15T09:27:34","guid":{"rendered":"https:\/\/www.elebe.at\/cursos\/curso-de-conversacion-con-series\/"},"modified":"2026-05-15T11:27:34","modified_gmt":"2026-05-15T09:27:34","slug":"curso-de-conversacion-con-series","status":"publish","type":"product","link":"https:\/\/www.elebe.at\/es\/cursos\/curso-de-conversacion-con-series\/","title":{"rendered":"Curso de conversaci\u00f3n con series"},"content":{"rendered":"<h2>Aprende espa\u00f1ol con series<\/h2>\n<p>Con este curso mejorar\u00e1s tu espa\u00f1ol de forma divertida; aprender\u00e1s vocabulario que no aparece en los libros de texto a trav\u00e9s de una serie espa\u00f1ola moderna y adictiva.<br \/>\nConoceremos a los personajes, veremos escenas juntos y comentaremos temas candentes relacionados con la serie. Se recomienda tener un nivel avanzado B2.<\/p>\n<p>El 4 de junio no hay clase porque es festivo.<\/p>\n<p>\u00a1Plazas limitadas!<\/p>\n","protected":false},"excerpt":{"rendered":"<p>Un curso corto de conversaci\u00f3n en espa\u00f1ol de 4 d\u00edas en el que conocer\u00e1s una famosa serie de Espa\u00f1a y hablar\u00e1s sobre ella.<\/p>\n<div class=\"wp-block-buttons\">\n<div class=\"wp-block-button is-style-arrow-link\"><a class=\"wp-block-button__link\" href=\"https:\/\/www.elebe.at\/es\/cursos\/curso-de-conversacion-con-series\/\">Leer m\u00e1s&#8230;<\/a><\/div>\n<\/div>\n","protected":false},"featured_media":0,"template":"","meta":{"_acf_changed":false},"product_cat":[1389,122],"product_tag":[132],"class_list":{"0":"post-20169","1":"product","2":"type-product","3":"status-publish","5":"product_cat-conversacion","6":"product_cat-presencial","7":"product_tag-repaso-y-conversacion","8":"pa_fecha-de-inicio-junio-2026","9":"pa_fecha-de-inicio-mayo-2026","10":"pa_horario-noche-es","11":"pa_horario-tarde-es","12":"pa_nivel-b1-2","13":"pa_nivel-b2","14":"pa_nivel-b2-1","15":"pa_nivel-b2-2","16":"pa_nivel-c1","17":"pa_nivel-c1-1","18":"pa_nivel-c1-2","19":"pa_nivel-inicial-b2-1-2","20":"pa_nivel-inicial-b2-2-2","21":"pa_nivel-inicial-c1-1-2","22":"pa_nivel-inicial-c1-2-2","23":"idioma-espanol","24":"plan-cultural","25":"plan-student","26":"tm-no-options","28":"first","29":"instock","30":"sold-individually","31":"shipping-taxable","32":"purchasable","33":"product-type-variable"},"acf":[],"_links":{"self":[{"href":"https:\/\/www.elebe.at\/es\/wp-json\/wp\/v2\/product\/20169","targetHints":{"allow":["GET"]}}],"collection":[{"href":"https:\/\/www.elebe.at\/es\/wp-json\/wp\/v2\/product"}],"about":[{"href":"https:\/\/www.elebe.at\/es\/wp-json\/wp\/v2\/types\/product"}],"wp:attachment":[{"href":"https:\/\/www.elebe.at\/es\/wp-json\/wp\/v2\/media?parent=20169"}],"wp:term":[{"taxonomy":"product_cat","embeddable":true,"href":"https:\/\/www.elebe.at\/es\/wp-json\/wp\/v2\/product_cat?post=20169"},{"taxonomy":"product_tag","embeddable":true,"href":"https:\/\/www.elebe.at\/es\/wp-json\/wp\/v2\/product_tag?post=20169"}],"curies":[{"name":"wp","href":"https:\/\/api.w.org\/{rel}","templated":true}]}}