{"id":510,"date":"2026-03-05T16:14:27","date_gmt":"2026-03-05T15:14:27","guid":{"rendered":"https:\/\/www.elebe.at\/?post_type=product&#038;p=510"},"modified":"2026-03-06T14:39:49","modified_gmt":"2026-03-06T13:39:49","slug":"espanol-online","status":"publish","type":"product","link":"https:\/\/www.elebe.at\/es\/cursos\/espanol-online\/","title":{"rendered":"Espa\u00f1ol online A1-C1"},"content":{"rendered":"<h2>E-Learning en elebe:\u00a0 cursos de espa\u00f1ol online tutorizado &#8211; todos los niveles<\/h2>\n<h3>No son necesarias clases presenciales &#8211; Comienzo posible en todo momento<\/h3>\n<p>Como el e-learning cl\u00e1sico pero mucho mejor, \u00a1supervisado por profes de elebe proveniendes de Espa\u00f1a y Latinoam\u00e9rica! Aprendizaje independiente online, pero con la ayuda de un tutor para asegurar el \u00e9xito. Aprende de forma independiente en la plataforma de elebe, de forma flexible e individualizada en el momento que quieras, sabiendo que los profesores nativos corregir\u00e1n tus tareas, tanto en forma escrita como en audio.<\/p>\n<h4>e-Learning: aprendizaje flexible del espa\u00f1ol en l\u00ednea con el apoyo del equipo de profes de elebe<br \/>\nNiveles A1-A2-B1-B2.1-B2.2-C1.1-C1.2<\/h4>\n<p>Lo mejor de este curso de espa\u00f1ol online es precisamente eso, que es flexible. El cl\u00e1sico aprendizaje electr\u00f3nico, pero s\u00f3lo mejor, es decir, \u00a1supervisado! Aprendizaje online independiente pero con la ayuda de un tutor para asegurar el \u00e9xito. Aprende de forma independiente en la plataforma de aprendizaje elebe, de forma flexible e individual en el momento que elijas, con la certeza de que los profesores nativos corregir\u00e1n tus tareas, tanto escritas como de audio. En contacto directo con el profesor que ha creado el contenido de la plataforma, obtienes un apoyo individual y a medida. \u00a1Fecha de inicio posible en cualquier momento!<\/p>\n<p>En contacto directo con los profesores que crean la plataforma, recibir\u00e1 un apoyo individual y personalizado. La fecha de inicio es posible en cualquier momento.<br \/>\nEl aprendizaje en l\u00ednea puede complementarse con lecciones en vivo en elebe, o en un aula virtual con docente.<\/p>\n<h4>Curso de espa\u00f1ol online 100%<\/h4>\n<p>No se requieren clases presenciales- Es flexible, vamos, que puedes empezar en cualquier momento<br \/>\nPuedes empezar en cualquier momento, \u00bfhoy o mejor ma\u00f1ana? T\u00fa decides. Una vez al mes hay una reuni\u00f3n por videoconferencia para conocer a los participantes que iniciar\u00e1n el curso de espa\u00f1ol contigo. De este modo, conoces gente, a pesar de tratrase de una modalidad de e-learning, y te motivas para aprender porque te encuentras con estas personas una y otra vez en los foros o en las salas virtuales.\u00bfPrefieres estudiar intensamente? \u00a1Ve a por ello! Tienes 12 meses de acceso, pero por supuesto, \u00a1puedes hacer un curso intensivo!<\/p>\n<p>El precio es v\u00e1lido para un nivel o subnivel: A1, A2, B1, B2.1, B2.2, C1.1, C1.2 durante 12 meses<\/p>\n<p><strong>Precio<\/strong>: 390.- \u20ac<\/p>\n<p>El libro se adquirir\u00e1 por separado.<\/p>\n<p>&nbsp;<\/p>\n","protected":false},"excerpt":{"rendered":"<p>\u00bfSiempre has querido aprender espa\u00f1ol pero nunca has encontrado el momento adecuado? Ahora ya no hay excusas. Con los cursos de espa\u00f1ol online de elebe, puedes aprender a tu propio ritmo y de forma flexible. Si es un curso intensivo o de un a\u00f1o de duraci\u00f3n, depende de ti. Tienes 360 d\u00edas para completar un nivel. \u00a1Tenemos todos los niveles, desde el A1 hasta el C1!<\/p>\n<div class=\"wp-block-buttons\">\n<div class=\"wp-block-button is-style-arrow-link\"><a class=\"wp-block-button__link\" href=\"https:\/\/www.elebe.at\/es\/cursos\/espanol-online\/\">Leer m\u00e1s&#8230;<\/a><\/div>\n<\/div>\n","protected":false},"featured_media":17527,"template":"","meta":{"_acf_changed":false},"product_cat":[15],"product_tag":[504,125,576,184,132],"class_list":{"0":"post-510","1":"product","2":"type-product","3":"status-publish","4":"has-post-thumbnail","6":"product_cat-e-learning","7":"product_tag-cursos-destacados","8":"product_tag-empresas","9":"product_tag-inmersion","10":"product_tag-intensivo","11":"product_tag-repaso-y-conversacion","12":"pa_fecha-de-inicio-abril-2026","13":"pa_fecha-de-inicio-agosto-2026","14":"pa_fecha-de-inicio-diciembre-2026","15":"pa_fecha-de-inicio-julio-2026","16":"pa_fecha-de-inicio-junio-2026","17":"pa_fecha-de-inicio-mayo-2026","18":"pa_fecha-de-inicio-noviembre-2026","19":"pa_fecha-de-inicio-octubre-2026","20":"pa_fecha-de-inicio-septiembre-2026","21":"pa_horario-libre-es","22":"pa_nivel-a1","23":"pa_nivel-a1-1","24":"pa_nivel-a1-2","25":"pa_nivel-a2","26":"pa_nivel-a2-1","27":"pa_nivel-a2-2","28":"pa_nivel-b1","29":"pa_nivel-b1-1","30":"pa_nivel-b1-2","31":"pa_nivel-b2","32":"pa_nivel-b2-1","33":"pa_nivel-b2-2","34":"pa_nivel-c1","35":"pa_nivel-c1-1","36":"pa_nivel-c1-2","37":"pa_nivel-inicial-b2-1-2","38":"pa_nivel-inicial-b2-2-2","39":"pa_nivel-inicial-c1-1-2","40":"pa_nivel-inicial-c1-2-2","41":"pa_nivel-inicial-b1-2","42":"pa_nivel-inicial-a1-2","43":"pa_nivel-inicial-a2-2","44":"idioma-espanol","45":"plan-business","46":"plan-cultural","47":"plan-student","48":"plan-teacher","49":"plan-welcome","50":"tm-no-options","52":"first","53":"instock","54":"sold-individually","55":"shipping-taxable","56":"purchasable","57":"product-type-variable"},"acf":[],"_links":{"self":[{"href":"https:\/\/www.elebe.at\/es\/wp-json\/wp\/v2\/product\/510","targetHints":{"allow":["GET"]}}],"collection":[{"href":"https:\/\/www.elebe.at\/es\/wp-json\/wp\/v2\/product"}],"about":[{"href":"https:\/\/www.elebe.at\/es\/wp-json\/wp\/v2\/types\/product"}],"wp:featuredmedia":[{"embeddable":true,"href":"https:\/\/www.elebe.at\/es\/wp-json\/wp\/v2\/media\/17527"}],"wp:attachment":[{"href":"https:\/\/www.elebe.at\/es\/wp-json\/wp\/v2\/media?parent=510"}],"wp:term":[{"taxonomy":"product_cat","embeddable":true,"href":"https:\/\/www.elebe.at\/es\/wp-json\/wp\/v2\/product_cat?post=510"},{"taxonomy":"product_tag","embeddable":true,"href":"https:\/\/www.elebe.at\/es\/wp-json\/wp\/v2\/product_tag?post=510"}],"curies":[{"name":"wp","href":"https:\/\/api.w.org\/{rel}","templated":true}]}}