{"id":545,"date":"2026-02-09T09:00:38","date_gmt":"2026-02-09T08:00:38","guid":{"rendered":"https:\/\/www.elebe.at\/?post_type=product&#038;p=545"},"modified":"2026-04-12T16:42:44","modified_gmt":"2026-04-12T14:42:44","slug":"tarjeta-regalo","status":"publish","type":"product","link":"https:\/\/www.elebe.at\/es\/cursos\/tarjeta-regalo\/","title":{"rendered":"Tarjeta regalo de espa\u00f1ol"},"content":{"rendered":"<p><span style=\"font-weight: 400;\"><b>\u00bfSe acerca una fecha especial y todav\u00eda no tienes regalo?<\/b> En elebe tenemos la soluci\u00f3n perfecta para quienes aman el espa\u00f1ol. Sorprende a esa persona especial con un vale regalo, ideal para un curso de espa\u00f1ol o un taller de tapas.<\/span><\/p>\n<p><span style=\"font-weight: 400;\"><b>C\u00f3mo funciona:<\/b> <\/span><\/p>\n<p><span style=\"font-weight: 400;\">Elige el importe del vale o una experiencia concreta (un curso o un taller de tapas), paga c\u00f3modamente online y recibe el vale digital al instante por correo electr\u00f3nico, listo para imprimir y regalar. La persona que reciba el regalo podr\u00e1 canjearlo de forma flexible al reservar su curso.<b> \u00a1Sencillamente un regalazo!<\/b><\/span><\/p>\n","protected":false},"excerpt":{"rendered":"<p>\u00bfSe acerca una fecha especial y todav\u00eda no tienes regalo? En elebe tenemos la soluci\u00f3n perfecta para quienes [&#8230;]<\/p>\n<div class=\"wp-block-buttons\">\n<div class=\"wp-block-button is-style-arrow-link\"><a class=\"wp-block-button__link\" href=\"https:\/\/www.elebe.at\/es\/cursos\/tarjeta-regalo\/\">Leer m\u00e1s&#8230;<\/a><\/div>\n<\/div>\n","protected":false},"featured_media":12950,"template":"","meta":{"_acf_changed":false},"product_cat":[183],"product_tag":[130,504,125,576,127,132,133,134],"class_list":{"0":"post-545","1":"product","2":"type-product","3":"status-publish","4":"has-post-thumbnail","6":"product_cat-actividad-extra","7":"product_tag-particulares","8":"product_tag-cursos-destacados","9":"product_tag-empresas","10":"product_tag-inmersion","11":"product_tag-mensual","12":"product_tag-repaso-y-conversacion","13":"product_tag-semestral","14":"product_tag-semiintensivo","15":"idioma-espanol","16":"idioma-ingles","17":"plan-business","18":"plan-cultural","19":"plan-student","20":"plan-teacher","21":"plan-welcome","22":"tm-no-options","24":"first","25":"instock","26":"featured","27":"sold-individually","28":"shipping-taxable","29":"purchasable","30":"product-type-pw-gift-card"},"acf":[],"_links":{"self":[{"href":"https:\/\/www.elebe.at\/es\/wp-json\/wp\/v2\/product\/545","targetHints":{"allow":["GET"]}}],"collection":[{"href":"https:\/\/www.elebe.at\/es\/wp-json\/wp\/v2\/product"}],"about":[{"href":"https:\/\/www.elebe.at\/es\/wp-json\/wp\/v2\/types\/product"}],"wp:featuredmedia":[{"embeddable":true,"href":"https:\/\/www.elebe.at\/es\/wp-json\/wp\/v2\/media\/12950"}],"wp:attachment":[{"href":"https:\/\/www.elebe.at\/es\/wp-json\/wp\/v2\/media?parent=545"}],"wp:term":[{"taxonomy":"product_cat","embeddable":true,"href":"https:\/\/www.elebe.at\/es\/wp-json\/wp\/v2\/product_cat?post=545"},{"taxonomy":"product_tag","embeddable":true,"href":"https:\/\/www.elebe.at\/es\/wp-json\/wp\/v2\/product_tag?post=545"}],"curies":[{"name":"wp","href":"https:\/\/api.w.org\/{rel}","templated":true}]}}