{"id":8141,"date":"2026-04-12T10:05:44","date_gmt":"2026-04-12T08:05:44","guid":{"rendered":"https:\/\/www.elebe.at\/cursos\/paella-tapas-espanol-viena\/"},"modified":"2026-04-12T17:06:04","modified_gmt":"2026-04-12T15:06:04","slug":"paella-tapas-espanol-viena","status":"publish","type":"product","link":"https:\/\/www.elebe.at\/es\/cursos\/paella-tapas-espanol-viena\/","title":{"rendered":"Taller de tapas"},"content":{"rendered":"<h2>Talleres de tapas en Viena: cocina, espa\u00f1ol y diversi\u00f3n en uno<\/h2>\n<p><b>\u00a1Una experiencia gastron\u00f3mica y cultural que no querr\u00e1s perderte!<\/b><\/p>\n<p>Nuestros talleres de tapas son el plan perfecto tanto para ti como para tus amistades o familiares. A diferencia de un curso de cocina tradicional, aqu\u00ed no solo aprender\u00e1s a preparar deliciosas tapas, sino que tambi\u00e9n practicar\u00e1s espa\u00f1ol mientras disfrutas de un ambiente relajado y divertido.<\/p>\n<h3>Detalles del taller:<\/h3>\n<ul>\n<li>Precio: 100 \u20ac\/persona<\/li>\n<li>Incluye comida y tres bebidas a elegir (cerveza, vino o zumo) durante el taller<\/li>\n<li>Dirigido a personas adultas y menores acompa\u00f1ados.<\/li>\n<li>Horario: s\u00e1bado a las 10:00, viernes a las 16:00<\/li>\n<\/ul>\n<p>Atenci\u00f3n: \u00a1Puedes participar en nuestros talleres aunque no sepas espa\u00f1ol!<br \/>Los talleres se imparten en espa\u00f1ol y tienen un ambiente aut\u00e9ntico: te sentir\u00e1s como si estuvieras en el extranjero.<br \/>\u00bfNo tienes conocimientos previos? \u00a1No hay problema! Selecciona el nivel A1 en el formulario e ind\u00edcalo en el campo \u00abComentarios\u00bb.<\/p>\n<h3>Tapas en el taller de abril:<\/h3>\n<ul>\n<li>Mejillones al vapor<\/li>\n<li>Gambas al ajillo<\/li>\n<li>Calamares a la plancha<\/li>\n<li>Tortilla de patata<\/li>\n<li>Pan con tomate<\/li>\n<li>Pimiento asado<\/li>\n<li>Queso<\/li>\n<li>Alioli<\/li>\n<li>\u00a1Y turr\u00f3n de primera calidad!<br \/>\u00a1Nos reservamos el derecho a hacer alguna variaci\u00f3n por motivos de log\u00edstica!<\/li>\n<\/ul>\n","protected":false},"excerpt":{"rendered":"<p><br data-mce-bogus=\"1\"><\/p>\n<div class=\"wp-block-buttons\">\n<div class=\"wp-block-button is-style-arrow-link\"><a class=\"wp-block-button__link\" href=\"https:\/\/www.elebe.at\/es\/cursos\/paella-tapas-espanol-viena\/\">Leer m\u00e1s&#8230;<\/a><\/div>\n<\/div>\n","protected":false},"featured_media":19057,"template":"","meta":{"_acf_changed":false},"product_cat":[183,122],"product_tag":[576,132],"class_list":{"0":"post-8141","1":"product","2":"type-product","3":"status-publish","4":"has-post-thumbnail","6":"product_cat-actividad-extra","7":"product_cat-presencial","8":"product_tag-inmersion","9":"product_tag-repaso-y-conversacion","10":"pa_fecha-de-inicio-abril-2026","11":"pa_fecha-de-inicio-mayo-2026","12":"pa_horario-manana-es","13":"pa_horario-tarde-es","14":"pa_nivel-a1","15":"pa_nivel-a1-1","16":"pa_nivel-a1-2","17":"pa_nivel-a2","18":"pa_nivel-a2-1","19":"pa_nivel-a2-2","20":"pa_nivel-b1","21":"pa_nivel-b1-1","22":"pa_nivel-b1-2","23":"pa_nivel-b2","24":"pa_nivel-b2-1","25":"pa_nivel-b2-2","26":"pa_nivel-c1","27":"pa_nivel-c1-1","28":"pa_nivel-c1-2","29":"pa_nivel-inicial-b2-1-2","30":"pa_nivel-inicial-b2-2-2","31":"pa_nivel-inicial-c1-1-2","32":"pa_nivel-inicial-c1-2-2","33":"pa_nivel-inicial-b1-2","34":"pa_nivel-inicial-a1-2","35":"pa_nivel-inicial-a2-2","36":"idioma-espanol","37":"plan-business","38":"plan-cultural","39":"plan-student","40":"plan-teacher","41":"plan-welcome","42":"tm-no-options","44":"first","45":"instock","46":"sold-individually","47":"shipping-taxable","48":"purchasable","49":"product-type-variable"},"acf":[],"_links":{"self":[{"href":"https:\/\/www.elebe.at\/es\/wp-json\/wp\/v2\/product\/8141","targetHints":{"allow":["GET"]}}],"collection":[{"href":"https:\/\/www.elebe.at\/es\/wp-json\/wp\/v2\/product"}],"about":[{"href":"https:\/\/www.elebe.at\/es\/wp-json\/wp\/v2\/types\/product"}],"wp:featuredmedia":[{"embeddable":true,"href":"https:\/\/www.elebe.at\/es\/wp-json\/wp\/v2\/media\/19057"}],"wp:attachment":[{"href":"https:\/\/www.elebe.at\/es\/wp-json\/wp\/v2\/media?parent=8141"}],"wp:term":[{"taxonomy":"product_cat","embeddable":true,"href":"https:\/\/www.elebe.at\/es\/wp-json\/wp\/v2\/product_cat?post=8141"},{"taxonomy":"product_tag","embeddable":true,"href":"https:\/\/www.elebe.at\/es\/wp-json\/wp\/v2\/product_tag?post=8141"}],"curies":[{"name":"wp","href":"https:\/\/api.w.org\/{rel}","templated":true}]}}