{"id":8977,"date":"2026-03-23T10:34:15","date_gmt":"2026-03-23T09:34:15","guid":{"rendered":"https:\/\/www.elebe.at\/cursos\/espanol-jovenes-viena\/"},"modified":"2025-03-14T12:05:01","modified_gmt":"2025-03-14T11:05:01","slug":"espanol-jovenes-viena","status":"publish","type":"product","link":"https:\/\/www.elebe.at\/es\/cursos\/espanol-jovenes-viena\/","title":{"rendered":"Espa\u00f1ol para j\u00f3venes en Viena"},"content":{"rendered":"<p><strong>Espa\u00f1ol &#8211; Grupos de aprendizaje para j\u00f3venes <\/strong><strong style=\"font-size: 1rem;\">en Viena<\/strong><\/p>\n<p>Los intereses, las formas de aprender y de pensar de los j\u00f3venes no son los mismos que los de los adultos, por no hablar del componente social. Es f\u00e1cil hacer amigos en un curso de espa\u00f1ol. Por eso recomendamos a los j\u00f3venes que aprendan espa\u00f1ol en cursos especialmente dise\u00f1ados para ellos en Viena.<\/p>\n<p><strong>Todos los niveles A1-A2-B1<\/strong><\/p>\n<p>Desde el nivel A1.1, principiantes con ligeros conocimientos previos, hasta el nivel intermedio B1.\u00a0 Son clases de dos horas con grupos a partir de 4 personas y m\u00e1ximo 8. El pago se realiza por adelantado mediante transferencia bancaria.<\/p>\n<p><strong>Ideal para j\u00f3venes que quieren aprender y aprobar espa\u00f1ol.<\/strong><\/p>\n<p>\u00bfEst\u00e1s estudiando espa\u00f1ol en tu instituto de Viena pero necesitas ayuda con los deberes, o simplemente quieres aprender espa\u00f1ol, hablar m\u00e1s y divertirte con otros compa\u00f1eros motivados? En elebe hablar\u00e1s espa\u00f1ol desde el principio, con actividades divertidas y comunicativas adecuadas a la edad de los alumnos, en torno a los 13-18 a\u00f1os.<\/p>\n<p>Aprendemos sin libro, con nuestro propio material, con juegos, canciones&#8230;. \u00a1Queremos motivarte para que aprendas de una forma l\u00fadica!<\/p>\n<p><strong>Modalidad: presencial en grupos reducidos\u00a0<\/strong><\/p>\n<p>En elebe creemos que tiene m\u00e1s sentido que los j\u00f3venes aprendan espa\u00f1ol con regularidad para tener una buena base que estudiar durante horas a corto plazo s\u00f3lo para aprobar un trabajo escolar. Porque esto no s\u00f3lo es mejor para el nivel del idioma, sino tambi\u00e9n m\u00e1s econ\u00f3mico para los padres. Por lo tanto, los cursos para j\u00f3venes en Viena tienen lugar durante el a\u00f1o escolar como cursos semestrales: de octubre a enero y de marzo a junio. Acabamos de fijar el horario, pero hay otras horas disponibles. No dude en ponerse en contacto con nosotros si no encuentra el curso adecuado. Somos muy flexibles.<\/p>\n<p>Estos cursos se centran en la comunicaci\u00f3n: hablar, describir, consolidar el vocabulario&#8230;. de forma din\u00e1mica y divertida con profesores nativos de Espa\u00f1a o Am\u00e9rica Latina.\u00a0 \u00bfQuieres conocer al <a href=\"https:\/\/www.elebe.at\/team\/\"><strong>equipo de elebe<\/strong><\/a>?<\/p>\n<p>Durante el curso el curso escolar suele haber grupos de estudio los jueves y viernes por la tarde. Los grupos se formar\u00e1n a partir de octubre seg\u00fan vaya habiendo personas interesadas. Av\u00edsanos si no encuentras el curso adecuado para ti.<\/p>\n","protected":false},"excerpt":{"rendered":"<h3>Curso de espa\u00f1ol para j\u00f3venes en Viena<\/h3>\n<p>En elebe creemos que es mejor formar grupos de estudio y aprender espa\u00f1ol durante el a\u00f1o escolar que aprender s\u00f3lo para aprobar un examen escolar.<\/p>\n<p>&nbsp;<\/p>\n<div class=\"wp-block-buttons\">\n<div class=\"wp-block-button is-style-arrow-link\"><a class=\"wp-block-button__link\" href=\"https:\/\/www.elebe.at\/es\/cursos\/espanol-jovenes-viena\/\">Leer m\u00e1s&#8230;<\/a><\/div>\n<\/div>\n","protected":false},"featured_media":169,"template":"","meta":{"_acf_changed":false},"product_cat":[122],"product_tag":[1526,132],"class_list":{"0":"post-8977","1":"product","2":"type-product","3":"status-publish","4":"has-post-thumbnail","6":"product_cat-presencial","7":"product_tag-jovenes","8":"product_tag-repaso-y-conversacion","9":"pa_dia-de-la-semana-de-lunes-a-viernes","10":"pa_dia-de-la-semana-martes","11":"pa_dia-de-la-semana-viernes","12":"pa_fecha-de-inicio-abril-2026","13":"pa_fecha-de-inicio-mayo-2026","14":"pa_horario-manana-es","15":"pa_horario-tarde-es","16":"pa_nivel-a1","17":"pa_nivel-a1-1","18":"pa_nivel-a1-2","19":"pa_nivel-a2-1","20":"pa_nivel-a2-2","21":"pa_nivel-b1","22":"pa_nivel-b1-1","23":"pa_nivel-b1-2","24":"pa_nivel-inicial-b1-2","25":"pa_nivel-inicial-a1-2","26":"pa_nivel-inicial-a2-2","27":"idioma-espanol","28":"plan-student","29":"tm-no-options","31":"first","32":"instock","33":"sold-individually","34":"shipping-taxable","35":"purchasable","36":"product-type-variable"},"acf":[],"_links":{"self":[{"href":"https:\/\/www.elebe.at\/es\/wp-json\/wp\/v2\/product\/8977","targetHints":{"allow":["GET"]}}],"collection":[{"href":"https:\/\/www.elebe.at\/es\/wp-json\/wp\/v2\/product"}],"about":[{"href":"https:\/\/www.elebe.at\/es\/wp-json\/wp\/v2\/types\/product"}],"wp:featuredmedia":[{"embeddable":true,"href":"https:\/\/www.elebe.at\/es\/wp-json\/wp\/v2\/media\/169"}],"wp:attachment":[{"href":"https:\/\/www.elebe.at\/es\/wp-json\/wp\/v2\/media?parent=8977"}],"wp:term":[{"taxonomy":"product_cat","embeddable":true,"href":"https:\/\/www.elebe.at\/es\/wp-json\/wp\/v2\/product_cat?post=8977"},{"taxonomy":"product_tag","embeddable":true,"href":"https:\/\/www.elebe.at\/es\/wp-json\/wp\/v2\/product_tag?post=8977"}],"curies":[{"name":"wp","href":"https:\/\/api.w.org\/{rel}","templated":true}]}}