{"id":9832,"date":"2026-03-05T14:11:49","date_gmt":"2026-03-05T13:11:49","guid":{"rendered":"https:\/\/www.elebe.at\/?post_type=product&#038;p=9832"},"modified":"2025-03-14T10:15:45","modified_gmt":"2025-03-14T09:15:45","slug":"espanol-online-bildungsteilzeit","status":"publish","type":"product","link":"https:\/\/www.elebe.at\/es\/cursos\/espanol-online-bildungsteilzeit\/","title":{"rendered":"Cursos de espa\u00f1ol online para Bildungsteilzeit"},"content":{"rendered":"<h2>10 horas semanales &#8211; Cursos online de espa\u00f1ol para tu Bildungsteilzeit en Austria<\/h2>\n<p>Cursos de espa\u00f1ol en l\u00ednea en la plataforma propia de elebe 100% optimizada para la Bildungsteilzeit en Austria. Actual, profesional, motivadora, con contenidos actuales y variados que abarcan todas las destrezas: leer, escribir, escuchar y hablar. El profesorado de elebe procedente de Espa\u00f1a y Latinoam\u00e9rica corrige las tareas y aclara tus dudas.<br \/>\nTrabajamos con el AMS desde el a\u00f1o 2011. Somos una academia seria y conocida en Viena, inscrita en la C\u00e1mara de Comercio de Austria.<\/p>\n<h3>10 horas semanales de aprendizaje a distancia con 4 de ellas en webinarios live con profesorado nativo<\/h3>\n<ul>\n<li>Los cursos online de espa\u00f1ol de elebe est\u00e1n 100% reconocidos por el AMS y cubren todas las destrezas: leer, escribir, escuchar, hablar e interactuar.\u00a0S\u00ed, has le\u00eddo correctamente, tambi\u00e9n se practica la expresi\u00f3n oral<\/li>\n<li>Todos los niveles, desde A1 a C1 y m\u00e1s. elebe te acompa\u00f1a hasta donde quieras, por el tiempo que quieras, entre dos y doce meses. Cada nivel tiene una duraci\u00f3n diferente, seg\u00fan su dificultad. Para garantizar el aprendizaje del espa\u00f1ol, cuanto m\u00e1s avanzado es el nivel, m\u00e1s tiempo se tiene para hacer el curso. Contenidos profesionales y cursos de calidad, que dan el tiempo necesario para el aprendizaje, garantizan el \u00e9xito.<\/li>\n<li><b>A tu medida:<\/b> Haz un <a href=\"https:\/\/einstufungstests.klett-sprachen.de\/eks\/Spanisch-A1-B1\/\">test de nivel<\/a> para saber cu\u00e1l es el adecuado para ti.<\/li>\n<li><b>Individual<\/b>: aprendizaje independiente del tiempo y del lugar en la propia\u00a0plataforma de aprendizaje en l\u00ednea de elebe \u00abCaramba\u00bb.\u00a0Constantemente se desarrollan nuevos contenidos actualizados.<\/li>\n<li>Combinaci\u00f3n de libro y plataforma en l\u00ednea Cada nivel tiene una duraci\u00f3n diferente, seg\u00fan su dificultad. Para garantizar el aprendizaje del espa\u00f1ol, cuanto m\u00e1s avanzado es el nivel, m\u00e1s tiempo se tiene para hacer el curso.<br \/>\n<b><\/b><\/li>\n<li><b>Efectivo<\/b>: auto-estudio, pero bajo supervisi\u00f3n, para que alcances tus objetivos.<\/li>\n<li>Horarios de aprendizaje flexibles y tambi\u00e9n fechas flexibles, porque la fecha de inicio y fin es individual. \u00a1En cualquier momento, cualquier d\u00eda!<\/li>\n<li>Profes motivados para ayudarte: Te dan informaci\u00f3n regularmente, responden a tus preguntas y corrigen tus tareas &#8211; \u00a1la comunicaci\u00f3n directa es posible!<\/li>\n<li><b>Econ\u00f3mico<\/b>: El precio es para el nivel estipulado previamente.\u00a0 Los libros de texto necesarios est\u00e1n incluidos en el precio.<\/li>\n<li>Asimismo, todos los estudiantes de elebe tienen la oportunidad de recibir una <b>beca<\/b> por valor de 510.- \u20ac para hacer un curso intensivo de espa\u00f1ol en Espa\u00f1a durante dos semanas. S\u00f3lo tienen que pedirla y se la concedemos. \u00a1Sin sorteo!<\/li>\n<\/ul>\n<p>Haz clic aqu\u00ed para obtener m\u00e1s informaci\u00f3n o para solicitar un <a href=\"https:\/\/www.elebe.at\/es\/cursos-indice\/online-bildungskarenz-es\/\">presupuesto para tu curso de espa\u00f1ol online para tu <i>Bildungsteilzeit<\/i>,<\/a> o si ya lo tienes, matric\u00falate directamente.<br \/>\nEn el momento de la inscripci\u00f3n se generar\u00e1 una factura autom\u00e1ticamente que debes ser abonada previamente para recibir el certificado de matr\u00edcula necesario para el AMS.<\/p>\n<p>Al inscribirte se crea una cuenta de usuario. Esto te dar\u00e1 acceso a la plataforma y autom\u00e1ticamente te dar\u00e1 acceso al curso A1, donde tiene lugar la reuni\u00f3n online para conocerse antes del comienzo del curso.<\/p>\n","protected":false},"excerpt":{"rendered":"<h3>Curso de espa\u00f1ol en l\u00ednea para Bildungsteilzeit<\/h3>\n<p>Curso de espa\u00f1ol en la plataforma de aprendizaje propia de elebe, tutorizado por el equipo de la academia, profesorado nativo de Espa\u00f1a y Lationam\u00e9rica.<\/p>\n<p>Subvenciones en Austria para cursos de idiomas a distancia de 10 horas semanales hasta un m\u00e1ximo de 24 meses<\/p>\n<div class=\"wp-block-buttons\">\n<div class=\"wp-block-button is-style-arrow-link\"><a class=\"wp-block-button__link\" href=\"https:\/\/www.elebe.at\/es\/cursos\/espanol-online-bildungsteilzeit\/\">Leer m\u00e1s&#8230;<\/a><\/div>\n<\/div>\n","protected":false},"featured_media":9914,"template":"","meta":{"_acf_changed":false},"product_cat":[1384,15],"product_tag":[504,125,184,508],"class_list":{"0":"post-9832","1":"product","2":"type-product","3":"status-publish","4":"has-post-thumbnail","6":"product_cat-bildungskarenz-es","7":"product_cat-e-learning","8":"product_tag-cursos-destacados","9":"product_tag-empresas","10":"product_tag-intensivo","11":"product_tag-subvencionado","12":"pa_fecha-de-inicio-abril-2026","13":"pa_fecha-de-inicio-agosto-2026","14":"pa_fecha-de-inicio-diciembre-2026","15":"pa_fecha-de-inicio-julio-2026","16":"pa_fecha-de-inicio-junio-2026","17":"pa_fecha-de-inicio-marzo-2026","18":"pa_fecha-de-inicio-mayo-2026","19":"pa_fecha-de-inicio-noviembre-2026","20":"pa_fecha-de-inicio-octubre-2026","21":"pa_fecha-de-inicio-septiembre-2026","22":"pa_nivel-a1","23":"pa_nivel-a1-1","24":"pa_nivel-a1-2","25":"pa_nivel-a2","26":"pa_nivel-a2-1","27":"pa_nivel-a2-2","28":"pa_nivel-b1","29":"pa_nivel-b1-1","30":"pa_nivel-b1-2","31":"pa_nivel-b2","32":"pa_nivel-b2-1","33":"pa_nivel-b2-2","34":"pa_nivel-c1","35":"pa_nivel-c1-1","36":"pa_nivel-c1-2","37":"pa_nivel-inicial-b2-1-2","38":"pa_nivel-inicial-b2-2-2","39":"pa_nivel-inicial-c1-1-2","40":"pa_nivel-inicial-c1-2-2","41":"pa_nivel-inicial-b1-2","42":"pa_nivel-inicial-a1-2","43":"pa_nivel-inicial-a2-2","44":"idioma-espanol","45":"plan-business","46":"plan-cultural","47":"plan-student","48":"tm-has-options","50":"first","51":"instock","52":"sold-individually","53":"shipping-taxable","54":"purchasable","55":"product-type-variable"},"acf":[],"_links":{"self":[{"href":"https:\/\/www.elebe.at\/es\/wp-json\/wp\/v2\/product\/9832","targetHints":{"allow":["GET"]}}],"collection":[{"href":"https:\/\/www.elebe.at\/es\/wp-json\/wp\/v2\/product"}],"about":[{"href":"https:\/\/www.elebe.at\/es\/wp-json\/wp\/v2\/types\/product"}],"wp:featuredmedia":[{"embeddable":true,"href":"https:\/\/www.elebe.at\/es\/wp-json\/wp\/v2\/media\/9914"}],"wp:attachment":[{"href":"https:\/\/www.elebe.at\/es\/wp-json\/wp\/v2\/media?parent=9832"}],"wp:term":[{"taxonomy":"product_cat","embeddable":true,"href":"https:\/\/www.elebe.at\/es\/wp-json\/wp\/v2\/product_cat?post=9832"},{"taxonomy":"product_tag","embeddable":true,"href":"https:\/\/www.elebe.at\/es\/wp-json\/wp\/v2\/product_tag?post=9832"}],"curies":[{"name":"wp","href":"https:\/\/api.w.org\/{rel}","templated":true}]}}